{"id":201,"date":"2023-03-30T08:41:11","date_gmt":"2023-03-30T08:41:11","guid":{"rendered":"https:\/\/mavaloom.com\/?page_id=201"},"modified":"2023-05-04T17:37:46","modified_gmt":"2023-05-04T16:37:46","slug":"o-mnie","status":"publish","type":"page","link":"https:\/\/mavaloom.com\/en\/o-mnie\/","title":{"rendered":"About"},"content":{"rendered":"<h2 class=\"wp-block-heading\">Who am I?<\/h2>\n\n\n\n<div class=\"wp-block-columns is-layout-flex wp-container-core-columns-is-layout-9d6595d7 wp-block-columns-is-layout-flex\">\n<div class=\"wp-block-column is-layout-flow wp-block-column-is-layout-flow\" style=\"flex-basis:33.33%\">\n<figure class=\"wp-block-gallery has-nested-images columns-default is-cropped wp-block-gallery-1 is-layout-flex wp-block-gallery-is-layout-flex\">\n<figure class=\"wp-block-image size-large is-style-rounded\"><img loading=\"lazy\" decoding=\"async\" width=\"1024\" height=\"1024\" data-id=\"482\" src=\"https:\/\/mavaloom.com\/wp-content\/uploads\/2023\/04\/IMG_20230415_130234-1024x1024.jpg\" alt=\"\" class=\"wp-image-482\" srcset=\"https:\/\/mavaloom.com\/wp-content\/uploads\/2023\/04\/IMG_20230415_130234-1024x1024.jpg 1024w, https:\/\/mavaloom.com\/wp-content\/uploads\/2023\/04\/IMG_20230415_130234-300x300.jpg 300w, https:\/\/mavaloom.com\/wp-content\/uploads\/2023\/04\/IMG_20230415_130234-150x150.jpg 150w, https:\/\/mavaloom.com\/wp-content\/uploads\/2023\/04\/IMG_20230415_130234-768x768.jpg 768w, https:\/\/mavaloom.com\/wp-content\/uploads\/2023\/04\/IMG_20230415_130234-1536x1536.jpg 1536w, https:\/\/mavaloom.com\/wp-content\/uploads\/2023\/04\/IMG_20230415_130234-2048x2048.jpg 2048w, https:\/\/mavaloom.com\/wp-content\/uploads\/2023\/04\/IMG_20230415_130234-12x12.jpg 12w, https:\/\/mavaloom.com\/wp-content\/uploads\/2023\/04\/IMG_20230415_130234-1140x1140.jpg 1140w, https:\/\/mavaloom.com\/wp-content\/uploads\/2023\/04\/IMG_20230415_130234-920x920.jpg 920w, https:\/\/mavaloom.com\/wp-content\/uploads\/2023\/04\/IMG_20230415_130234-575x575.jpg 575w, https:\/\/mavaloom.com\/wp-content\/uploads\/2023\/04\/IMG_20230415_130234-380x380.jpg 380w, https:\/\/mavaloom.com\/wp-content\/uploads\/2023\/04\/IMG_20230415_130234-420x420.jpg 420w, https:\/\/mavaloom.com\/wp-content\/uploads\/2023\/04\/IMG_20230415_130234-800x800.jpg 800w, https:\/\/mavaloom.com\/wp-content\/uploads\/2023\/04\/IMG_20230415_130234-100x100.jpg 100w\" sizes=\"auto, (max-width: 1024px) 100vw, 1024px\" \/><\/figure>\n<\/figure>\n<\/div>\n\n\n\n<div class=\"wp-block-column is-layout-flow wp-block-column-is-layout-flow\" style=\"flex-basis:66.66%\">\n<div style=\"height:5px\" aria-hidden=\"true\" class=\"wp-block-spacer\"><\/div>\n\n\n\n<p>My name is Magdalena Walaszek, I have woven my first scarf in 2020. You can find me in social media as MAVA Loom. An architect by training, wife of a wounderful husband, mom of a little tornado and a cat mom of two night furies. I like board games, films, analogue photographs, cuddling cats and coffee with cake.<\/p>\n\n\n\n<p>Since I first came to the weaving world, it never stops to amaze me. What I love about it, is that it engages various senses. I can touch each texture, see how the yarn absorbes the dyes, the colours mix and blend, feel the smell. But what I think I love the most, is that weaving combines beauty and utility, each wrap lives its own life and every textile that came of the loom can be used.<br>I find inspiration everywhere, there\u2019s not a single day that I don\u2019t imagine how something I have just seen would look like on my loom. I like to create concepts, in which every thread is there for a reason and the wrap tells a story with a beginning and an ending. And sometimes I just like to play with weaving, texture and yarn.<\/p>\n<\/div>\n<\/div>\n\n\n\n<h2 class=\"wp-block-heading has-text-align-left\">What I do?<\/h2>\n\n\n\n<p class=\"has-text-align-left\">I handweave on a multi-shaft loom as well as hand dye the yarn I use for weaving. The process takes a lot of time and patience, as I start my work with raw, natty yarn to make it into the final scarf or shawl that will wrap you up.<\/p>\n\n\n\n<div class=\"wp-block-columns is-layout-flex wp-container-core-columns-is-layout-9d6595d7 wp-block-columns-is-layout-flex\">\n<div class=\"wp-block-column is-layout-flow wp-block-column-is-layout-flow\" style=\"flex-basis:20%\">\n<figure class=\"wp-block-image size-large is-style-rounded\"><a href=\"https:\/\/mavaloom.com\/wp-content\/uploads\/2023\/05\/IMG_9101-scaled-e1683193986190.jpg\"><img loading=\"lazy\" decoding=\"async\" width=\"1024\" height=\"1024\" src=\"https:\/\/mavaloom.com\/wp-content\/uploads\/2023\/05\/IMG_9101-scaled-e1683193986190-1024x1024.jpg\" alt=\"\" class=\"wp-image-704\" srcset=\"https:\/\/mavaloom.com\/wp-content\/uploads\/2023\/05\/IMG_9101-scaled-e1683193986190-1024x1024.jpg 1024w, https:\/\/mavaloom.com\/wp-content\/uploads\/2023\/05\/IMG_9101-scaled-e1683193986190-300x300.jpg 300w, https:\/\/mavaloom.com\/wp-content\/uploads\/2023\/05\/IMG_9101-scaled-e1683193986190-150x150.jpg 150w, https:\/\/mavaloom.com\/wp-content\/uploads\/2023\/05\/IMG_9101-scaled-e1683193986190-768x768.jpg 768w, https:\/\/mavaloom.com\/wp-content\/uploads\/2023\/05\/IMG_9101-scaled-e1683193986190-1536x1536.jpg 1536w, https:\/\/mavaloom.com\/wp-content\/uploads\/2023\/05\/IMG_9101-scaled-e1683193986190-12x12.jpg 12w, https:\/\/mavaloom.com\/wp-content\/uploads\/2023\/05\/IMG_9101-scaled-e1683193986190-1140x1139.jpg 1140w, https:\/\/mavaloom.com\/wp-content\/uploads\/2023\/05\/IMG_9101-scaled-e1683193986190-920x919.jpg 920w, https:\/\/mavaloom.com\/wp-content\/uploads\/2023\/05\/IMG_9101-scaled-e1683193986190-575x575.jpg 575w, https:\/\/mavaloom.com\/wp-content\/uploads\/2023\/05\/IMG_9101-scaled-e1683193986190-380x380.jpg 380w, https:\/\/mavaloom.com\/wp-content\/uploads\/2023\/05\/IMG_9101-scaled-e1683193986190-420x420.jpg 420w, https:\/\/mavaloom.com\/wp-content\/uploads\/2023\/05\/IMG_9101-scaled-e1683193986190-800x800.jpg 800w, https:\/\/mavaloom.com\/wp-content\/uploads\/2023\/05\/IMG_9101-scaled-e1683193986190-100x100.jpg 100w, https:\/\/mavaloom.com\/wp-content\/uploads\/2023\/05\/IMG_9101-scaled-e1683193986190.jpg 1708w\" sizes=\"auto, (max-width: 1024px) 100vw, 1024px\" \/><\/a><\/figure>\n<\/div>\n\n\n\n<div class=\"wp-block-column is-layout-flow wp-block-column-is-layout-flow\" style=\"flex-basis:80%\">\n<p>Each warp, that means threads, that I wind on the loom, is made from undyed natural yarn, which I am winding, that is, I measure the right amount and length of thread. The warp, depending on whether it is for scarves or shawls and slings, can have between 400 and even 1,000 threads, each thread at least a few metres long, making many kilometres of yarn, all of which passes through my fingers first, as measuring the warp is also a manual job.<\/p>\n<\/div>\n<\/div>\n\n\n\n<div class=\"wp-block-columns is-layout-flex wp-container-core-columns-is-layout-9d6595d7 wp-block-columns-is-layout-flex\">\n<div class=\"wp-block-column is-layout-flow wp-block-column-is-layout-flow\" style=\"flex-basis:80%\">\n<p class=\"has-text-align-right\">Once I have measured the correct amount and length of thread, I move on to the next stage of the work, the dyeing. I use high-quality textile dyes, which only require commonly available and environmentally safe reagents. The dyeing process makes each fabric unique, as it is not possible to replicate the exact colour distribution or achieve the same shades every time, so you can be sure that your product is one of a kind.<\/p>\n<\/div>\n\n\n\n<div class=\"wp-block-column is-layout-flow wp-block-column-is-layout-flow\" style=\"flex-basis:20%\">\n<figure class=\"wp-block-image size-large is-style-rounded\"><a href=\"https:\/\/mavaloom.com\/wp-content\/uploads\/2023\/05\/osnowa.png\"><img loading=\"lazy\" decoding=\"async\" width=\"1024\" height=\"1024\" src=\"https:\/\/mavaloom.com\/wp-content\/uploads\/2023\/05\/osnowa-1024x1024.png\" alt=\"\" class=\"wp-image-705\" srcset=\"https:\/\/mavaloom.com\/wp-content\/uploads\/2023\/05\/osnowa-1024x1024.png 1024w, https:\/\/mavaloom.com\/wp-content\/uploads\/2023\/05\/osnowa-300x300.png 300w, https:\/\/mavaloom.com\/wp-content\/uploads\/2023\/05\/osnowa-150x150.png 150w, https:\/\/mavaloom.com\/wp-content\/uploads\/2023\/05\/osnowa-768x768.png 768w, https:\/\/mavaloom.com\/wp-content\/uploads\/2023\/05\/osnowa-12x12.png 12w, https:\/\/mavaloom.com\/wp-content\/uploads\/2023\/05\/osnowa-1140x1140.png 1140w, https:\/\/mavaloom.com\/wp-content\/uploads\/2023\/05\/osnowa-920x920.png 920w, https:\/\/mavaloom.com\/wp-content\/uploads\/2023\/05\/osnowa-575x575.png 575w, https:\/\/mavaloom.com\/wp-content\/uploads\/2023\/05\/osnowa-380x380.png 380w, https:\/\/mavaloom.com\/wp-content\/uploads\/2023\/05\/osnowa-420x420.png 420w, https:\/\/mavaloom.com\/wp-content\/uploads\/2023\/05\/osnowa-800x800.png 800w, https:\/\/mavaloom.com\/wp-content\/uploads\/2023\/05\/osnowa-100x100.png 100w, https:\/\/mavaloom.com\/wp-content\/uploads\/2023\/05\/osnowa.png 1200w\" sizes=\"auto, (max-width: 1024px) 100vw, 1024px\" \/><\/a><\/figure>\n<\/div>\n<\/div>\n\n\n\n<div class=\"wp-block-columns is-layout-flex wp-container-core-columns-is-layout-9d6595d7 wp-block-columns-is-layout-flex\">\n<div class=\"wp-block-column is-layout-flow wp-block-column-is-layout-flow\" style=\"flex-basis:20%\">\n<figure class=\"wp-block-image size-large is-style-rounded\"><a href=\"https:\/\/mavaloom.com\/wp-content\/uploads\/2023\/05\/przewlekanie.png\"><img loading=\"lazy\" decoding=\"async\" width=\"1024\" height=\"1024\" src=\"https:\/\/mavaloom.com\/wp-content\/uploads\/2023\/05\/przewlekanie-1024x1024.png\" alt=\"\" class=\"wp-image-707\" srcset=\"https:\/\/mavaloom.com\/wp-content\/uploads\/2023\/05\/przewlekanie-1024x1024.png 1024w, https:\/\/mavaloom.com\/wp-content\/uploads\/2023\/05\/przewlekanie-300x300.png 300w, https:\/\/mavaloom.com\/wp-content\/uploads\/2023\/05\/przewlekanie-150x150.png 150w, https:\/\/mavaloom.com\/wp-content\/uploads\/2023\/05\/przewlekanie-768x768.png 768w, https:\/\/mavaloom.com\/wp-content\/uploads\/2023\/05\/przewlekanie-1536x1536.png 1536w, https:\/\/mavaloom.com\/wp-content\/uploads\/2023\/05\/przewlekanie-2048x2048.png 2048w, https:\/\/mavaloom.com\/wp-content\/uploads\/2023\/05\/przewlekanie-12x12.png 12w, https:\/\/mavaloom.com\/wp-content\/uploads\/2023\/05\/przewlekanie-1140x1140.png 1140w, https:\/\/mavaloom.com\/wp-content\/uploads\/2023\/05\/przewlekanie-920x920.png 920w, https:\/\/mavaloom.com\/wp-content\/uploads\/2023\/05\/przewlekanie-575x575.png 575w, https:\/\/mavaloom.com\/wp-content\/uploads\/2023\/05\/przewlekanie-380x380.png 380w, https:\/\/mavaloom.com\/wp-content\/uploads\/2023\/05\/przewlekanie-420x420.png 420w, https:\/\/mavaloom.com\/wp-content\/uploads\/2023\/05\/przewlekanie-800x800.png 800w, https:\/\/mavaloom.com\/wp-content\/uploads\/2023\/05\/przewlekanie-100x100.png 100w\" sizes=\"auto, (max-width: 1024px) 100vw, 1024px\" \/><\/a><\/figure>\n<\/div>\n\n\n\n<div class=\"wp-block-column is-layout-flow wp-block-column-is-layout-flow\" style=\"flex-basis:80%\">\n<p>Once the warp is dyed, it is time to put it on the loom. Once wound on the loom, each of the warp threads must be threaded through the heddles properly to create the patterns that are on your fabrics. Yes, each of the hundreds of threads separately. And then a second time, through the so-called reed. Once all the threads are in place, you can move on to preparing the wefts and to the main part - weaving! <\/p>\n<\/div>\n<\/div>\n\n\n\n<div class=\"wp-block-columns is-layout-flex wp-container-core-columns-is-layout-9d6595d7 wp-block-columns-is-layout-flex\">\n<div class=\"wp-block-column is-layout-flow wp-block-column-is-layout-flow\" style=\"flex-basis:80%\">\n<p class=\"has-text-align-right\">At this point, the fabric is formed. The weft, or cross thread, is inserted between the warp threads, one by one, thread by thread, thousands of times, until the desired length is reached. Once the desired length is woven, I cut the finished fabric from the rest of the warp and do the final touches.<\/p>\n<\/div>\n\n\n\n<div class=\"wp-block-column is-layout-flow wp-block-column-is-layout-flow\" style=\"flex-basis:20%\">\n<figure class=\"wp-block-image size-large is-style-rounded\"><a href=\"https:\/\/mavaloom.com\/wp-content\/uploads\/2023\/05\/tkanie.png\"><img loading=\"lazy\" decoding=\"async\" width=\"1024\" height=\"1024\" src=\"https:\/\/mavaloom.com\/wp-content\/uploads\/2023\/05\/tkanie-1024x1024.png\" alt=\"\" class=\"wp-image-708\" srcset=\"https:\/\/mavaloom.com\/wp-content\/uploads\/2023\/05\/tkanie-1024x1024.png 1024w, https:\/\/mavaloom.com\/wp-content\/uploads\/2023\/05\/tkanie-300x300.png 300w, https:\/\/mavaloom.com\/wp-content\/uploads\/2023\/05\/tkanie-150x150.png 150w, https:\/\/mavaloom.com\/wp-content\/uploads\/2023\/05\/tkanie-768x768.png 768w, https:\/\/mavaloom.com\/wp-content\/uploads\/2023\/05\/tkanie-12x12.png 12w, https:\/\/mavaloom.com\/wp-content\/uploads\/2023\/05\/tkanie-1140x1140.png 1140w, https:\/\/mavaloom.com\/wp-content\/uploads\/2023\/05\/tkanie-920x920.png 920w, https:\/\/mavaloom.com\/wp-content\/uploads\/2023\/05\/tkanie-575x575.png 575w, https:\/\/mavaloom.com\/wp-content\/uploads\/2023\/05\/tkanie-380x380.png 380w, https:\/\/mavaloom.com\/wp-content\/uploads\/2023\/05\/tkanie-420x420.png 420w, https:\/\/mavaloom.com\/wp-content\/uploads\/2023\/05\/tkanie-800x800.png 800w, https:\/\/mavaloom.com\/wp-content\/uploads\/2023\/05\/tkanie-100x100.png 100w, https:\/\/mavaloom.com\/wp-content\/uploads\/2023\/05\/tkanie.png 1200w\" sizes=\"auto, (max-width: 1024px) 100vw, 1024px\" \/><\/a><\/figure>\n<\/div>\n<\/div>\n\n\n\n<div class=\"wp-block-columns is-layout-flex wp-container-core-columns-is-layout-9d6595d7 wp-block-columns-is-layout-flex\">\n<div class=\"wp-block-column is-layout-flow wp-block-column-is-layout-flow\" style=\"flex-basis:20%\">\n<figure class=\"wp-block-image size-large is-style-rounded\"><a href=\"https:\/\/mavaloom.com\/wp-content\/uploads\/2023\/05\/gotowe.png\"><img loading=\"lazy\" decoding=\"async\" width=\"1024\" height=\"1024\" src=\"https:\/\/mavaloom.com\/wp-content\/uploads\/2023\/05\/gotowe-1024x1024.png\" alt=\"\" class=\"wp-image-709\" srcset=\"https:\/\/mavaloom.com\/wp-content\/uploads\/2023\/05\/gotowe-1024x1024.png 1024w, https:\/\/mavaloom.com\/wp-content\/uploads\/2023\/05\/gotowe-300x300.png 300w, https:\/\/mavaloom.com\/wp-content\/uploads\/2023\/05\/gotowe-150x150.png 150w, https:\/\/mavaloom.com\/wp-content\/uploads\/2023\/05\/gotowe-768x768.png 768w, https:\/\/mavaloom.com\/wp-content\/uploads\/2023\/05\/gotowe-12x12.png 12w, https:\/\/mavaloom.com\/wp-content\/uploads\/2023\/05\/gotowe-1140x1140.png 1140w, https:\/\/mavaloom.com\/wp-content\/uploads\/2023\/05\/gotowe-920x920.png 920w, https:\/\/mavaloom.com\/wp-content\/uploads\/2023\/05\/gotowe-575x575.png 575w, https:\/\/mavaloom.com\/wp-content\/uploads\/2023\/05\/gotowe-380x380.png 380w, https:\/\/mavaloom.com\/wp-content\/uploads\/2023\/05\/gotowe-420x420.png 420w, https:\/\/mavaloom.com\/wp-content\/uploads\/2023\/05\/gotowe-800x800.png 800w, https:\/\/mavaloom.com\/wp-content\/uploads\/2023\/05\/gotowe-100x100.png 100w, https:\/\/mavaloom.com\/wp-content\/uploads\/2023\/05\/gotowe.png 1200w\" sizes=\"auto, (max-width: 1024px) 100vw, 1024px\" \/><\/a><\/figure>\n<\/div>\n\n\n\n<div class=\"wp-block-column is-layout-flow wp-block-column-is-layout-flow\" style=\"flex-basis:80%\">\n<p>Finishing the fabric includes tidying up the threads, preparing the fringes and any accessories, wet finishing, i.e. washing the fabric, drying and ironing, so each product is ready to use straight out of the package. Shop now!<\/p>\n<\/div>\n<\/div>","protected":false},"excerpt":{"rendered":"<p>Kim jestem? Nazywam si\u0119 Magdalena Walaszek, sw\u00f3j pierwszy szalik utka\u0142am w 2020 roku. Mo\u017cecie mnie znale\u017a\u0107 w mediach spo\u0142eczno\u015bciowych jako MAVA Loom. Z wykszta\u0142cenia architektka, \u017cona wspania\u0142ego m\u0119\u017ca, mama ma\u0142ego [&hellip;]<\/p>\n","protected":false},"author":1,"featured_media":0,"parent":0,"menu_order":0,"comment_status":"closed","ping_status":"closed","template":"","meta":{"content-type":"","footnotes":""},"class_list":["post-201","page","type-page","status-publish","hentry"],"jetpack_sharing_enabled":true,"_links":{"self":[{"href":"https:\/\/mavaloom.com\/en\/wp-json\/wp\/v2\/pages\/201","targetHints":{"allow":["GET"]}}],"collection":[{"href":"https:\/\/mavaloom.com\/en\/wp-json\/wp\/v2\/pages"}],"about":[{"href":"https:\/\/mavaloom.com\/en\/wp-json\/wp\/v2\/types\/page"}],"author":[{"embeddable":true,"href":"https:\/\/mavaloom.com\/en\/wp-json\/wp\/v2\/users\/1"}],"replies":[{"embeddable":true,"href":"https:\/\/mavaloom.com\/en\/wp-json\/wp\/v2\/comments?post=201"}],"version-history":[{"count":12,"href":"https:\/\/mavaloom.com\/en\/wp-json\/wp\/v2\/pages\/201\/revisions"}],"predecessor-version":[{"id":722,"href":"https:\/\/mavaloom.com\/en\/wp-json\/wp\/v2\/pages\/201\/revisions\/722"}],"wp:attachment":[{"href":"https:\/\/mavaloom.com\/en\/wp-json\/wp\/v2\/media?parent=201"}],"curies":[{"name":"wp","href":"https:\/\/api.w.org\/{rel}","templated":true}]}}