{"id":442,"date":"2023-04-12T14:00:19","date_gmt":"2023-04-12T13:00:19","guid":{"rendered":"https:\/\/mavaloom.com\/?page_id=442"},"modified":"2023-04-12T19:38:42","modified_gmt":"2023-04-12T18:38:42","slug":"slownik-tkacki","status":"publish","type":"page","link":"https:\/\/mavaloom.com\/en\/slownik-tkacki\/","title":{"rendered":"Weaving glossary"},"content":{"rendered":"<p>I have prepared a short weaving glossary of some weaving terms. It will be useful for placing custom orders and semi-custom pre-orders.<\/p>\n\n\n\n<h3 class=\"wp-block-heading\"><a id=\"_Toc129772020\">TABLE OF CONTENTS<\/a><\/h3>\n\n\n\n<p><a href=\"#_Toc129772020\">TABLE OF CONTENTS<\/a><br><a href=\"#_Toc129772021\" data-type=\"internal\" data-id=\"#_Toc129772021\">1. WARP<\/a><br><a href=\"#_Toc129772022\">2. WEFT<\/a><br><a href=\"#_Toc129772023\">4. WEAVE (DRAFT)<\/a><br><a href=\"#_Toc129772024\">4. POOLING<\/a><br><a href=\"#_Toc129772025\">5. CLASPED WEFT<\/a><br><a href=\"#_Toc129772026\">6. DECORATIONS<\/a><br><a href=\"#_Toc129772027\">HEMSTITCH<\/a><br><a href=\"#_Toc129772028\">LENO LACE<\/a><br><a href=\"#_Toc129772029\">SOUMAK<\/a><br><a href=\"#_Toc129772030\">FRINGES<\/a><br><a href=\"#_Toc129772031\">COLOUR BLOCKS<\/a><br><a href=\"#_Toc129772032\">INLAYS<\/a><br><a href=\"#_Toc129772034\">MIDDLE MARKER<\/a><br><a href=\"#_Toc129772035\">OTHER<\/a><\/p>\n\n\n\n<p><\/p>\n\n\n\n<div class=\"wp-block-columns is-layout-flex wp-container-core-columns-is-layout-9d6595d7 wp-block-columns-is-layout-flex\">\n<div class=\"wp-block-column is-layout-flow wp-block-column-is-layout-flow\" style=\"flex-basis:66.66%\">\n<h3 class=\"wp-block-heading\"><a id=\"_Toc129772021\">1. WARP<\/a><\/h3>\n\n\n\n<p>Warp (1) is the set of lengthwise threads attached to a loom and it is the core supporting element of the designed fabric. During the design process, it is necessary to determine the length of the warp and the number of threads forming it, which depends on the density of the fabric we want to achieve and its width.<\/p>\n\n\n\n<h3 class=\"wp-block-heading\"><a id=\"_Toc129772022\">2. WEFT<\/a><\/h3>\n\n\n\n<p>Weft (2) is the transverse set of threads and it is drawn through and inserted over and under the warp during weaving process using a weaving shuttle, according to the pattern, i.e. weave. <\/p>\n<\/div>\n\n\n\n<div class=\"wp-block-column is-layout-flow wp-block-column-is-layout-flow\" style=\"flex-basis:33.33%\">\n<figure class=\"wp-block-image size-full is-resized is-style-default\"><img loading=\"lazy\" decoding=\"async\" src=\"https:\/\/mavaloom.com\/wp-content\/uploads\/2023\/04\/osnowa-watek.png\" alt=\"\" class=\"wp-image-452\" width=\"346\" height=\"384\" srcset=\"https:\/\/mavaloom.com\/wp-content\/uploads\/2023\/04\/osnowa-watek.png 377w, https:\/\/mavaloom.com\/wp-content\/uploads\/2023\/04\/osnowa-watek-271x300.png 271w, https:\/\/mavaloom.com\/wp-content\/uploads\/2023\/04\/osnowa-watek-11x12.png 11w\" sizes=\"auto, (max-width: 346px) 100vw, 346px\" \/><\/figure>\n<\/div>\n<\/div>\n\n\n\n<h3 class=\"wp-block-heading\"><a id=\"_Toc129772023\">4. WEAVE (DRAFT)<\/a><\/h3>\n\n\n\n<p>This is the way in which the threads are interlaced in the fabric. It is created by means of the appropriate raising and lowering of threads in subsequent weft throws, which in traditional looms is obtained by raising\/lowering the corresponding shafts. The simplest weave is the so-called plain weave or tabby, and only two shafts are required to create it. More complex patterns require more shafts. At MAVA Loom, I work on an eight shaft loom, which gives quite a lot of weaveing possibilities.<\/p>\n\n\n\n<div class=\"wp-block-columns is-layout-flex wp-container-core-columns-is-layout-9d6595d7 wp-block-columns-is-layout-flex\">\n<div class=\"wp-block-column is-layout-flow wp-block-column-is-layout-flow\" style=\"flex-basis:25%\">\n<figure class=\"wp-block-image size-large is-style-rounded\"><img loading=\"lazy\" decoding=\"async\" width=\"1024\" height=\"1024\" src=\"https:\/\/mavaloom.com\/wp-content\/uploads\/2023\/04\/pooling-1024x1024.png\" alt=\"MAVA Loom - technika farbowania pooling\" class=\"wp-image-454\" srcset=\"https:\/\/mavaloom.com\/wp-content\/uploads\/2023\/04\/pooling-1024x1024.png 1024w, https:\/\/mavaloom.com\/wp-content\/uploads\/2023\/04\/pooling-300x300.png 300w, https:\/\/mavaloom.com\/wp-content\/uploads\/2023\/04\/pooling-150x150.png 150w, https:\/\/mavaloom.com\/wp-content\/uploads\/2023\/04\/pooling-768x768.png 768w, https:\/\/mavaloom.com\/wp-content\/uploads\/2023\/04\/pooling-12x12.png 12w, https:\/\/mavaloom.com\/wp-content\/uploads\/2023\/04\/pooling-1140x1140.png 1140w, https:\/\/mavaloom.com\/wp-content\/uploads\/2023\/04\/pooling-920x920.png 920w, https:\/\/mavaloom.com\/wp-content\/uploads\/2023\/04\/pooling-575x575.png 575w, https:\/\/mavaloom.com\/wp-content\/uploads\/2023\/04\/pooling-380x380.png 380w, https:\/\/mavaloom.com\/wp-content\/uploads\/2023\/04\/pooling-420x420.png 420w, https:\/\/mavaloom.com\/wp-content\/uploads\/2023\/04\/pooling-800x800.png 800w, https:\/\/mavaloom.com\/wp-content\/uploads\/2023\/04\/pooling-100x100.png 100w, https:\/\/mavaloom.com\/wp-content\/uploads\/2023\/04\/pooling.png 1200w\" sizes=\"auto, (max-width: 1024px) 100vw, 1024px\" \/><\/figure>\n<\/div>\n\n\n\n<div class=\"wp-block-column is-layout-flow wp-block-column-is-layout-flow\" style=\"flex-basis:75%\">\n<h3 class=\"wp-block-heading\"><a id=\"_Toc129772024\">4. POOLING<\/a><\/h3>\n\n\n\n<p>This is a weft dyeing technique by which patches\/patterns can be achieved on the woven fabric. The type of pattern is achieved by appropriately selecting the diameter of the weft skein, so you can achieve anything from an even gradation throughout the fabric to patterned stripes or patches of colour.<\/p>\n<\/div>\n<\/div>\n\n\n\n<div class=\"wp-block-columns is-layout-flex wp-container-core-columns-is-layout-9d6595d7 wp-block-columns-is-layout-flex\">\n<div class=\"wp-block-column is-layout-flow wp-block-column-is-layout-flow\" style=\"flex-basis:75%\">\n<h3 class=\"wp-block-heading\"><a id=\"_Toc129772025\">5. CLASPED WEFT<\/a><\/h3>\n\n\n\n<p>This is a weaving technique that involves introducing two different coloured wefts in one shuttle throw, they are introduced from opposite directions, joined in the middle, and then brought out in opposite directions (in the same shuttle throw or the next one). In this way, a clear colour separation can be achieved on the two halves of the fabric, this technique is more time-consuming than traditional weaving.<\/p>\n<\/div>\n\n\n\n<div class=\"wp-block-column is-layout-flow wp-block-column-is-layout-flow\" style=\"flex-basis:25%\">\n<figure class=\"wp-block-image size-full is-style-rounded\"><img loading=\"lazy\" decoding=\"async\" width=\"800\" height=\"801\" src=\"https:\/\/mavaloom.com\/wp-content\/uploads\/2023\/04\/clasped-weft.png\" alt=\"\" class=\"wp-image-456\" srcset=\"https:\/\/mavaloom.com\/wp-content\/uploads\/2023\/04\/clasped-weft.png 800w, https:\/\/mavaloom.com\/wp-content\/uploads\/2023\/04\/clasped-weft-300x300.png 300w, https:\/\/mavaloom.com\/wp-content\/uploads\/2023\/04\/clasped-weft-150x150.png 150w, https:\/\/mavaloom.com\/wp-content\/uploads\/2023\/04\/clasped-weft-768x769.png 768w, https:\/\/mavaloom.com\/wp-content\/uploads\/2023\/04\/clasped-weft-12x12.png 12w, https:\/\/mavaloom.com\/wp-content\/uploads\/2023\/04\/clasped-weft-575x576.png 575w, https:\/\/mavaloom.com\/wp-content\/uploads\/2023\/04\/clasped-weft-380x380.png 380w, https:\/\/mavaloom.com\/wp-content\/uploads\/2023\/04\/clasped-weft-420x420.png 420w, https:\/\/mavaloom.com\/wp-content\/uploads\/2023\/04\/clasped-weft-100x100.png 100w\" sizes=\"auto, (max-width: 800px) 100vw, 800px\" \/><\/figure>\n<\/div>\n<\/div>\n\n\n\n<h3 class=\"wp-block-heading\"><a id=\"_Toc129772026\">6. DECORATIONS<\/a><\/h3>\n\n\n\n<h4 class=\"wp-block-heading\"><a id=\"_Toc129772027\">HEMSTITCH<\/a><\/h4>\n\n\n\n<div class=\"wp-block-columns is-layout-flex wp-container-core-columns-is-layout-9d6595d7 wp-block-columns-is-layout-flex\">\n<div class=\"wp-block-column is-layout-flow wp-block-column-is-layout-flow\" style=\"flex-basis:85%\">\n<p>This is a decorative drawn thread work or openwork sewing technique for embellishing and securing the hem of the fabric. It can be as decorative as embroidery. It prevents the weft at the edges from ripping. It is done by hand, usually while the fabric is still on the loom.<\/p>\n<\/div>\n\n\n\n<div class=\"wp-block-column is-layout-flow wp-block-column-is-layout-flow\" style=\"flex-basis:15%\">\n<figure class=\"wp-block-image size-full is-style-rounded\"><img loading=\"lazy\" decoding=\"async\" width=\"1000\" height=\"1000\" src=\"https:\/\/mavaloom.com\/wp-content\/uploads\/2023\/04\/hemstitch.png\" alt=\"\" class=\"wp-image-462\" srcset=\"https:\/\/mavaloom.com\/wp-content\/uploads\/2023\/04\/hemstitch.png 1000w, https:\/\/mavaloom.com\/wp-content\/uploads\/2023\/04\/hemstitch-300x300.png 300w, https:\/\/mavaloom.com\/wp-content\/uploads\/2023\/04\/hemstitch-150x150.png 150w, https:\/\/mavaloom.com\/wp-content\/uploads\/2023\/04\/hemstitch-768x768.png 768w, https:\/\/mavaloom.com\/wp-content\/uploads\/2023\/04\/hemstitch-12x12.png 12w, https:\/\/mavaloom.com\/wp-content\/uploads\/2023\/04\/hemstitch-920x920.png 920w, https:\/\/mavaloom.com\/wp-content\/uploads\/2023\/04\/hemstitch-575x575.png 575w, https:\/\/mavaloom.com\/wp-content\/uploads\/2023\/04\/hemstitch-380x380.png 380w, https:\/\/mavaloom.com\/wp-content\/uploads\/2023\/04\/hemstitch-420x420.png 420w, https:\/\/mavaloom.com\/wp-content\/uploads\/2023\/04\/hemstitch-800x800.png 800w, https:\/\/mavaloom.com\/wp-content\/uploads\/2023\/04\/hemstitch-100x100.png 100w\" sizes=\"auto, (max-width: 1000px) 100vw, 1000px\" \/><\/figure>\n<\/div>\n<\/div>\n\n\n\n<h4 class=\"wp-block-heading\"><a id=\"_Toc129772028\">LENO LACE<\/a><\/h4>\n\n\n\n<div class=\"wp-block-columns is-layout-flex wp-container-core-columns-is-layout-9d6595d7 wp-block-columns-is-layout-flex\">\n<div class=\"wp-block-column is-layout-flow wp-block-column-is-layout-flow\" style=\"flex-basis:15%\">\n<figure class=\"wp-block-image size-large is-style-rounded\"><img loading=\"lazy\" decoding=\"async\" width=\"1024\" height=\"1024\" src=\"https:\/\/mavaloom.com\/wp-content\/uploads\/2023\/04\/merezka-1024x1024.png\" alt=\"\" class=\"wp-image-461\" srcset=\"https:\/\/mavaloom.com\/wp-content\/uploads\/2023\/04\/merezka-1024x1024.png 1024w, https:\/\/mavaloom.com\/wp-content\/uploads\/2023\/04\/merezka-300x300.png 300w, https:\/\/mavaloom.com\/wp-content\/uploads\/2023\/04\/merezka-150x150.png 150w, https:\/\/mavaloom.com\/wp-content\/uploads\/2023\/04\/merezka-768x768.png 768w, https:\/\/mavaloom.com\/wp-content\/uploads\/2023\/04\/merezka-12x12.png 12w, https:\/\/mavaloom.com\/wp-content\/uploads\/2023\/04\/merezka-1140x1140.png 1140w, https:\/\/mavaloom.com\/wp-content\/uploads\/2023\/04\/merezka-920x920.png 920w, https:\/\/mavaloom.com\/wp-content\/uploads\/2023\/04\/merezka-575x575.png 575w, https:\/\/mavaloom.com\/wp-content\/uploads\/2023\/04\/merezka-380x380.png 380w, https:\/\/mavaloom.com\/wp-content\/uploads\/2023\/04\/merezka-420x420.png 420w, https:\/\/mavaloom.com\/wp-content\/uploads\/2023\/04\/merezka-800x800.png 800w, https:\/\/mavaloom.com\/wp-content\/uploads\/2023\/04\/merezka-100x100.png 100w, https:\/\/mavaloom.com\/wp-content\/uploads\/2023\/04\/merezka.png 1200w\" sizes=\"auto, (max-width: 1024px) 100vw, 1024px\" \/><\/figure>\n<\/div>\n\n\n\n<div class=\"wp-block-column is-layout-flow wp-block-column-is-layout-flow\" style=\"flex-basis:85%\">\n<p>Leno lace, also called a ladder or ladder hemstitch, is an openwork decorative element in which there is a break in the weft, usually trimmed with a hemstitch. The ladder can take many forms, from the simple ladder (just a break in the weft and a hemstitch hem) to more complex forms reminiscent of lace and embroidery.<\/p>\n<\/div>\n<\/div>\n\n\n\n<h4 class=\"wp-block-heading\"><a id=\"_Toc129772029\">SOUMAK<\/a><\/h4>\n\n\n\n<div class=\"wp-block-columns is-layout-flex wp-container-core-columns-is-layout-9d6595d7 wp-block-columns-is-layout-flex\">\n<div class=\"wp-block-column is-layout-flow wp-block-column-is-layout-flow\" style=\"flex-basis:85%\">\n<p>This is a type of flat weave technique. The technique of making a soumak involves wrapping wefts over a certain number of warp threads before drawing them back, the intervals are equal. In my fabrics at MAVA Loom, I use it as a decorative chain or braid. <\/p>\n<\/div>\n\n\n\n<div class=\"wp-block-column is-layout-flow wp-block-column-is-layout-flow\" style=\"flex-basis:15%\">\n<figure class=\"wp-block-image size-full is-style-rounded\"><img loading=\"lazy\" decoding=\"async\" width=\"1000\" height=\"1000\" src=\"https:\/\/mavaloom.com\/wp-content\/uploads\/2023\/04\/soumak.png\" alt=\"\" class=\"wp-image-463\" srcset=\"https:\/\/mavaloom.com\/wp-content\/uploads\/2023\/04\/soumak.png 1000w, https:\/\/mavaloom.com\/wp-content\/uploads\/2023\/04\/soumak-300x300.png 300w, https:\/\/mavaloom.com\/wp-content\/uploads\/2023\/04\/soumak-150x150.png 150w, https:\/\/mavaloom.com\/wp-content\/uploads\/2023\/04\/soumak-768x768.png 768w, https:\/\/mavaloom.com\/wp-content\/uploads\/2023\/04\/soumak-12x12.png 12w, https:\/\/mavaloom.com\/wp-content\/uploads\/2023\/04\/soumak-920x920.png 920w, https:\/\/mavaloom.com\/wp-content\/uploads\/2023\/04\/soumak-575x575.png 575w, https:\/\/mavaloom.com\/wp-content\/uploads\/2023\/04\/soumak-380x380.png 380w, https:\/\/mavaloom.com\/wp-content\/uploads\/2023\/04\/soumak-420x420.png 420w, https:\/\/mavaloom.com\/wp-content\/uploads\/2023\/04\/soumak-800x800.png 800w, https:\/\/mavaloom.com\/wp-content\/uploads\/2023\/04\/soumak-100x100.png 100w\" sizes=\"auto, (max-width: 1000px) 100vw, 1000px\" \/><\/figure>\n<\/div>\n<\/div>\n\n\n\n<h4 class=\"wp-block-heading\"><a id=\"_Toc129772030\">FRINGES<\/a><\/h4>\n\n\n\n<div class=\"wp-block-columns is-layout-flex wp-container-core-columns-is-layout-9d6595d7 wp-block-columns-is-layout-flex\">\n<div class=\"wp-block-column is-layout-flow wp-block-column-is-layout-flow\" style=\"flex-basis:15%\">\n<figure class=\"wp-block-image size-large is-style-rounded\"><img loading=\"lazy\" decoding=\"async\" width=\"1024\" height=\"1024\" src=\"https:\/\/mavaloom.com\/wp-content\/uploads\/2023\/04\/fredzle-1024x1024.png\" alt=\"\" class=\"wp-image-466\" srcset=\"https:\/\/mavaloom.com\/wp-content\/uploads\/2023\/04\/fredzle-1024x1024.png 1024w, https:\/\/mavaloom.com\/wp-content\/uploads\/2023\/04\/fredzle-300x300.png 300w, https:\/\/mavaloom.com\/wp-content\/uploads\/2023\/04\/fredzle-150x150.png 150w, https:\/\/mavaloom.com\/wp-content\/uploads\/2023\/04\/fredzle-768x768.png 768w, https:\/\/mavaloom.com\/wp-content\/uploads\/2023\/04\/fredzle-12x12.png 12w, https:\/\/mavaloom.com\/wp-content\/uploads\/2023\/04\/fredzle-920x920.png 920w, https:\/\/mavaloom.com\/wp-content\/uploads\/2023\/04\/fredzle-575x575.png 575w, https:\/\/mavaloom.com\/wp-content\/uploads\/2023\/04\/fredzle-380x380.png 380w, https:\/\/mavaloom.com\/wp-content\/uploads\/2023\/04\/fredzle-420x420.png 420w, https:\/\/mavaloom.com\/wp-content\/uploads\/2023\/04\/fredzle-800x800.png 800w, https:\/\/mavaloom.com\/wp-content\/uploads\/2023\/04\/fredzle-100x100.png 100w, https:\/\/mavaloom.com\/wp-content\/uploads\/2023\/04\/fredzle.png 1048w\" sizes=\"auto, (max-width: 1024px) 100vw, 1024px\" \/><\/figure>\n<\/div>\n\n\n\n<div class=\"wp-block-column is-layout-flow wp-block-column-is-layout-flow\" style=\"flex-basis:85%\">\n<p>One option for finishing the fabric is to leave the warp threads as fringes. The edge can be hemstitched, machine stitched (zig-zag) or it is possible to tie knots on the edge of the fabric. In my fabrics, I have a choice of threads left as loose fringes, twisted or mixed (loose, twisted, braids) with the possibility of adding beads.<\/p>\n<\/div>\n<\/div>\n\n\n\n<h4 class=\"wp-block-heading\"><a id=\"_Toc129772031\">COLOUR BLOCKS<\/a><\/h4>\n\n\n\n<div class=\"wp-block-columns is-layout-flex wp-container-core-columns-is-layout-9d6595d7 wp-block-columns-is-layout-flex\">\n<div class=\"wp-block-column is-layout-flow wp-block-column-is-layout-flow\" style=\"flex-basis:85%\">\n<p>A colour block is nothing more than a piece of fabric woven with a weft in a different, distinctive colour. In this way, ornaments and different compositions can be created on the fabric, also in a different variation of the main weave.<\/p>\n<\/div>\n\n\n\n<div class=\"wp-block-column is-layout-flow wp-block-column-is-layout-flow\" style=\"flex-basis:15%\">\n<figure class=\"wp-block-image size-full is-style-rounded\"><img loading=\"lazy\" decoding=\"async\" width=\"750\" height=\"750\" src=\"https:\/\/mavaloom.com\/wp-content\/uploads\/2023\/04\/blok.png\" alt=\"\" class=\"wp-image-467\" srcset=\"https:\/\/mavaloom.com\/wp-content\/uploads\/2023\/04\/blok.png 750w, https:\/\/mavaloom.com\/wp-content\/uploads\/2023\/04\/blok-300x300.png 300w, https:\/\/mavaloom.com\/wp-content\/uploads\/2023\/04\/blok-150x150.png 150w, https:\/\/mavaloom.com\/wp-content\/uploads\/2023\/04\/blok-12x12.png 12w, https:\/\/mavaloom.com\/wp-content\/uploads\/2023\/04\/blok-575x575.png 575w, https:\/\/mavaloom.com\/wp-content\/uploads\/2023\/04\/blok-380x380.png 380w, https:\/\/mavaloom.com\/wp-content\/uploads\/2023\/04\/blok-420x420.png 420w, https:\/\/mavaloom.com\/wp-content\/uploads\/2023\/04\/blok-100x100.png 100w\" sizes=\"auto, (max-width: 750px) 100vw, 750px\" \/><\/figure>\n<\/div>\n<\/div>\n\n\n\n<h4 class=\"wp-block-heading\"><a id=\"_Toc129772032\">INLAYS<\/a><\/h4>\n\n\n\n<div class=\"wp-block-columns is-layout-flex wp-container-core-columns-is-layout-9d6595d7 wp-block-columns-is-layout-flex\">\n<div class=\"wp-block-column is-layout-flow wp-block-column-is-layout-flow\" style=\"flex-basis:15%\">\n<figure class=\"wp-block-image size-large is-style-rounded\"><img loading=\"lazy\" decoding=\"async\" width=\"1024\" height=\"1024\" src=\"https:\/\/mavaloom.com\/wp-content\/uploads\/2023\/04\/inlays-1024x1024.png\" alt=\"\" class=\"wp-image-468\" srcset=\"https:\/\/mavaloom.com\/wp-content\/uploads\/2023\/04\/inlays-1024x1024.png 1024w, https:\/\/mavaloom.com\/wp-content\/uploads\/2023\/04\/inlays-300x300.png 300w, https:\/\/mavaloom.com\/wp-content\/uploads\/2023\/04\/inlays-150x150.png 150w, https:\/\/mavaloom.com\/wp-content\/uploads\/2023\/04\/inlays-768x768.png 768w, https:\/\/mavaloom.com\/wp-content\/uploads\/2023\/04\/inlays-12x12.png 12w, https:\/\/mavaloom.com\/wp-content\/uploads\/2023\/04\/inlays-1140x1140.png 1140w, https:\/\/mavaloom.com\/wp-content\/uploads\/2023\/04\/inlays-920x920.png 920w, https:\/\/mavaloom.com\/wp-content\/uploads\/2023\/04\/inlays-575x575.png 575w, https:\/\/mavaloom.com\/wp-content\/uploads\/2023\/04\/inlays-380x380.png 380w, https:\/\/mavaloom.com\/wp-content\/uploads\/2023\/04\/inlays-420x420.png 420w, https:\/\/mavaloom.com\/wp-content\/uploads\/2023\/04\/inlays-800x800.png 800w, https:\/\/mavaloom.com\/wp-content\/uploads\/2023\/04\/inlays-100x100.png 100w, https:\/\/mavaloom.com\/wp-content\/uploads\/2023\/04\/inlays.png 1200w\" sizes=\"auto, (max-width: 1024px) 100vw, 1024px\" \/><\/figure>\n<\/div>\n\n\n\n<div class=\"wp-block-column is-layout-flow wp-block-column-is-layout-flow\" style=\"flex-basis:85%\">\n<p>Inlays are added threads to the fabric, usually visibly thicker than the weft. At MAVA Loom I use handspun merino wool, silk or plant-based viscose yarns made by hand by talented local spinners. I sometimes use the abbreviation HS in the descriptions, which comes from the word <em>handspun<\/em>.<\/p>\n<\/div>\n<\/div>\n\n\n\n<h4 class=\"wp-block-heading\"><a id=\"_Toc129772034\">MIDDLE MARKER<\/a><\/h4>\n\n\n\n<div class=\"wp-block-columns is-layout-flex wp-container-core-columns-is-layout-9d6595d7 wp-block-columns-is-layout-flex\">\n<div class=\"wp-block-column is-layout-flow wp-block-column-is-layout-flow\" style=\"flex-basis:85%\">\n<p>Long wraps that are used as baby slings usually feature a centre tag to make them easier to wrap. I offer complimentary MAVA Loom logo tags placed in the centre of the fabric, but variations are also possible, ranging from inlays, clasped wefts and soumaks to more complex embroidery as a middle marker. In the case of hand embroidery, I work with local embroiderers who will prepare an individual embroidery on the fabric.<\/p>\n<\/div>\n\n\n\n<div class=\"wp-block-column is-layout-flow wp-block-column-is-layout-flow\" style=\"flex-basis:15%\">\n<figure class=\"wp-block-image size-large is-style-rounded\"><img loading=\"lazy\" decoding=\"async\" width=\"1024\" height=\"1024\" src=\"https:\/\/mavaloom.com\/wp-content\/uploads\/2023\/04\/znacznik-1024x1024.png\" alt=\"\" class=\"wp-image-469\" srcset=\"https:\/\/mavaloom.com\/wp-content\/uploads\/2023\/04\/znacznik-1024x1024.png 1024w, https:\/\/mavaloom.com\/wp-content\/uploads\/2023\/04\/znacznik-300x300.png 300w, https:\/\/mavaloom.com\/wp-content\/uploads\/2023\/04\/znacznik-150x150.png 150w, https:\/\/mavaloom.com\/wp-content\/uploads\/2023\/04\/znacznik-768x768.png 768w, https:\/\/mavaloom.com\/wp-content\/uploads\/2023\/04\/znacznik-12x12.png 12w, https:\/\/mavaloom.com\/wp-content\/uploads\/2023\/04\/znacznik-1140x1140.png 1140w, https:\/\/mavaloom.com\/wp-content\/uploads\/2023\/04\/znacznik-920x920.png 920w, https:\/\/mavaloom.com\/wp-content\/uploads\/2023\/04\/znacznik-575x575.png 575w, https:\/\/mavaloom.com\/wp-content\/uploads\/2023\/04\/znacznik-380x380.png 380w, https:\/\/mavaloom.com\/wp-content\/uploads\/2023\/04\/znacznik-420x420.png 420w, https:\/\/mavaloom.com\/wp-content\/uploads\/2023\/04\/znacznik-800x800.png 800w, https:\/\/mavaloom.com\/wp-content\/uploads\/2023\/04\/znacznik-100x100.png 100w, https:\/\/mavaloom.com\/wp-content\/uploads\/2023\/04\/znacznik.png 1200w\" sizes=\"auto, (max-width: 1024px) 100vw, 1024px\" \/><\/figure>\n<\/div>\n<\/div>\n\n\n\n<h4 class=\"wp-block-heading\"><a id=\"_Toc129772035\">OTHER<\/a><\/h4>\n\n\n\n<div class=\"wp-block-columns is-layout-flex wp-container-core-columns-is-layout-9d6595d7 wp-block-columns-is-layout-flex\">\n<div class=\"wp-block-column is-layout-flow wp-block-column-is-layout-flow\" style=\"flex-basis:15%\">\n<figure class=\"wp-block-image size-full is-style-rounded\"><img loading=\"lazy\" decoding=\"async\" width=\"1000\" height=\"1000\" src=\"https:\/\/mavaloom.com\/wp-content\/uploads\/2023\/04\/clasped.png\" alt=\"\" class=\"wp-image-470\" srcset=\"https:\/\/mavaloom.com\/wp-content\/uploads\/2023\/04\/clasped.png 1000w, https:\/\/mavaloom.com\/wp-content\/uploads\/2023\/04\/clasped-300x300.png 300w, https:\/\/mavaloom.com\/wp-content\/uploads\/2023\/04\/clasped-150x150.png 150w, https:\/\/mavaloom.com\/wp-content\/uploads\/2023\/04\/clasped-768x768.png 768w, https:\/\/mavaloom.com\/wp-content\/uploads\/2023\/04\/clasped-12x12.png 12w, https:\/\/mavaloom.com\/wp-content\/uploads\/2023\/04\/clasped-920x920.png 920w, https:\/\/mavaloom.com\/wp-content\/uploads\/2023\/04\/clasped-575x575.png 575w, https:\/\/mavaloom.com\/wp-content\/uploads\/2023\/04\/clasped-380x380.png 380w, https:\/\/mavaloom.com\/wp-content\/uploads\/2023\/04\/clasped-420x420.png 420w, https:\/\/mavaloom.com\/wp-content\/uploads\/2023\/04\/clasped-800x800.png 800w, https:\/\/mavaloom.com\/wp-content\/uploads\/2023\/04\/clasped-100x100.png 100w\" sizes=\"auto, (max-width: 1000px) 100vw, 1000px\" \/><\/figure>\n<\/div>\n\n\n\n<div class=\"wp-block-column is-layout-flow wp-block-column-is-layout-flow\" style=\"flex-basis:85%\">\n<p>When it comes to decorative elements on the fabric, the sky is the limit (and time). It is possible to combine multible weaving and dyeing techniques to create a unique ornament. You can always contact me and together we can come up with one of a kind embellishments.<\/p>\n<\/div>\n<\/div>\n\n\n\n<p><\/p>","protected":false},"excerpt":{"rendered":"<p>Poni\u017cej zamieszczam s\u0142ownik niekt\u00f3rych poj\u0119\u0107 tkackich. B\u0119dzie on pomocny w sk\u0142adaniu zam\u00f3wie\u0144 indywidualnych oraz pre-order\u00f3w. SPIS TRE\u015aCI SPIS TRE\u015aCI1. OSNOWA2. W\u0104TEK3. SPLOT4. POOLING5. CLASPED WEFT6. OZDOBYHEMSTITCHMERE\u017bKASOUMAKFR\u0118DZLEBLOKI KOLOR\u00d3WWSTAWKIZNACZNIK \u015aRODKAINNE \u00ad\u00ad\u00ad\u00ad\u00ad\u00ad\u00ad\u00ad\u00ad\u00ad\u00ad1. OSNOWA [&hellip;]<\/p>\n","protected":false},"author":1,"featured_media":0,"parent":0,"menu_order":0,"comment_status":"closed","ping_status":"closed","template":"","meta":{"content-type":"","footnotes":""},"class_list":["post-442","page","type-page","status-publish","hentry"],"jetpack_sharing_enabled":true,"_links":{"self":[{"href":"https:\/\/mavaloom.com\/en\/wp-json\/wp\/v2\/pages\/442","targetHints":{"allow":["GET"]}}],"collection":[{"href":"https:\/\/mavaloom.com\/en\/wp-json\/wp\/v2\/pages"}],"about":[{"href":"https:\/\/mavaloom.com\/en\/wp-json\/wp\/v2\/types\/page"}],"author":[{"embeddable":true,"href":"https:\/\/mavaloom.com\/en\/wp-json\/wp\/v2\/users\/1"}],"replies":[{"embeddable":true,"href":"https:\/\/mavaloom.com\/en\/wp-json\/wp\/v2\/comments?post=442"}],"version-history":[{"count":6,"href":"https:\/\/mavaloom.com\/en\/wp-json\/wp\/v2\/pages\/442\/revisions"}],"predecessor-version":[{"id":471,"href":"https:\/\/mavaloom.com\/en\/wp-json\/wp\/v2\/pages\/442\/revisions\/471"}],"wp:attachment":[{"href":"https:\/\/mavaloom.com\/en\/wp-json\/wp\/v2\/media?parent=442"}],"curies":[{"name":"wp","href":"https:\/\/api.w.org\/{rel}","templated":true}]}}