{"id":65,"date":"2023-03-15T11:01:49","date_gmt":"2023-03-15T11:01:49","guid":{"rendered":"https:\/\/mavaloom.com\/?page_id=65"},"modified":"2023-10-13T14:34:18","modified_gmt":"2023-10-13T13:34:18","slug":"mava-loom","status":"publish","type":"page","link":"https:\/\/mavaloom.com\/en\/","title":{"rendered":"MAVA Loom"},"content":{"rendered":"<div id=\"athemes-blocks-block-0555d4f3\" class=\"wp-block-athemes-athemes-blocks-block-container athemes-blocks-block athemes-blocks-block-0555d4f3 athemes-blocks-block-container alignfull\"><div class=\"athemes-blocks-block-container-wrapper athemes-blocks-block-container-bg-cover athemes-blocks-block-container-bg-effect-scroll\"><img class=\"athemes-blocks-background-image\" width=\"1920\" height=\"500\" srcset=\"https:\/\/mavaloom.com\/wp-content\/uploads\/2023\/03\/cropped-cropped-IMGL6882-scaled-1-150x150.jpg 150w, https:\/\/mavaloom.com\/wp-content\/uploads\/2023\/03\/cropped-cropped-IMGL6882-scaled-1-300x78.jpg 300w, https:\/\/mavaloom.com\/wp-content\/uploads\/2023\/03\/cropped-cropped-IMGL6882-scaled-1-1024x267.jpg 1024w, https:\/\/mavaloom.com\/wp-content\/uploads\/2023\/03\/cropped-cropped-IMGL6882-scaled-1.jpg 1920w, \" sizes=\"auto, (max-width: 1920px) 100vw, 1920px\" alt=\"\" loading=\"lazy\"\/><div class=\"athemes-blocks-block-container-wrapper-content\">\n<div class=\"wp-block-columns is-layout-flex wp-container-core-columns-is-layout-9d6595d7 wp-block-columns-is-layout-flex\">\n<div class=\"wp-block-column is-layout-flow wp-block-column-is-layout-flow\" style=\"flex-basis:33.33%\">\n<div style=\"height:100px\" aria-hidden=\"true\" class=\"wp-block-spacer\"><\/div>\n\n\n\n<h2 class=\"wp-block-heading has-color-2-color has-text-color\">Woven by hand, created with love.<\/h2>\n\n\n\n<div class=\"wp-block-buttons is-layout-flex wp-block-buttons-is-layout-flex\">\n<div class=\"wp-block-button\"><a class=\"wp-block-button__link wp-element-button\" href=\"\/en\/sklep\/\">SHOP NOW<\/a><\/div>\n<\/div>\n\n\n\n<div style=\"height:70px\" aria-hidden=\"true\" class=\"wp-block-spacer\"><\/div>\n<\/div>\n\n\n\n<div class=\"wp-block-column is-layout-flow wp-block-column-is-layout-flow\" style=\"flex-basis:66.66%\"><\/div>\n<\/div>\n<\/div><\/div><\/div>\n\n\n\n<div style=\"height:100px\" aria-hidden=\"true\" class=\"wp-block-spacer\"><\/div>\n\n\n\n<h2 class=\"wp-block-heading has-text-align-center\">APPLIED ART<\/h2>\n\n\n\n<p class=\"has-text-align-center\">I would like to welcome you to my small weaving studio MAVA Loom. My workshop is located in Krakow, Poland, I weave fabrics on my loom by hand from natural yarns and also dye them by hand. I weave both my own ideas and create unique pieces to order. Every fabric that leaves my loom is one of a kind, so if you want to feel special, dive into my world of threads and colours.<br>Yours, Magdalena Walaszek.<\/p>\n\n\n\n<div class=\"wp-block-buttons is-content-justification-center is-layout-flex wp-container-core-buttons-is-layout-16018d1d wp-block-buttons-is-layout-flex\">\n<div class=\"wp-block-button\"><a class=\"wp-block-button__link has-text-align-center wp-element-button\" href=\"\/en\/o-mnie\/\">ABOUT ME<\/a><\/div>\n<\/div>\n\n\n\n<div style=\"height:120px\" aria-hidden=\"true\" class=\"wp-block-spacer\"><\/div>\n\n\n\n<div id=\"athemes-blocks-block-91be972b\" class=\"wp-block-athemes-athemes-blocks-block-container athemes-blocks-block athemes-blocks-block-91be972b athemes-blocks-block-container alignfull\"><div class=\"athemes-blocks-block-container-wrapper athemes-blocks-block-container-bg-cover athemes-blocks-block-container-bg-effect-scroll\"><img class=\"athemes-blocks-background-image\" width=\"2250\" height=\"820\" srcset=\"https:\/\/mavaloom.com\/wp-content\/uploads\/2023\/04\/TLO-150x150.jpg 150w, https:\/\/mavaloom.com\/wp-content\/uploads\/2023\/04\/TLO-300x109.jpg 300w, https:\/\/mavaloom.com\/wp-content\/uploads\/2023\/04\/TLO-1024x373.jpg 1024w, https:\/\/mavaloom.com\/wp-content\/uploads\/2023\/04\/TLO-18x7.jpg 18w, https:\/\/mavaloom.com\/wp-content\/uploads\/2023\/04\/TLO.jpg 2250w, \" sizes=\"auto, (max-width: 2250px) 100vw, 2250px\" alt=\"\" loading=\"lazy\"\/><div class=\"athemes-blocks-block-container-wrapper-content\">\n<div style=\"height:50px\" aria-hidden=\"true\" class=\"wp-block-spacer\"><\/div>\n\n\n\n<h2 class=\"wp-block-heading has-text-align-right has-color-2-color has-text-color\">SLOW FASHION<\/h2>\n\n\n\n<div class=\"wp-block-columns is-layout-flex wp-container-core-columns-is-layout-9d6595d7 wp-block-columns-is-layout-flex\">\n<div class=\"wp-block-column is-layout-flow wp-block-column-is-layout-flow\"><\/div>\n\n\n\n<div class=\"wp-block-column is-layout-flow wp-block-column-is-layout-flow\" style=\"flex-basis:60%\">\n<p class=\"has-text-align-right has-color-2-color has-text-color\"><strong>The weaving process requires many hours of work and patience. Each thread passes through my hands many times, starting from the preparation of the warp and weft, through hand dyeing, and then the weaving itself. I use high-quality plant and natural yarns, such as cotton, silk, linen or merino wool, through viscose Tencel or SeaCell, ending with exotic blends, e.g. pineapple, banana, milk, mint or camel and yak wool. I create everything by hand in my small home studio.<\/strong><\/p>\n<\/div>\n<\/div>\n<\/div><\/div><\/div>\n\n\n\n<div style=\"height:100px\" aria-hidden=\"true\" class=\"wp-block-spacer\"><\/div>\n\n\n\n<h2 class=\"wp-block-heading has-text-align-center\">FIND SOMETHING TO SUIT YOU<\/h2>\n\n\n\n<div class=\"wp-block-columns is-layout-flex wp-container-core-columns-is-layout-9d6595d7 wp-block-columns-is-layout-flex\">\n<div class=\"wp-block-column is-layout-flow wp-block-column-is-layout-flow\"><div data-block-name=\"woocommerce\/featured-category\" data-category-id=\"81\" data-edit-mode=\"false\" data-focal-point=\"{&quot;x&quot;:0.51,&quot;y&quot;:0.7}\" data-show-desc=\"false\" class=\"wc-block-featured-category alignnone has-background-dim wp-block-woocommerce-featured-category\" style=\"min-height:500px;\"><div class=\"wc-block-featured-category__wrapper\"><div class=\"background-dim__overlay\" style=\"background-color: #000000\"><\/div><img decoding=\"async\" alt=\"Chusty D\u0142ugie\" class=\"wc-block-featured-category__background-image\" src=\"https:\/\/mavaloom.com\/wp-content\/uploads\/2023\/03\/IMG50-f-683x1024.jpg\" style=\"object-fit: none;object-position: 51% 70%;\" \/><h2 class=\"wc-block-featured-category__title\">Long Slings<\/h2><div class=\"wc-block-featured-category__inner-blocks\">\n\n<div class=\"wp-block-buttons is-content-justification-center is-layout-flex wp-container-core-buttons-is-layout-16018d1d wp-block-buttons-is-layout-flex\">\n<div class=\"wp-block-button\"><a class=\"wp-block-button__link wp-element-button\" href=\"https:\/\/mavaloom.com\/en\/product-category\/chusty\/dlugie\/\">Shop now<\/a><\/div>\n<\/div>\n\n<\/div><\/div><\/div><\/div>\n\n\n\n<div class=\"wp-block-column is-layout-flow wp-block-column-is-layout-flow\"><div data-block-name=\"woocommerce\/featured-category\" data-category-id=\"83\" data-edit-mode=\"false\" data-focal-point=\"{&quot;x&quot;:0.45,&quot;y&quot;:0.59}\" data-show-desc=\"false\" class=\"wc-block-featured-category alignnone has-background-dim wp-block-woocommerce-featured-category\" style=\"min-height:500px;\"><div class=\"wc-block-featured-category__wrapper\"><div class=\"background-dim__overlay\" style=\"background-color: #000000\"><\/div><img decoding=\"async\" alt=\"Chusty K\u00f3\u0142kowe\" class=\"wc-block-featured-category__background-image\" src=\"https:\/\/mavaloom.com\/wp-content\/uploads\/2023\/04\/IMG41-b-683x1024.jpg\" style=\"object-fit: none;object-position: 45% 59%;\" \/><h2 class=\"wc-block-featured-category__title\">Ring Slings<\/h2><div class=\"wc-block-featured-category__inner-blocks\">\n\n<div class=\"wp-block-buttons is-content-justification-center is-layout-flex wp-container-core-buttons-is-layout-16018d1d wp-block-buttons-is-layout-flex\">\n<div class=\"wp-block-button\"><a class=\"wp-block-button__link wp-element-button\" href=\"https:\/\/mavaloom.com\/en\/product-category\/chusty\/kolkowe\/\">Shop now<\/a><\/div>\n<\/div>\n\n<\/div><\/div><\/div><\/div>\n\n\n\n<div class=\"wp-block-column is-layout-flow wp-block-column-is-layout-flow\"><div data-block-name=\"woocommerce\/featured-category\" data-category-id=\"53\" data-edit-mode=\"false\" data-focal-point=\"{&quot;x&quot;:0.51,&quot;y&quot;:0.23}\" class=\"wc-block-featured-category alignnone has-background-dim wp-block-woocommerce-featured-category\" style=\"min-height:500px;\"><div class=\"wc-block-featured-category__wrapper\"><div class=\"background-dim__overlay\" style=\"background-color: #000000\"><\/div><img decoding=\"async\" alt=\"Odzie\u017c\" class=\"wc-block-featured-category__background-image\" src=\"https:\/\/mavaloom.com\/wp-content\/uploads\/2023\/04\/IMG52-a-683x1024.jpg\" style=\"object-fit: none;object-position: 51% 23%;\" \/><h2 class=\"wc-block-featured-category__title\">Clothing<\/h2><div class=\"wc-block-featured-category__description\"><\/div><div class=\"wc-block-featured-category__inner-blocks\">\n\n<div class=\"wp-block-buttons is-content-justification-center is-layout-flex wp-container-core-buttons-is-layout-16018d1d wp-block-buttons-is-layout-flex\">\n<div class=\"wp-block-button\"><a class=\"wp-block-button__link wp-element-button\" href=\"https:\/\/mavaloom.com\/en\/product-category\/odziez\/\">Shop now<\/a><\/div>\n<\/div>\n\n<\/div><\/div><\/div><\/div>\n<\/div>\n\n\n\n<div class=\"wp-block-columns is-layout-flex wp-container-core-columns-is-layout-9d6595d7 wp-block-columns-is-layout-flex\">\n<div class=\"wp-block-column is-layout-flow wp-block-column-is-layout-flow\"><div data-block-name=\"woocommerce\/featured-category\" data-category-id=\"49\" data-edit-mode=\"false\" data-focal-point=\"{&quot;x&quot;:0.69,&quot;y&quot;:0.39}\" class=\"wc-block-featured-category alignnone has-background-dim wp-block-woocommerce-featured-category\" style=\"min-height:500px;\"><div class=\"wc-block-featured-category__wrapper\"><div class=\"background-dim__overlay\" style=\"background-color: #000000\"><\/div><img decoding=\"async\" alt=\"Akcesoria\" class=\"wc-block-featured-category__background-image\" src=\"https:\/\/mavaloom.com\/wp-content\/uploads\/2023\/04\/IMG53-b-683x1024.jpg\" style=\"object-fit: none;object-position: 69% 39%;\" \/><h2 class=\"wc-block-featured-category__title\">Accessories<\/h2><div class=\"wc-block-featured-category__description\"><\/div><div class=\"wc-block-featured-category__inner-blocks\">\n\n<div class=\"wp-block-buttons is-content-justification-center is-layout-flex wp-container-core-buttons-is-layout-16018d1d wp-block-buttons-is-layout-flex\">\n<div class=\"wp-block-button\"><a class=\"wp-block-button__link wp-element-button\" href=\"https:\/\/mavaloom.com\/en\/product-category\/akcesoria\/\">Shop now<\/a><\/div>\n<\/div>\n\n<\/div><\/div><\/div><\/div>\n\n\n\n<div class=\"wp-block-column is-layout-flow wp-block-column-is-layout-flow\"><div data-block-name=\"woocommerce\/featured-category\" data-category-id=\"109\" data-edit-mode=\"false\" data-focal-point=\"{&quot;x&quot;:0.46,&quot;y&quot;:0.49}\" class=\"wc-block-featured-category alignnone has-background-dim wp-block-woocommerce-featured-category\" style=\"min-height:500px;\"><div class=\"wc-block-featured-category__wrapper\"><div class=\"background-dim__overlay\" style=\"background-color: #000000\"><\/div><img decoding=\"async\" alt=\"Pre-Order\" class=\"wc-block-featured-category__background-image\" src=\"https:\/\/mavaloom.com\/wp-content\/uploads\/2023\/04\/IMG56-b-683x1024.jpg\" style=\"object-fit: none;object-position: 46% 49%;\" \/><h2 class=\"wc-block-featured-category__title\">Pre-Order<\/h2><div class=\"wc-block-featured-category__description\"><\/div><div class=\"wc-block-featured-category__inner-blocks\">\n\n<div class=\"wp-block-buttons is-content-justification-center is-layout-flex wp-container-core-buttons-is-layout-16018d1d wp-block-buttons-is-layout-flex\">\n<div class=\"wp-block-button\"><a class=\"wp-block-button__link wp-element-button\" href=\"https:\/\/mavaloom.com\/en\/product-category\/pre-order\/\">Shop now<\/a><\/div>\n<\/div>\n\n<\/div><\/div><\/div><\/div>\n\n\n\n<div class=\"wp-block-column is-layout-flow wp-block-column-is-layout-flow\"><div data-block-name=\"woocommerce\/featured-category\" data-category-id=\"107\" data-edit-mode=\"false\" data-image-fit=\"cover\" class=\"wc-block-featured-category alignnone has-background-dim wp-block-woocommerce-featured-category\" style=\"min-height:500px;\"><div class=\"wc-block-featured-category__wrapper\"><div class=\"background-dim__overlay\" style=\"background-color: #000000\"><\/div><img decoding=\"async\" alt=\"R\u0119cznie farbowane w\u0142\u00f3czki\" class=\"wc-block-featured-category__background-image\" src=\"https:\/\/mavaloom.com\/wp-content\/uploads\/2023\/04\/IMG55-4b-1024x683.jpg\" style=\"object-fit: cover;object-position: 50% 50%;\" \/><h2 class=\"wc-block-featured-category__title\">Hand dyed yarn<\/h2><div class=\"wc-block-featured-category__description\"><\/div><div class=\"wc-block-featured-category__inner-blocks\">\n\n<div class=\"wp-block-buttons is-content-justification-center is-layout-flex wp-container-core-buttons-is-layout-16018d1d wp-block-buttons-is-layout-flex\">\n<div class=\"wp-block-button\"><a class=\"wp-block-button__link wp-element-button\" href=\"https:\/\/mavaloom.com\/en\/product-category\/inne\/wloczki\/\">Shop now<\/a><\/div>\n<\/div>\n\n<\/div><\/div><\/div><\/div>\n<\/div>","protected":false},"excerpt":{"rendered":"<p>SZTUKA U\u017bYTKOWA Witam Ci\u0119 w mojej ma\u0142ej pracowni tkackiej MAVA Loom. M\u00f3j warsztat zlokalizowany jest w Krakowie, tkam r\u0119cznie na kro\u015bnie tkaniny u\u017cytkowe z naturalnych prz\u0119dz, a tak\u017ce r\u0119cznie je [&hellip;]<\/p>\n","protected":false},"author":1,"featured_media":0,"parent":0,"menu_order":0,"comment_status":"closed","ping_status":"closed","template":"","meta":{"content-type":"","footnotes":""},"class_list":["post-65","page","type-page","status-publish","hentry"],"jetpack_sharing_enabled":true,"_links":{"self":[{"href":"https:\/\/mavaloom.com\/en\/wp-json\/wp\/v2\/pages\/65","targetHints":{"allow":["GET"]}}],"collection":[{"href":"https:\/\/mavaloom.com\/en\/wp-json\/wp\/v2\/pages"}],"about":[{"href":"https:\/\/mavaloom.com\/en\/wp-json\/wp\/v2\/types\/page"}],"author":[{"embeddable":true,"href":"https:\/\/mavaloom.com\/en\/wp-json\/wp\/v2\/users\/1"}],"replies":[{"embeddable":true,"href":"https:\/\/mavaloom.com\/en\/wp-json\/wp\/v2\/comments?post=65"}],"version-history":[{"count":21,"href":"https:\/\/mavaloom.com\/en\/wp-json\/wp\/v2\/pages\/65\/revisions"}],"predecessor-version":[{"id":1012,"href":"https:\/\/mavaloom.com\/en\/wp-json\/wp\/v2\/pages\/65\/revisions\/1012"}],"wp:attachment":[{"href":"https:\/\/mavaloom.com\/en\/wp-json\/wp\/v2\/media?parent=65"}],"curies":[{"name":"wp","href":"https:\/\/api.w.org\/{rel}","templated":true}]}}