{"id":1025,"date":"2023-11-12T16:58:14","date_gmt":"2023-11-12T15:58:14","guid":{"rendered":"https:\/\/mavaloom.com\/?post_type=product&#038;p=1025"},"modified":"2024-06-02T13:59:25","modified_gmt":"2024-06-02T11:59:25","slug":"playful-szalik","status":"publish","type":"product","link":"https:\/\/mavaloom.com\/en\/product\/playful-szalik\/","title":{"rendered":"PLAYFUL scarf"},"content":{"rendered":"<div class=\"xdj266r x11i5rnm xat24cr x1mh8g0r x1vvkbs x126k92a\">\n<div dir=\"auto\">PLAYFUL<\/div>\n<\/div>\n<div class=\"x11i5rnm xat24cr x1mh8g0r x1vvkbs xtlvy1s x126k92a\">\n<div dir=\"auto\">The scarf, which was commissioned as a gift, was meant to reflect the exceptionally colourful style of the recipient. I was enchanted by this colourful world and expressed this in both the warp and weft. I dyed the warp to resemble a bouquet of flowers and sprinkled the natural weft with glittering thread in all the colours of the rainbow. In this colourful frenzy, I opted for a classic herringbone weave with only small embellishments on the tails and delicate inlays from Wool Craze Handmade.<\/div>\n<\/div>\n<hr \/>\n<div class=\"x11i5rnm xat24cr x1mh8g0r x1vvkbs xtlvy1s x126k92a\">\n<div dir=\"auto\">\n<p>Data:<\/p>\n<\/div>\n<\/div>\n<ul>\n<li>Warp: 100% Sea Island Cotton, thick, hand dyed;<\/li>\n<li>Weft: Supima\u00ae cotton with gold Ingeo\u00ae sparkle, hand dyed;<\/li>\n<li>Length: 200 cm + fringes;<\/li>\n<li>Width: 43 cm;<\/li>\n<li>Density: ~390 g\/m2;<\/li>\n<li>Inlays: handspun silk\/viscose by Wool Craze Handmade;<\/li>\n<li>Date off the loom: 4.12.2023.<\/li>\n<\/ul>","protected":false},"excerpt":{"rendered":"<p>PLAYFUL Szalik, kt\u00f3ry powsta\u0142 na zam\u00f3wienie jako prezent, mia\u0142 odzwierciedla\u0107 wyj\u0105tkowo kolorowy styl osoby obdarowywanej. Zauroczy\u0142 mnie ten kolorowy \u015bwiat i da\u0142am temu wyraz zar\u00f3wno w osnowie, jak i w [&hellip;]<\/p>\n","protected":false},"featured_media":1278,"template":"","meta":{"content-type":""},"product_brand":[],"product_cat":[130],"product_tag":[149,150,122],"class_list":{"0":"post-1025","1":"product","2":"type-product","3":"status-publish","4":"has-post-thumbnail","6":"product_cat-indywidualne","7":"product_tag-custom","8":"product_tag-personalizacja","9":"product_tag-szalik","10":"product_shipping_class-mala-paczka","12":"first","13":"outofstock","14":"sold-individually","15":"shipping-taxable","16":"purchasable","17":"product-type-simple"},"jetpack_sharing_enabled":true,"_links":{"self":[{"href":"https:\/\/mavaloom.com\/en\/wp-json\/wp\/v2\/product\/1025","targetHints":{"allow":["GET"]}}],"collection":[{"href":"https:\/\/mavaloom.com\/en\/wp-json\/wp\/v2\/product"}],"about":[{"href":"https:\/\/mavaloom.com\/en\/wp-json\/wp\/v2\/types\/product"}],"wp:featuredmedia":[{"embeddable":true,"href":"https:\/\/mavaloom.com\/en\/wp-json\/wp\/v2\/media\/1278"}],"wp:attachment":[{"href":"https:\/\/mavaloom.com\/en\/wp-json\/wp\/v2\/media?parent=1025"}],"wp:term":[{"taxonomy":"product_brand","embeddable":true,"href":"https:\/\/mavaloom.com\/en\/wp-json\/wp\/v2\/product_brand?post=1025"},{"taxonomy":"product_cat","embeddable":true,"href":"https:\/\/mavaloom.com\/en\/wp-json\/wp\/v2\/product_cat?post=1025"},{"taxonomy":"product_tag","embeddable":true,"href":"https:\/\/mavaloom.com\/en\/wp-json\/wp\/v2\/product_tag?post=1025"}],"curies":[{"name":"wp","href":"https:\/\/api.w.org\/{rel}","templated":true}]}}