{"id":1029,"date":"2023-11-12T17:05:50","date_gmt":"2023-11-12T16:05:50","guid":{"rendered":"https:\/\/mavaloom.com\/?post_type=product&#038;p=1029"},"modified":"2024-06-02T14:11:32","modified_gmt":"2024-06-02T12:11:32","slug":"wedding-szal","status":"publish","type":"product","link":"https:\/\/mavaloom.com\/en\/product\/wedding-szal\/","title":{"rendered":"I WANT SOMETHING JUST LIKE THIS shawl"},"content":{"rendered":"<p>I WANT SOMETHING JUST LIKE THIS<\/p>\n<div dir=\"auto\">This unique shawl I came to weave has accompanied the Bride to her own wedding <span class=\"html-span xexx8yu x4uap5 x18d9i69 xkhd6sd x1hl2dhg x16tdsg8 x1vvkbs x3nfvp2 x1j61x8r x1fcty0u xdj266r xhhsvwb xat24cr xgzva0m xxymvpz xlup9mm x1kky2od\"><img loading=\"lazy\" decoding=\"async\" class=\"xz74otr\" src=\"https:\/\/static.xx.fbcdn.net\/images\/emoji.php\/v9\/tc5\/1\/16\/1f90d.png\" alt=\"\ud83e\udd0d\" width=\"16\" height=\"16\" \/><\/span><\/div>\n<div dir=\"auto\">The Bride is not afraid of colour, so after receiving photos of her dress, accessories and colour guidelines, I decided on a gentle gradation of colours throughout the shawl. The green blends in with the soft gold and the natural milky colour of the thread used. And this one is also exceptional, a wonderfully soft blend of cashmere with the soft sheen of silk, could there be anything more luxurious?<\/div>\n<div dir=\"auto\">I decided to embellish the tails a little more, so blocks of colour, soumak and delicate leno lace have found their place, as well as loose fringes, in different colours on each tail.<\/div>\n<hr \/>\n<p>Data:<\/p>\n<ul>\n<li>\n<div dir=\"auto\">Warp: 50% mulberry silk, 50% cashmere, hand dyed;<\/div>\n<\/li>\n<li>\n<div dir=\"auto\">Weft: 50% mulberry silk, 50% cashmere, hand dyed;<\/div>\n<\/li>\n<li>\n<div dir=\"auto\">Length: 210 cm + fringes;<\/div>\n<\/li>\n<li>\n<div dir=\"auto\">Width: 72 cm;<\/div>\n<\/li>\n<li>\n<div dir=\"auto\">Density: ~275 g\/m\u00b2;<\/div>\n<\/li>\n<li>\n<div dir=\"auto\">Date off the loom: 18.12.2023.<\/div>\n<\/li>\n<\/ul>","protected":false},"excerpt":{"rendered":"<p>I WANT SOMETHING JUST LIKE THIS Wyj\u0105tkowy szal, kt\u00f3ry przysz\u0142o mi utka\u0107, towarzyszy\u0142 Pannie M\u0142odej na jej w\u0142asnym \u015blubie Panna M\u0142oda nie boi si\u0119 kolor\u00f3w, wi\u0119c po otrzymaniu zdj\u0119\u0107 sukni [&hellip;]<\/p>\n","protected":false},"featured_media":1268,"template":"","meta":{"content-type":""},"product_brand":[],"product_cat":[130],"product_tag":[150,178,127],"class_list":{"0":"post-1029","1":"product","2":"type-product","3":"status-publish","4":"has-post-thumbnail","6":"product_cat-indywidualne","7":"product_tag-personalizacja","8":"product_tag-slub","9":"product_tag-szal","11":"first","12":"outofstock","13":"sold-individually","14":"shipping-taxable","15":"purchasable","16":"product-type-simple"},"jetpack_sharing_enabled":true,"_links":{"self":[{"href":"https:\/\/mavaloom.com\/en\/wp-json\/wp\/v2\/product\/1029","targetHints":{"allow":["GET"]}}],"collection":[{"href":"https:\/\/mavaloom.com\/en\/wp-json\/wp\/v2\/product"}],"about":[{"href":"https:\/\/mavaloom.com\/en\/wp-json\/wp\/v2\/types\/product"}],"wp:featuredmedia":[{"embeddable":true,"href":"https:\/\/mavaloom.com\/en\/wp-json\/wp\/v2\/media\/1268"}],"wp:attachment":[{"href":"https:\/\/mavaloom.com\/en\/wp-json\/wp\/v2\/media?parent=1029"}],"wp:term":[{"taxonomy":"product_brand","embeddable":true,"href":"https:\/\/mavaloom.com\/en\/wp-json\/wp\/v2\/product_brand?post=1029"},{"taxonomy":"product_cat","embeddable":true,"href":"https:\/\/mavaloom.com\/en\/wp-json\/wp\/v2\/product_cat?post=1029"},{"taxonomy":"product_tag","embeddable":true,"href":"https:\/\/mavaloom.com\/en\/wp-json\/wp\/v2\/product_tag?post=1029"}],"curies":[{"name":"wp","href":"https:\/\/api.w.org\/{rel}","templated":true}]}}