{"id":1039,"date":"2023-11-14T19:00:00","date_gmt":"2023-11-14T18:00:00","guid":{"rendered":"https:\/\/mavaloom.com\/?post_type=product&#038;p=1039"},"modified":"2025-09-01T00:08:04","modified_gmt":"2025-08-31T22:08:04","slug":"elegance-2-poszewka","status":"publish","type":"product","link":"https:\/\/mavaloom.com\/en\/product\/elegance-2-poszewka\/","title":{"rendered":"ELEGANCE #2 pillow case"},"content":{"rendered":"<div class=\"\" data-block=\"true\" data-editor=\"5ltrk\" data-offset-key=\"3sb2i-0-0\">\n<div class=\"_1mf _1mj\" data-offset-key=\"3sb2i-0-0\"><span data-offset-key=\"3sb2i-0-0\">ELEGANCE #2<\/span><\/div>\n<\/div>\n<div class=\"\" data-block=\"true\" data-editor=\"5ltrk\" data-offset-key=\"8u4ic-0-0\">\n<div class=\"_1mf _1mj\" data-offset-key=\"8u4ic-0-0\"><span data-offset-key=\"8u4ic-0-0\">\u00a0<\/span><\/div>\n<div data-offset-key=\"8u4ic-0-0\">A pillow case made of cotton warp, silk weft and powder-colored velvet will bring an air of elegance to your interior. Extremely pleasant to the touch, with a beautiful shine of silk in the thread.<\/div>\n<\/div>\n<div class=\"\" data-block=\"true\" data-editor=\"5ltrk\" data-offset-key=\"fe8b1-0-0\">\n<div class=\"_1mf _1mj\" data-offset-key=\"fe8b1-0-0\">\n<hr \/>\n<\/div>\n<\/div>\n<div class=\"\" data-block=\"true\" data-editor=\"5ltrk\" data-offset-key=\"2avi5-0-0\">\n<div data-offset-key=\"2avi5-0-0\">Pillow case for a cushion 50x50 cm, with a zip fastening. The front is made of handwoven fabric, the back is made of pleasant velvet (100% polyester).<\/div>\n<div data-offset-key=\"2avi5-0-0\">Does not include pillow.<\/div>\n<div data-offset-key=\"2avi5-0-0\"><\/div>\n<div class=\"_1mf _1mj\" data-offset-key=\"2avi5-0-0\"><span data-offset-key=\"2avi5-0-0\">Handwoven data:<\/span><\/div>\n<\/div>\n<div class=\"\" data-block=\"true\" data-editor=\"5ltrk\" data-offset-key=\"39ilp-0-0\">\n<ul>\n<li class=\"_1mf _1mj\" data-offset-key=\"39ilp-0-0\"><span data-offset-key=\"39ilp-0-0\">Warp: 100% Supima cotton, hand dyed;<\/span><\/li>\n<li class=\"_1mf _1mj\" data-offset-key=\"39ilp-0-0\">Weft: 100% mulberry silk, thin, hand dyed;<\/li>\n<li class=\"_1mf _1mj\" data-offset-key=\"39ilp-0-0\">Length: 50 cm;<\/li>\n<li class=\"_1mf _1mj\" data-offset-key=\"39ilp-0-0\">Width: 50 cm;<\/li>\n<li class=\"_1mf _1mj\" data-offset-key=\"39ilp-0-0\">GSM: ~370 g\/m\u00b2;<\/li>\n<li class=\"_1mf _1mj\" data-offset-key=\"39ilp-0-0\">Date off the loom: 16.05.2023.<\/li>\n<\/ul>\n<\/div>","protected":false},"excerpt":{"rendered":"<p>ELEGANCE #2 \u00a0 Poszewka na poduszk\u0119 z bawe\u0142nianej osnowy i jedwabnego w\u0105tku oraz pudrowego weluru wniesie powiew elegancji do Twojego wn\u0119trza. Niezwykle przyjemna w dotyku, z pi\u0119knym po\u0142yskiem jedwabiu w [&hellip;]<\/p>\n","protected":false},"featured_media":1040,"template":"","meta":{"content-type":""},"product_brand":[],"product_cat":[58,57],"product_tag":[182,180,181],"class_list":{"0":"post-1039","1":"product","2":"type-product","3":"status-publish","4":"has-post-thumbnail","6":"product_cat-poszewki","7":"product_cat-wnetrza","8":"product_tag-dom","9":"product_tag-poszewka","10":"product_tag-wnetrza","11":"product_shipping_class-mala-paczka","13":"first","14":"instock","15":"sold-individually","16":"shipping-taxable","17":"purchasable","18":"product-type-simple"},"jetpack_sharing_enabled":true,"_links":{"self":[{"href":"https:\/\/mavaloom.com\/en\/wp-json\/wp\/v2\/product\/1039","targetHints":{"allow":["GET"]}}],"collection":[{"href":"https:\/\/mavaloom.com\/en\/wp-json\/wp\/v2\/product"}],"about":[{"href":"https:\/\/mavaloom.com\/en\/wp-json\/wp\/v2\/types\/product"}],"wp:featuredmedia":[{"embeddable":true,"href":"https:\/\/mavaloom.com\/en\/wp-json\/wp\/v2\/media\/1040"}],"wp:attachment":[{"href":"https:\/\/mavaloom.com\/en\/wp-json\/wp\/v2\/media?parent=1039"}],"wp:term":[{"taxonomy":"product_brand","embeddable":true,"href":"https:\/\/mavaloom.com\/en\/wp-json\/wp\/v2\/product_brand?post=1039"},{"taxonomy":"product_cat","embeddable":true,"href":"https:\/\/mavaloom.com\/en\/wp-json\/wp\/v2\/product_cat?post=1039"},{"taxonomy":"product_tag","embeddable":true,"href":"https:\/\/mavaloom.com\/en\/wp-json\/wp\/v2\/product_tag?post=1039"}],"curies":[{"name":"wp","href":"https:\/\/api.w.org\/{rel}","templated":true}]}}