{"id":1044,"date":"2023-11-14T19:00:38","date_gmt":"2023-11-14T18:00:38","guid":{"rendered":"https:\/\/mavaloom.com\/?post_type=product&#038;p=1044"},"modified":"2023-12-14T19:11:37","modified_gmt":"2023-12-14T18:11:37","slug":"fields-of-bliss-komin","status":"publish","type":"product","link":"https:\/\/mavaloom.com\/en\/product\/fields-of-bliss-komin\/","title":{"rendered":"FIELDS OF BLISS komin"},"content":{"rendered":"<div class=\"x11i5rnm xat24cr x1mh8g0r x1vvkbs xtlvy1s x126k92a\">\n<div dir=\"auto\">FIELDS OF BLISS<\/div>\n<\/div>\n<div dir=\"auto\"><\/div>\n<div class=\"x11i5rnm xat24cr x1mh8g0r x1vvkbs xtlvy1s x126k92a\">\n<div dir=\"auto\">Wrap yourself in the tranquil colours of sky, meadow, fields and earth with this unique cowl. The cotton warp provides warmth, while the silk shimmerry weft in pooling adds extraordinary softness. The increased length allows you to wrap your neck tightly or create a hood for your head.<\/div>\n<div dir=\"auto\">\n<hr \/>\n<div dir=\"auto\">Handwoven cowl, top edge hemmed, bottom edge finished with hemstitch, stitched with a flat seam.<\/div>\n<div dir=\"auto\">Data:<\/div>\n<ul>\n<li dir=\"auto\">Warp: 100% thick Supima cotton, hand dyed;<\/li>\n<li dir=\"auto\">Weft: 100% mulberry silk, thin, hand dyed;<\/li>\n<li dir=\"auto\">Length: 66 cm + fringes;<\/li>\n<li dir=\"auto\">Width: 33,5 cm;<\/li>\n<li dir=\"auto\">GSM: ~370 g\/m\u00b2;<\/li>\n<li dir=\"auto\">Date off the loom: 16.05.2023.<\/li>\n<\/ul>\n<\/div>\n<\/div>\n<div class=\"x11i5rnm xat24cr x1mh8g0r x1vvkbs xtlvy1s x126k92a\"><\/div>","protected":false},"excerpt":{"rendered":"<p>FIELDS OF BLISS Otul si\u0119 tym wyj\u0105tkowym kominem w spokojnych kolorach nieba, \u0142\u0105ki, p\u00f3l i ziemi. Osnowa z bawe\u0142ny zapewnia ciep\u0142o, natomiast jedwabny po\u0142yskuj\u0105cy w\u0105tek w poolingu dodaje niezwyk\u0142ej mi\u0119kko\u015bci. [&hellip;]<\/p>\n","protected":false},"featured_media":1045,"template":"","meta":{"content-type":""},"product_brand":[],"product_cat":[56,53],"product_tag":[175,183,174],"class_list":{"0":"post-1044","1":"product","2":"type-product","3":"status-publish","4":"has-post-thumbnail","6":"product_cat-kominy","7":"product_cat-odziez","8":"product_tag-jesien","9":"product_tag-komin","10":"product_tag-zima","11":"product_shipping_class-mala-paczka","13":"first","14":"outofstock","15":"sold-individually","16":"shipping-taxable","17":"purchasable","18":"product-type-simple"},"jetpack_sharing_enabled":true,"_links":{"self":[{"href":"https:\/\/mavaloom.com\/en\/wp-json\/wp\/v2\/product\/1044","targetHints":{"allow":["GET"]}}],"collection":[{"href":"https:\/\/mavaloom.com\/en\/wp-json\/wp\/v2\/product"}],"about":[{"href":"https:\/\/mavaloom.com\/en\/wp-json\/wp\/v2\/types\/product"}],"wp:featuredmedia":[{"embeddable":true,"href":"https:\/\/mavaloom.com\/en\/wp-json\/wp\/v2\/media\/1045"}],"wp:attachment":[{"href":"https:\/\/mavaloom.com\/en\/wp-json\/wp\/v2\/media?parent=1044"}],"wp:term":[{"taxonomy":"product_brand","embeddable":true,"href":"https:\/\/mavaloom.com\/en\/wp-json\/wp\/v2\/product_brand?post=1044"},{"taxonomy":"product_cat","embeddable":true,"href":"https:\/\/mavaloom.com\/en\/wp-json\/wp\/v2\/product_cat?post=1044"},{"taxonomy":"product_tag","embeddable":true,"href":"https:\/\/mavaloom.com\/en\/wp-json\/wp\/v2\/product_tag?post=1044"}],"curies":[{"name":"wp","href":"https:\/\/api.w.org\/{rel}","templated":true}]}}