{"id":1054,"date":"2023-11-14T19:00:05","date_gmt":"2023-11-14T18:00:05","guid":{"rendered":"https:\/\/mavaloom.com\/?post_type=product&#038;p=1054"},"modified":"2024-05-03T22:02:02","modified_gmt":"2024-05-03T20:02:02","slug":"apple-orchard-2-komin","status":"publish","type":"product","link":"https:\/\/mavaloom.com\/en\/product\/apple-orchard-2-komin\/","title":{"rendered":"APPLE ORCHARD #2 cowl"},"content":{"rendered":"<div class=\"x11i5rnm xat24cr x1mh8g0r x1vvkbs xtlvy1s x126k92a\">\n<div dir=\"auto\">APPLE ORCHARD #2<\/div>\n<\/div>\n<div dir=\"auto\"><\/div>\n<div class=\"x11i5rnm xat24cr x1mh8g0r x1vvkbs xtlvy1s x126k92a\">\n<div dir=\"auto\">Imagine a warm autumn evening in an orchard, full of ripening fruit. I wanted to capture this feeling in the colours of the warp, soft green, beige and terracotta red. The weft in the pooling colours of browns and reds shines gently. Inlays from We\u0142na R\u0119cznie Prz\u0119dziona adorn the cowl in subtle blocks of colour. One of two pieces.<\/div>\n<div dir=\"auto\">\n<hr \/>\n<div dir=\"auto\">Handwoven cowl, top edge hemmed, bottom edge finished with hemstitch, stitched with a flat seam.<\/div>\n<div dir=\"auto\">Data:<\/div>\n<ul>\n<li dir=\"auto\">Warp: 100% thick Supima cotton, hand dyed;<\/li>\n<li dir=\"auto\">Weft: 50% baby camel, 50% mulberry silk, thick, hand dyed;<\/li>\n<li dir=\"auto\">Length: 51 cm + fringes;<\/li>\n<li dir=\"auto\">Width: 35 cm;<\/li>\n<li dir=\"auto\">GSM: ~480 g\/m\u00b2;<\/li>\n<li dir=\"auto\">Date off the loom: 16.05.2023.<\/li>\n<\/ul>\n<\/div>\n<\/div>\n<div class=\"x11i5rnm xat24cr x1mh8g0r x1vvkbs xtlvy1s x126k92a\"><\/div>","protected":false},"excerpt":{"rendered":"<p>APPLE ORCHARD #2 Wyobra\u017a sobie ciep\u0142y, jesienny wiecz\u00f3r w sadzie, pe\u0142nym dojrzewaj\u0105cych owoc\u00f3w. To uczucie chcia\u0142am zatrzyma\u0107 w kolorach osnowy, delikatnej zieleni, be\u017cu i terakotowej czerwieni. W\u0105tek w poolingu w [&hellip;]<\/p>\n","protected":false},"featured_media":1055,"template":"","meta":{"content-type":""},"product_brand":[],"product_cat":[56,53],"product_tag":[175,183,174],"class_list":{"0":"post-1054","1":"product","2":"type-product","3":"status-publish","4":"has-post-thumbnail","6":"product_cat-kominy","7":"product_cat-odziez","8":"product_tag-jesien","9":"product_tag-komin","10":"product_tag-zima","11":"product_shipping_class-mala-paczka","13":"first","14":"outofstock","15":"sold-individually","16":"shipping-taxable","17":"purchasable","18":"product-type-simple"},"jetpack_sharing_enabled":true,"_links":{"self":[{"href":"https:\/\/mavaloom.com\/en\/wp-json\/wp\/v2\/product\/1054","targetHints":{"allow":["GET"]}}],"collection":[{"href":"https:\/\/mavaloom.com\/en\/wp-json\/wp\/v2\/product"}],"about":[{"href":"https:\/\/mavaloom.com\/en\/wp-json\/wp\/v2\/types\/product"}],"wp:featuredmedia":[{"embeddable":true,"href":"https:\/\/mavaloom.com\/en\/wp-json\/wp\/v2\/media\/1055"}],"wp:attachment":[{"href":"https:\/\/mavaloom.com\/en\/wp-json\/wp\/v2\/media?parent=1054"}],"wp:term":[{"taxonomy":"product_brand","embeddable":true,"href":"https:\/\/mavaloom.com\/en\/wp-json\/wp\/v2\/product_brand?post=1054"},{"taxonomy":"product_cat","embeddable":true,"href":"https:\/\/mavaloom.com\/en\/wp-json\/wp\/v2\/product_cat?post=1054"},{"taxonomy":"product_tag","embeddable":true,"href":"https:\/\/mavaloom.com\/en\/wp-json\/wp\/v2\/product_tag?post=1054"}],"curies":[{"name":"wp","href":"https:\/\/api.w.org\/{rel}","templated":true}]}}