{"id":1059,"date":"2023-11-14T19:00:35","date_gmt":"2023-11-14T18:00:35","guid":{"rendered":"https:\/\/mavaloom.com\/?post_type=product&#038;p=1059"},"modified":"2024-01-02T12:03:50","modified_gmt":"2024-01-02T11:03:50","slug":"dunes-in-the-night-komin","status":"publish","type":"product","link":"https:\/\/mavaloom.com\/en\/product\/dunes-in-the-night-komin\/","title":{"rendered":"DUNES IN THE NIGHT cowl"},"content":{"rendered":"<div class=\"x11i5rnm xat24cr x1mh8g0r x1vvkbs xtlvy1s x126k92a\">\n<div dir=\"auto\">DUNES IN THE NIGHT<\/div>\n<\/div>\n<div dir=\"auto\"><\/div>\n<div class=\"x11i5rnm xat24cr x1mh8g0r x1vvkbs xtlvy1s x126k92a\">\n<div dir=\"auto\">The colours of sand, black, navy blue and deep sapphire in this small piece of fabric evoke an Oriental feel. Both the warp and weft in the pooling shimmer and will add a chic touch to cold-weather styling.<\/div>\n<div dir=\"auto\">\n<hr \/>\n<div dir=\"auto\">Handwoven cowl, top edge hemmed, bottom edge finished with hemstitch, stitched with a flat seam.<\/div>\n<div dir=\"auto\">Data:<\/div>\n<ul>\n<li dir=\"auto\">Warp: 100% Tencel, thick, hand dyed;<\/li>\n<li dir=\"auto\">Weft: 100% mulberry silk, thin, hand dyed;<\/li>\n<li dir=\"auto\">Length: 31 cm + fringes;<\/li>\n<li dir=\"auto\">WIdth: 34 cm;<\/li>\n<li dir=\"auto\">GSM: ~380 g\/m\u00b2;<\/li>\n<li dir=\"auto\">Date off the loom: 16.05.2023.<\/li>\n<\/ul>\n<\/div>\n<\/div>","protected":false},"excerpt":{"rendered":"<p>DUNES IN THE NIGHT Kolory piasku, czerni, granatu i g\u0142\u0119bokiego szafiru w tym niewielkim kawa\u0142ku tkaniny przywo\u0142uj\u0105 na my\u015bl klimaty orientu. Zar\u00f3wno osnowa, jak i w\u0105tek w poolingu b\u0142yszcz\u0105 i [&hellip;]<\/p>\n","protected":false},"featured_media":1060,"template":"","meta":{"content-type":""},"product_brand":[],"product_cat":[56,53],"product_tag":[175,183,174],"class_list":{"0":"post-1059","1":"product","2":"type-product","3":"status-publish","4":"has-post-thumbnail","6":"product_cat-kominy","7":"product_cat-odziez","8":"product_tag-jesien","9":"product_tag-komin","10":"product_tag-zima","11":"product_shipping_class-mala-paczka","13":"first","14":"outofstock","15":"sold-individually","16":"shipping-taxable","17":"purchasable","18":"product-type-simple"},"jetpack_sharing_enabled":true,"_links":{"self":[{"href":"https:\/\/mavaloom.com\/en\/wp-json\/wp\/v2\/product\/1059","targetHints":{"allow":["GET"]}}],"collection":[{"href":"https:\/\/mavaloom.com\/en\/wp-json\/wp\/v2\/product"}],"about":[{"href":"https:\/\/mavaloom.com\/en\/wp-json\/wp\/v2\/types\/product"}],"wp:featuredmedia":[{"embeddable":true,"href":"https:\/\/mavaloom.com\/en\/wp-json\/wp\/v2\/media\/1060"}],"wp:attachment":[{"href":"https:\/\/mavaloom.com\/en\/wp-json\/wp\/v2\/media?parent=1059"}],"wp:term":[{"taxonomy":"product_brand","embeddable":true,"href":"https:\/\/mavaloom.com\/en\/wp-json\/wp\/v2\/product_brand?post=1059"},{"taxonomy":"product_cat","embeddable":true,"href":"https:\/\/mavaloom.com\/en\/wp-json\/wp\/v2\/product_cat?post=1059"},{"taxonomy":"product_tag","embeddable":true,"href":"https:\/\/mavaloom.com\/en\/wp-json\/wp\/v2\/product_tag?post=1059"}],"curies":[{"name":"wp","href":"https:\/\/api.w.org\/{rel}","templated":true}]}}