{"id":1090,"date":"2023-12-19T11:03:36","date_gmt":"2023-12-19T10:03:36","guid":{"rendered":"https:\/\/mavaloom.com\/?post_type=product&#038;p=1090"},"modified":"2024-06-02T11:44:39","modified_gmt":"2024-06-02T09:44:39","slug":"northern-lights-chusta-dluga","status":"publish","type":"product","link":"https:\/\/mavaloom.com\/en\/product\/northern-lights-chusta-dluga\/","title":{"rendered":"NORTHERN LIGHTS long sling"},"content":{"rendered":"<div dir=\"auto\">\n<div class=\"xdj266r x11i5rnm xat24cr x1mh8g0r x1vvkbs x126k92a\">\n<div dir=\"auto\">NORTHERN LIGHTS<\/div>\n<\/div>\n<div class=\"x11i5rnm xat24cr x1mh8g0r x1vvkbs xtlvy1s x126k92a\">\n<div dir=\"auto\">Przed Wami druga siostra z osnowy AURORA, tym razem w postaci chusty d\u0142ugiej. Jedwabn\u0105 osnow\u0119 w kolorach zorzy z g\u0142\u0119bokim granatem osnowy bawe\u0142nianej zdobi\u0105 jedynie wstawki na ogonach od <span class=\"html-span xdj266r x11i5rnm xat24cr x1mh8g0r xexx8yu x4uap5 x18d9i69 xkhd6sd x1hl2dhg x16tdsg8 x1vvkbs\"><a class=\"x1i10hfl xjbqb8w x1ejq31n xd10rxx x1sy0etr x17r0tee x972fbf xcfux6l x1qhh985 xm0m39n x9f619 x1ypdohk xt0psk2 xe8uvvx xdj266r x11i5rnm xat24cr x1mh8g0r xexx8yu x4uap5 x18d9i69 xkhd6sd x16tdsg8 x1hl2dhg xggy1nq x1a2a7pz x1sur9pj xkrqix3 x1fey0fg xo1l8bm\" tabindex=\"0\" role=\"link\" href=\"https:\/\/www.facebook.com\/handspunwoolPatrycja?__cft__[0]=AZVwBRfRJQUZdXAn5NG9v-RJk1mqkoW1daEdNsCffSYq2r7V9m_SHZXVdEfXqvBXExwtlyvQUOnwdgxUxROGRhc8j2BLU5lL4glpNA3cmSlSzMPP0lkLyMsuKjjf0KiBBKEbyqnf5737QpRpFiZcptmmxRr4zNRYBUGyU6V4hTde_hlJQ7ftTUNGjA24CrvgPGDZFLCZsW3iXsAadNrArnIh&amp;__tn__=-]K-R\"><span class=\"xt0psk2\">We\u0142na r\u0119cznie prz\u0119dziona<\/span><\/a><\/span>, aplikacja z opalizuj\u0105cego koralika z fr\u0119dzelkiem oraz lu\u017ane fr\u0119dzle. Ca\u0142\u0105 reszt\u0119 tworzy splot echo, a w ruchu chusta wydaje si\u0119 ta\u0144czy\u0107 jak prawdziwa zorza na niebie. <span class=\"html-span xexx8yu x4uap5 x18d9i69 xkhd6sd x1hl2dhg x16tdsg8 x1vvkbs x3nfvp2 x1j61x8r x1fcty0u xdj266r xhhsvwb xat24cr xgzva0m xxymvpz xlup9mm x1kky2od\"><img loading=\"lazy\" decoding=\"async\" class=\"xz74otr\" src=\"https:\/\/static.xx.fbcdn.net\/images\/emoji.php\/v9\/t94\/1\/16\/1f49a.png\" alt=\"\ud83d\udc9a\" width=\"16\" height=\"16\" \/><\/span><span class=\"html-span xexx8yu x4uap5 x18d9i69 xkhd6sd x1hl2dhg x16tdsg8 x1vvkbs x3nfvp2 x1j61x8r x1fcty0u xdj266r xhhsvwb xat24cr xgzva0m xxymvpz xlup9mm x1kky2od\"><img loading=\"lazy\" decoding=\"async\" class=\"xz74otr\" src=\"https:\/\/static.xx.fbcdn.net\/images\/emoji.php\/v9\/t6c\/1\/16\/1f499.png\" alt=\"\ud83d\udc99\" width=\"16\" height=\"16\" \/><\/span><span class=\"html-span xexx8yu x4uap5 x18d9i69 xkhd6sd x1hl2dhg x16tdsg8 x1vvkbs x3nfvp2 x1j61x8r x1fcty0u xdj266r xhhsvwb xat24cr xgzva0m xxymvpz xlup9mm x1kky2od\"><img loading=\"lazy\" decoding=\"async\" class=\"xz74otr\" src=\"https:\/\/static.xx.fbcdn.net\/images\/emoji.php\/v9\/t96\/1\/16\/1f49c.png\" alt=\"\ud83d\udc9c\" width=\"16\" height=\"16\" \/><\/span><\/div>\n<div dir=\"auto\">\n<hr \/>\n<\/div>\n<\/div>\n<\/div>\n<div dir=\"auto\">Dane:<\/div>\n<ul>\n<li dir=\"auto\">Osnowa:<br \/>\nI: 100% bawe\u0142na Supima,<br \/>\nII: 100% Swiss Mountain Silk, r\u0119cznie farbowane;<\/li>\n<li dir=\"auto\">W\u0105tek: 50% baby camel, 50% jedwab mulberry, gruby, r\u0119cznie farbowany;<\/li>\n<li dir=\"auto\">Wstawki: merino\/wiskoza od We\u0142na r\u0119cznie prz\u0119dziona;<\/li>\n<li dir=\"auto\">D\u0142ugo\u015b\u0107: 390 cm + fr\u0119dzle;<\/li>\n<li dir=\"auto\">Szeroko\u015b\u0107: 74 cm;<\/li>\n<li dir=\"auto\">Gramatura: ~420 g\/m\u00b2;<\/li>\n<li dir=\"auto\">Data: 8.12.2023;<\/li>\n<li dir=\"auto\">Splot: autorski splot w technice Turned Taquete 8s.<\/li>\n<\/ul>\n<div dir=\"auto\"><\/div>\n<div dir=\"auto\">Chusta powsta\u0142a na zam\u00f3wienie indywidualne, je\u015bli chcesz mie\u0107 sw\u00f3j niepowtarzalny kawa\u0142ek tkaniny, napisz do mnie.<\/div>\n","protected":false},"excerpt":{"rendered":"<p>NORTHERN LIGHTS Przed Wami druga siostra z osnowy AURORA, tym razem w postaci chusty d\u0142ugiej. Jedwabn\u0105 osnow\u0119 w kolorach zorzy z g\u0142\u0119bokim granatem osnowy bawe\u0142nianej zdobi\u0105 jedynie wstawki na ogonach [&hellip;]<\/p>\n","protected":false},"featured_media":1246,"template":"","meta":{"content-type":""},"product_brand":[],"product_cat":[130],"product_tag":[149,150,112],"class_list":{"0":"post-1090","1":"product","2":"type-product","3":"status-publish","4":"has-post-thumbnail","6":"product_cat-indywidualne","7":"product_tag-custom","8":"product_tag-personalizacja","9":"product_tag-semi-custom","11":"first","12":"outofstock","13":"sold-individually","14":"shipping-taxable","15":"purchasable","16":"product-type-simple"},"jetpack_sharing_enabled":true,"_links":{"self":[{"href":"https:\/\/mavaloom.com\/en\/wp-json\/wp\/v2\/product\/1090","targetHints":{"allow":["GET"]}}],"collection":[{"href":"https:\/\/mavaloom.com\/en\/wp-json\/wp\/v2\/product"}],"about":[{"href":"https:\/\/mavaloom.com\/en\/wp-json\/wp\/v2\/types\/product"}],"wp:featuredmedia":[{"embeddable":true,"href":"https:\/\/mavaloom.com\/en\/wp-json\/wp\/v2\/media\/1246"}],"wp:attachment":[{"href":"https:\/\/mavaloom.com\/en\/wp-json\/wp\/v2\/media?parent=1090"}],"wp:term":[{"taxonomy":"product_brand","embeddable":true,"href":"https:\/\/mavaloom.com\/en\/wp-json\/wp\/v2\/product_brand?post=1090"},{"taxonomy":"product_cat","embeddable":true,"href":"https:\/\/mavaloom.com\/en\/wp-json\/wp\/v2\/product_cat?post=1090"},{"taxonomy":"product_tag","embeddable":true,"href":"https:\/\/mavaloom.com\/en\/wp-json\/wp\/v2\/product_tag?post=1090"}],"curies":[{"name":"wp","href":"https:\/\/api.w.org\/{rel}","templated":true}]}}