{"id":1096,"date":"2024-01-04T22:20:37","date_gmt":"2024-01-04T21:20:37","guid":{"rendered":"https:\/\/mavaloom.com\/?post_type=product&#038;p=1096"},"modified":"2024-01-10T17:39:58","modified_gmt":"2024-01-10T16:39:58","slug":"abyss-szal","status":"publish","type":"product","link":"https:\/\/mavaloom.com\/en\/product\/abyss-szal\/","title":{"rendered":"ABYSS szal"},"content":{"rendered":"<p>Hemstitched edges.<\/p>\n<p>Data:<\/p>\n<ul>\n<li>Warp: 100% Tencel, thick, hand dyed;<\/li>\n<li>Weft: 50% peppermint, 50% Tencel, hand dyed;<\/li>\n<li>D\u0142ugo\u015b\u0107: 2,05 m + fr\u0119dzle;<\/li>\n<li>Width: 70 cm;<\/li>\n<li>Data: 7.06.2023.<\/li>\n<\/ul>","protected":false},"excerpt":{"rendered":"<p>Brzegi zako\u0144czone szwem typu hemstitch. Dane: Osnowa: 100% Tencel, gruby, r\u0119cznie farbowany; W\u0105tek: 50% mi\u0119ta, 50% Tencel, r\u0119cznie farbowany; D\u0142ugo\u015b\u0107: 2,05 m + fr\u0119dzle; Szeroko\u015b\u0107: 70 cm; Data: 7.06.2023.<\/p>","protected":false},"featured_media":1098,"template":"","meta":{"content-type":""},"product_brand":[],"product_cat":[53,55],"product_tag":[],"class_list":{"0":"post-1096","1":"product","2":"type-product","3":"status-publish","4":"has-post-thumbnail","6":"product_cat-odziez","7":"product_cat-szale","9":"first","10":"outofstock","11":"sold-individually","12":"shipping-taxable","13":"purchasable","14":"product-type-simple"},"jetpack_sharing_enabled":true,"_links":{"self":[{"href":"https:\/\/mavaloom.com\/en\/wp-json\/wp\/v2\/product\/1096","targetHints":{"allow":["GET"]}}],"collection":[{"href":"https:\/\/mavaloom.com\/en\/wp-json\/wp\/v2\/product"}],"about":[{"href":"https:\/\/mavaloom.com\/en\/wp-json\/wp\/v2\/types\/product"}],"wp:featuredmedia":[{"embeddable":true,"href":"https:\/\/mavaloom.com\/en\/wp-json\/wp\/v2\/media\/1098"}],"wp:attachment":[{"href":"https:\/\/mavaloom.com\/en\/wp-json\/wp\/v2\/media?parent=1096"}],"wp:term":[{"taxonomy":"product_brand","embeddable":true,"href":"https:\/\/mavaloom.com\/en\/wp-json\/wp\/v2\/product_brand?post=1096"},{"taxonomy":"product_cat","embeddable":true,"href":"https:\/\/mavaloom.com\/en\/wp-json\/wp\/v2\/product_cat?post=1096"},{"taxonomy":"product_tag","embeddable":true,"href":"https:\/\/mavaloom.com\/en\/wp-json\/wp\/v2\/product_tag?post=1096"}],"curies":[{"name":"wp","href":"https:\/\/api.w.org\/{rel}","templated":true}]}}