{"id":1156,"date":"2024-02-14T19:00:53","date_gmt":"2024-02-14T18:00:53","guid":{"rendered":"https:\/\/mavaloom.com\/?post_type=product&#038;p=1156"},"modified":"2024-02-14T19:22:56","modified_gmt":"2024-02-14T18:22:56","slug":"plecak-emerald-ze-skrawkiem","status":"publish","type":"product","link":"https:\/\/mavaloom.com\/en\/product\/plecak-emerald-ze-skrawkiem\/","title":{"rendered":"Backpack EMERALD with scrap"},"content":{"rendered":"<p>A city backpack with two zipped compartments. The front panel is made of handwoven scrap in deep sapphire, while the rest of the bag is made of elegant black velour, which has an additional water repellent coating. It features a handle and adjustable straps. Made for MAVA Loom by Gucio Bags.<\/p>\n<p>The materials used are handwoven scrap, velour (100% polyester), waterproof lining (100% polyester) and faux leather.<\/p>\n<p>Handwoven data:<\/p>\n<ul>\n<li>Warp: 100% Swiss Mountain Silk, hand dyed;<\/li>\n<li>Weft: 100% Pima cotton, thin, hand dyed;<\/li>\n<\/ul>\n<p>Outer dimensions (\u00b11 cm):<\/p>\n<ul>\n<li>height: 26 cm;<\/li>\n<li>width: 21 cm;<\/li>\n<li>depth: 12 cm.<\/li>\n<\/ul>\n<p>Inner dimensions (\u00b11 cm):<\/p>\n<ul>\n<li>height: 24 cm;<\/li>\n<li>width: 18 cm;<\/li>\n<li>depth pocket 1: 6 cm;<\/li>\n<li>depth pocket 2: 5 cm.<\/li>\n<\/ul>","protected":false},"excerpt":{"rendered":"<p>Plecak miejski z dwiema komorami, zasuwanymi na zamek b\u0142yskawiczny. Przedni panel zosta\u0142 wykonany z r\u0119cznie tkanego skrawka w kolorze g\u0142\u0119bokiego szafiru, natomiast reszta z eleganckiego, czarnego veluru, kt\u00f3ry dodatkowo pokryty [&hellip;]<\/p>\n","protected":false},"featured_media":1114,"template":"","meta":{"content-type":""},"product_brand":[],"product_cat":[49,51],"product_tag":[120,184],"class_list":{"0":"post-1156","1":"product","2":"type-product","3":"status-publish","4":"has-post-thumbnail","6":"product_cat-akcesoria","7":"product_cat-plecaki","8":"product_tag-plecak","9":"product_tag-skrawek","11":"first","12":"outofstock","13":"sold-individually","14":"shipping-taxable","15":"purchasable","16":"product-type-simple"},"jetpack_sharing_enabled":true,"_links":{"self":[{"href":"https:\/\/mavaloom.com\/en\/wp-json\/wp\/v2\/product\/1156","targetHints":{"allow":["GET"]}}],"collection":[{"href":"https:\/\/mavaloom.com\/en\/wp-json\/wp\/v2\/product"}],"about":[{"href":"https:\/\/mavaloom.com\/en\/wp-json\/wp\/v2\/types\/product"}],"wp:featuredmedia":[{"embeddable":true,"href":"https:\/\/mavaloom.com\/en\/wp-json\/wp\/v2\/media\/1114"}],"wp:attachment":[{"href":"https:\/\/mavaloom.com\/en\/wp-json\/wp\/v2\/media?parent=1156"}],"wp:term":[{"taxonomy":"product_brand","embeddable":true,"href":"https:\/\/mavaloom.com\/en\/wp-json\/wp\/v2\/product_brand?post=1156"},{"taxonomy":"product_cat","embeddable":true,"href":"https:\/\/mavaloom.com\/en\/wp-json\/wp\/v2\/product_cat?post=1156"},{"taxonomy":"product_tag","embeddable":true,"href":"https:\/\/mavaloom.com\/en\/wp-json\/wp\/v2\/product_tag?post=1156"}],"curies":[{"name":"wp","href":"https:\/\/api.w.org\/{rel}","templated":true}]}}