{"id":1158,"date":"2024-02-14T19:00:57","date_gmt":"2024-02-14T18:00:57","guid":{"rendered":"https:\/\/mavaloom.com\/?post_type=product&#038;p=1158"},"modified":"2024-12-03T19:13:30","modified_gmt":"2024-12-03T17:13:30","slug":"torebka-box-kingfisher-ze-skrawkiem","status":"publish","type":"product","link":"https:\/\/mavaloom.com\/en\/product\/torebka-box-kingfisher-ze-skrawkiem\/","title":{"rendered":"Box bag KINGFISHER with scrap"},"content":{"rendered":"<p>A BOX bag with an additional flap pocket, despite its small size, it can really fit a lot. The front panel together with the flap made of handwoven scrap fabric in navy blue, sea green and a hint of burgundy was combined with a deep dark green velour with a water-repellent coating. The bag has a large internal zipped compartment with an additional pocket inside, an external pocket closed with a magnetic flap and a small pocket on the hidden side with a zipper. The bag has an adjustable strap. Made for MAVA Loom by Gucio Bags.<\/p>\n<p>The materials used are handwoven scrap, velour (100% polyester) and waterproof lining (100% polyester).<\/p>\n<p>Handwoven data:<\/p>\n<ul>\n<li>warp: 100% Sea Island Cotton, hand dyed;<\/li>\n<li>weft: I: 100% mulberry silk, thick, hand dyed;<br \/>\nII: 70% merino wool, 30% tussah silk, hand dyed;<\/li>\n<\/ul>\n<p>Outer dimensions (\u00b11 cm):<\/p>\n<ul>\n<li>height: 20 cm;<\/li>\n<li>width: 26 cm;<\/li>\n<li>depth: 11 cm.<\/li>\n<\/ul>\n<p>Inner dimensions (\u00b11 cm):<\/p>\n<ul>\n<li>height: 18 cm;<\/li>\n<li>width: 24 cm;<\/li>\n<li>depth: 7 cm;<\/li>\n<li>front pocket: 23 x 12 x 2,5 cm.<\/li>\n<\/ul>","protected":false},"excerpt":{"rendered":"<p>Torebka typu BOX z dodatkow\u0105 klapkow\u0105 kieszeni\u0105 zewn\u0119trzn\u0105 mimo niewielkich rozmiar\u00f3w, zmie\u015bci naprawd\u0119 sporo. Panel przedni wraz z klapk\u0105 wykonane z r\u0119cznie tkanego skrawka w kolorach granatowym, morskim, zielonym oraz [&hellip;]<\/p>\n","protected":false},"featured_media":1126,"template":"","meta":{"content-type":""},"product_brand":[],"product_cat":[49,50],"product_tag":[187,184,185,186],"class_list":{"0":"post-1158","1":"product","2":"type-product","3":"status-publish","4":"has-post-thumbnail","6":"product_cat-akcesoria","7":"product_cat-torebki","8":"product_tag-box","9":"product_tag-skrawek","10":"product_tag-torba","11":"product_tag-torebka","12":"product_shipping_class-mala-wartosciowe","14":"first","15":"outofstock","16":"sold-individually","17":"shipping-taxable","18":"purchasable","19":"product-type-simple"},"jetpack_sharing_enabled":true,"_links":{"self":[{"href":"https:\/\/mavaloom.com\/en\/wp-json\/wp\/v2\/product\/1158","targetHints":{"allow":["GET"]}}],"collection":[{"href":"https:\/\/mavaloom.com\/en\/wp-json\/wp\/v2\/product"}],"about":[{"href":"https:\/\/mavaloom.com\/en\/wp-json\/wp\/v2\/types\/product"}],"wp:featuredmedia":[{"embeddable":true,"href":"https:\/\/mavaloom.com\/en\/wp-json\/wp\/v2\/media\/1126"}],"wp:attachment":[{"href":"https:\/\/mavaloom.com\/en\/wp-json\/wp\/v2\/media?parent=1158"}],"wp:term":[{"taxonomy":"product_brand","embeddable":true,"href":"https:\/\/mavaloom.com\/en\/wp-json\/wp\/v2\/product_brand?post=1158"},{"taxonomy":"product_cat","embeddable":true,"href":"https:\/\/mavaloom.com\/en\/wp-json\/wp\/v2\/product_cat?post=1158"},{"taxonomy":"product_tag","embeddable":true,"href":"https:\/\/mavaloom.com\/en\/wp-json\/wp\/v2\/product_tag?post=1158"}],"curies":[{"name":"wp","href":"https:\/\/api.w.org\/{rel}","templated":true}]}}