{"id":1160,"date":"2024-02-14T19:00:58","date_gmt":"2024-02-14T18:00:58","guid":{"rendered":"https:\/\/mavaloom.com\/?post_type=product&#038;p=1160"},"modified":"2024-02-13T21:56:20","modified_gmt":"2024-02-13T20:56:20","slug":"torebka-mini-minty-2-ze-skrawkiem","status":"publish","type":"product","link":"https:\/\/mavaloom.com\/en\/product\/torebka-mini-minty-2-ze-skrawkiem\/","title":{"rendered":"Mini bag MINTY #2 with scrap"},"content":{"rendered":"<p>This small sized bag is perfect for a night out, a walk or meeting friends. The top pocket flap made of handwoven scrap in mint, white, blue with a touch of black is accompanied by a navy blue velour with a water repellent coating. The bag has one main zipped compartment, an external pocket closed with a magnetic flap and a small pocket on the hidden side with a zip. The front flap is decorated with a small tassel, made of the same threads as the scrap warp. The bag has an adjustable strap. Made for MAVA Loom by Gucio Bags.<\/p>\n<p>The materials used are handwoven scrap, velour (100% polyester) and waterproof lining (100% polyester).<\/p>\n<p>Handwoven data:<\/p>\n<ul>\n<li>Warp:<br \/>\nI: 100% Swiss Mountain Silk extra thick, hand dyed;<br \/>\nII: 89% Swiss Mountain Silk, 11% Lurex, hand dyed;<\/li>\n<li>Weft: 100% pearl viscose, hand dyed;<\/li>\n<\/ul>\n<p>Outer dimensions (\u00b11 cm):<\/p>\n<ul>\n<li>height: 20 cm;<\/li>\n<li>width: 20 cm;<\/li>\n<li>depth: 7 cm.<\/li>\n<\/ul>\n<p>Inner dimensions (\u00b11 cm):<\/p>\n<ul>\n<li>height: 19 cm;<\/li>\n<li>width: 18 cm;<\/li>\n<li>depth: 5 cm;<\/li>\n<li>outer pocket: 12 cm x 16 cm.<\/li>\n<\/ul>","protected":false},"excerpt":{"rendered":"<p>Ta niewielkich rozmiar\u00f3w torebka \u015bwietnie sprawdzi si\u0119 na wieczorne wyj\u015bcia, spacer czy spotkanie z przyjaci\u00f3\u0142mi. Klapka wierzchniej kieszeni wykonana z r\u0119cznie tkanego skrawka w kolorach mi\u0119ty, bieli, niebieskim z odrobin\u0105 [&hellip;]<\/p>\n","protected":false},"featured_media":1145,"template":"","meta":{"content-type":""},"product_brand":[],"product_cat":[49,50],"product_tag":[188,184,185,186],"class_list":{"0":"post-1160","1":"product","2":"type-product","3":"status-publish","4":"has-post-thumbnail","6":"product_cat-akcesoria","7":"product_cat-torebki","8":"product_tag-mini","9":"product_tag-skrawek","10":"product_tag-torba","11":"product_tag-torebka","12":"product_shipping_class-mala-wartosciowe","14":"first","15":"instock","16":"sold-individually","17":"shipping-taxable","18":"purchasable","19":"product-type-simple"},"jetpack_sharing_enabled":true,"_links":{"self":[{"href":"https:\/\/mavaloom.com\/en\/wp-json\/wp\/v2\/product\/1160","targetHints":{"allow":["GET"]}}],"collection":[{"href":"https:\/\/mavaloom.com\/en\/wp-json\/wp\/v2\/product"}],"about":[{"href":"https:\/\/mavaloom.com\/en\/wp-json\/wp\/v2\/types\/product"}],"wp:featuredmedia":[{"embeddable":true,"href":"https:\/\/mavaloom.com\/en\/wp-json\/wp\/v2\/media\/1145"}],"wp:attachment":[{"href":"https:\/\/mavaloom.com\/en\/wp-json\/wp\/v2\/media?parent=1160"}],"wp:term":[{"taxonomy":"product_brand","embeddable":true,"href":"https:\/\/mavaloom.com\/en\/wp-json\/wp\/v2\/product_brand?post=1160"},{"taxonomy":"product_cat","embeddable":true,"href":"https:\/\/mavaloom.com\/en\/wp-json\/wp\/v2\/product_cat?post=1160"},{"taxonomy":"product_tag","embeddable":true,"href":"https:\/\/mavaloom.com\/en\/wp-json\/wp\/v2\/product_tag?post=1160"}],"curies":[{"name":"wp","href":"https:\/\/api.w.org\/{rel}","templated":true}]}}