{"id":1162,"date":"2024-02-14T19:00:20","date_gmt":"2024-02-14T18:00:20","guid":{"rendered":"https:\/\/mavaloom.com\/?post_type=product&#038;p=1162"},"modified":"2024-02-14T19:08:07","modified_gmt":"2024-02-14T18:08:07","slug":"nerka-flowers-2-ze-skrawkiem","status":"publish","type":"product","link":"https:\/\/mavaloom.com\/en\/product\/nerka-flowers-2-ze-skrawkiem\/","title":{"rendered":"Hip bag FLOWERS #2 with scrap"},"content":{"rendered":"<p>A hip bag, hip pouch, a small type of bag that can be worn either on the hip or slung over the shoulder. It has a main compartment, an additional front pocket decorated with a handwoven scrap in shades of purple and red, and a pocket on the hidden side, all zipped. It is made of navy blue pleasant velour with a water repellent coating. The bag has a detachable adjustable strap, detachable in the form of snap hooks. Made for MAVA Loom by Gucio Bags.<\/p>\n<p>The materials used are handwoven scrap, velour (100% polyester) and waterproof lining (100% polyester).<\/p>\n<p>Handwoven data:<\/p>\n<ul>\n<li>Warp: 100% thick Supima cotton, hand dyed;<\/li>\n<li>Weft: 80% mulberry silk, 20% rose, hand dyed;<\/li>\n<\/ul>\n<p>Outer dimensions (\u00b11 cm):<\/p>\n<ul>\n<li>height: 14 cm;<\/li>\n<li>width: 31 cm;<\/li>\n<li>depth: 9 cm.<\/li>\n<\/ul>\n<p>Inner dimensions (\u00b11 cm):<\/p>\n<ul>\n<li>height: 13 cm;<\/li>\n<li>bottom width: 19 cm;<\/li>\n<li>depth: 5 cm;<\/li>\n<li>front pocket: 19 x 9 x 2 cm.<\/li>\n<\/ul>","protected":false},"excerpt":{"rendered":"<p>Nerka, saszetka biodrowa, niewielki rodzaj torebki, kt\u00f3r\u0105 mo\u017cna nosi\u0107 zar\u00f3wno na biodrach, jak i zawiesi\u0107 przez rami\u0119. Posiada g\u0142\u00f3wn\u0105 komor\u0119, dodatkow\u0105 frontow\u0105 kiesze\u0144 zdobion\u0105 r\u0119cznie tkanym skrawkiem w odcieniach fiolet\u00f3w [&hellip;]<\/p>\n","protected":false},"featured_media":1152,"template":"","meta":{"content-type":""},"product_brand":[],"product_cat":[49,50],"product_tag":[189,190,184],"class_list":{"0":"post-1162","1":"product","2":"type-product","3":"status-publish","4":"has-post-thumbnail","6":"product_cat-akcesoria","7":"product_cat-torebki","8":"product_tag-nerka","9":"product_tag-saszetka","10":"product_tag-skrawek","11":"product_shipping_class-mala-wartosciowe","13":"first","14":"instock","15":"sold-individually","16":"shipping-taxable","17":"purchasable","18":"product-type-simple"},"jetpack_sharing_enabled":true,"_links":{"self":[{"href":"https:\/\/mavaloom.com\/en\/wp-json\/wp\/v2\/product\/1162","targetHints":{"allow":["GET"]}}],"collection":[{"href":"https:\/\/mavaloom.com\/en\/wp-json\/wp\/v2\/product"}],"about":[{"href":"https:\/\/mavaloom.com\/en\/wp-json\/wp\/v2\/types\/product"}],"wp:featuredmedia":[{"embeddable":true,"href":"https:\/\/mavaloom.com\/en\/wp-json\/wp\/v2\/media\/1152"}],"wp:attachment":[{"href":"https:\/\/mavaloom.com\/en\/wp-json\/wp\/v2\/media?parent=1162"}],"wp:term":[{"taxonomy":"product_brand","embeddable":true,"href":"https:\/\/mavaloom.com\/en\/wp-json\/wp\/v2\/product_brand?post=1162"},{"taxonomy":"product_cat","embeddable":true,"href":"https:\/\/mavaloom.com\/en\/wp-json\/wp\/v2\/product_cat?post=1162"},{"taxonomy":"product_tag","embeddable":true,"href":"https:\/\/mavaloom.com\/en\/wp-json\/wp\/v2\/product_tag?post=1162"}],"curies":[{"name":"wp","href":"https:\/\/api.w.org\/{rel}","templated":true}]}}