{"id":1168,"date":"2024-03-08T08:31:07","date_gmt":"2024-03-08T07:31:07","guid":{"rendered":"https:\/\/mavaloom.com\/?post_type=product&#038;p=1168"},"modified":"2025-09-01T00:08:04","modified_gmt":"2025-08-31T22:08:04","slug":"forest-fairy-komin","status":"publish","type":"product","link":"https:\/\/mavaloom.com\/en\/product\/forest-fairy-komin\/","title":{"rendered":"FOREST FAIRY cowl"},"content":{"rendered":"<p>FOREST FAIRY<\/p>\n<p>In the farthest reaches of the forest, a weft in a dark, deep green has taken up it's place on a gold and ecru warp. This cowl will wrap you up in its softness like a cloud. Precious yak wool and cashmere together with silk form an extremely fine blend that will keep you warm and provide good insulation.<\/p>\n<hr \/>\n<p>Data:<\/p>\n<ul>\n<li>\n<div dir=\"auto\">Warp: 50% mulberry silk, 50% cashmere, hand dyed;<\/div>\n<\/li>\n<li>\n<div dir=\"auto\">Weft: 50% mulberry silk, 50% yak wool, hand dyed;<\/div>\n<\/li>\n<li>\n<div dir=\"auto\">Inlays: handspun rose viscose by <a href=\"https:\/\/www.facebook.com\/handspunwoolPatrycja\">We\u0142na r\u0119cznie prz\u0119dziona (Handspun wool)<\/a>;<\/div>\n<\/li>\n<li>\n<div dir=\"auto\">Height: 43 cm + fringes;<\/div>\n<\/li>\n<li>\n<div dir=\"auto\">Width: 35 cm;<\/div>\n<\/li>\n<li>Density: ~380 g\/m\u00b2<\/li>\n<li>Date off the loom: 3.01.2024<\/li>\n<\/ul>","protected":false},"excerpt":{"rendered":"<p>FOREST FAIRY W najdalszych zak\u0105tkach lasu , na z\u0142otej i ecru osnowie zago\u015bci\u0142 w\u0105tek w ciemnej, g\u0142\u0119bokiej zieleni. Ten komin otuli Ci\u0119 swoj\u0105 mi\u0119kko\u015bci\u0105 niczym chmurka. Szlachetne we\u0142ny z jaka [&hellip;]<\/p>\n","protected":false},"featured_media":1169,"template":"","meta":{"content-type":""},"product_brand":[],"product_cat":[56,53],"product_tag":[175,183,192,174],"class_list":{"0":"post-1168","1":"product","2":"type-product","3":"status-publish","4":"has-post-thumbnail","6":"product_cat-kominy","7":"product_cat-odziez","8":"product_tag-jesien","9":"product_tag-komin","10":"product_tag-wiosna","11":"product_tag-zima","12":"product_shipping_class-mala-paczka","14":"first","15":"instock","16":"sold-individually","17":"shipping-taxable","18":"purchasable","19":"product-type-simple"},"jetpack_sharing_enabled":true,"_links":{"self":[{"href":"https:\/\/mavaloom.com\/en\/wp-json\/wp\/v2\/product\/1168","targetHints":{"allow":["GET"]}}],"collection":[{"href":"https:\/\/mavaloom.com\/en\/wp-json\/wp\/v2\/product"}],"about":[{"href":"https:\/\/mavaloom.com\/en\/wp-json\/wp\/v2\/types\/product"}],"wp:featuredmedia":[{"embeddable":true,"href":"https:\/\/mavaloom.com\/en\/wp-json\/wp\/v2\/media\/1169"}],"wp:attachment":[{"href":"https:\/\/mavaloom.com\/en\/wp-json\/wp\/v2\/media?parent=1168"}],"wp:term":[{"taxonomy":"product_brand","embeddable":true,"href":"https:\/\/mavaloom.com\/en\/wp-json\/wp\/v2\/product_brand?post=1168"},{"taxonomy":"product_cat","embeddable":true,"href":"https:\/\/mavaloom.com\/en\/wp-json\/wp\/v2\/product_cat?post=1168"},{"taxonomy":"product_tag","embeddable":true,"href":"https:\/\/mavaloom.com\/en\/wp-json\/wp\/v2\/product_tag?post=1168"}],"curies":[{"name":"wp","href":"https:\/\/api.w.org\/{rel}","templated":true}]}}