{"id":1177,"date":"2024-03-08T08:31:52","date_gmt":"2024-03-08T07:31:52","guid":{"rendered":"https:\/\/mavaloom.com\/?post_type=product&#038;p=1177"},"modified":"2025-09-01T00:08:03","modified_gmt":"2025-08-31T22:08:03","slug":"good-witch-komin","status":"publish","type":"product","link":"https:\/\/mavaloom.com\/en\/product\/good-witch-komin\/","title":{"rendered":"GOOD WITCH cowl"},"content":{"rendered":"<p>GOOD WITCH<\/p>\n<p>On a gold and ecru warp, the weft in powder pink and gold in delicate pooling create a fabulous combination. Complemented with inlays and long fringes, this silk and cashmere cowl will wrap you up, keep you warm and make you feel special. Trust me, I'm a Good Witch.<\/p>\n<hr \/>\n<p>Data:<\/p>\n<ul>\n<li>\n<div dir=\"auto\">Warp: 50% mulberry silk, 50% cashmere, hand dyed;<\/div>\n<\/li>\n<li>\n<div dir=\"auto\">Weft: 100% Swiss Mountain Silk, hand dyed;<\/div>\n<\/li>\n<li>\n<div dir=\"auto\">Inlays: handspun merino\/viscose by <a href=\"https:\/\/www.facebook.com\/handspunwoolPatrycja\">We\u0142na r\u0119cznie prz\u0119dziona (Handspun wool)<\/a>;<\/div>\n<\/li>\n<li>\n<div dir=\"auto\">Height: 50 cm + fringes;<\/div>\n<\/li>\n<li>\n<div dir=\"auto\">WIdth: 34 cm;<\/div>\n<\/li>\n<li>Density: ~330 g\/m\u00b2<\/li>\n<li>Date off the loom: 3.01.2024<\/li>\n<\/ul>","protected":false},"excerpt":{"rendered":"<p>GOOD WITCH Na z\u0142otej i ecru osnowie w\u0105tek w kolorach pudrowego r\u00f3\u017cu oraz z\u0142ota w delikatnym poolingu tworz\u0105 bajkowe po\u0142\u0105czenie. Uzupe\u0142niony wstawkami oraz d\u0142ugimi fr\u0119dzlami, ten komin z jedwabiu oraz [&hellip;]<\/p>\n","protected":false},"featured_media":1173,"template":"","meta":{"content-type":""},"product_brand":[],"product_cat":[56,53],"product_tag":[175,183,192,174],"class_list":{"0":"post-1177","1":"product","2":"type-product","3":"status-publish","4":"has-post-thumbnail","6":"product_cat-kominy","7":"product_cat-odziez","8":"product_tag-jesien","9":"product_tag-komin","10":"product_tag-wiosna","11":"product_tag-zima","12":"product_shipping_class-mala-paczka","14":"first","15":"instock","16":"sold-individually","17":"shipping-taxable","18":"purchasable","19":"product-type-simple"},"jetpack_sharing_enabled":true,"_links":{"self":[{"href":"https:\/\/mavaloom.com\/en\/wp-json\/wp\/v2\/product\/1177","targetHints":{"allow":["GET"]}}],"collection":[{"href":"https:\/\/mavaloom.com\/en\/wp-json\/wp\/v2\/product"}],"about":[{"href":"https:\/\/mavaloom.com\/en\/wp-json\/wp\/v2\/types\/product"}],"wp:featuredmedia":[{"embeddable":true,"href":"https:\/\/mavaloom.com\/en\/wp-json\/wp\/v2\/media\/1173"}],"wp:attachment":[{"href":"https:\/\/mavaloom.com\/en\/wp-json\/wp\/v2\/media?parent=1177"}],"wp:term":[{"taxonomy":"product_brand","embeddable":true,"href":"https:\/\/mavaloom.com\/en\/wp-json\/wp\/v2\/product_brand?post=1177"},{"taxonomy":"product_cat","embeddable":true,"href":"https:\/\/mavaloom.com\/en\/wp-json\/wp\/v2\/product_cat?post=1177"},{"taxonomy":"product_tag","embeddable":true,"href":"https:\/\/mavaloom.com\/en\/wp-json\/wp\/v2\/product_tag?post=1177"}],"curies":[{"name":"wp","href":"https:\/\/api.w.org\/{rel}","templated":true}]}}