{"id":1187,"date":"2024-04-10T13:05:18","date_gmt":"2024-04-10T12:05:18","guid":{"rendered":"https:\/\/mavaloom.com\/?post_type=product&#038;p=1187"},"modified":"2025-09-01T00:08:05","modified_gmt":"2025-08-31T22:08:05","slug":"morrocan-night-chusta-kolkowa","status":"publish","type":"product","link":"https:\/\/mavaloom.com\/en\/product\/morrocan-night-chusta-kolkowa\/","title":{"rendered":"MORROCAN NIGHT ring sing"},"content":{"rendered":"<div dir=\"auto\">MORROCAN NIGHT<\/div>\n<div dir=\"auto\">Ring sling in the colours of precious sapphire and deep brown makes me think of an oriental warm night and the scent of spices. The warp is illuminated by a shimmering weft in navy blue, brown and ecru, which creates a patterned pooling. I decorated the tail with colour blocks in sapphire blue and embroidery with a hint of red, as well as twisted fringes. The shawl is soft with a balanced grip and glide thanks to the combination of cotton in the warp and viscose in the weft.<\/div>\n<div dir=\"auto\">\n<hr \/>\n<\/div>\n<div dir=\"auto\">Ring sling with large aluminum rings in sapphire blue, twisted fringes, hemstitched edge.<\/div>\n<div dir=\"auto\">Data:<\/div>\n<div dir=\"auto\">\n<ul>\n<li>Warp: 100% Sea Island Cotton, thick, hand dyed;<\/li>\n<li>Weft:<br \/>\nI: 50% green tea, 50% Modal, hand dyed;<br \/>\nII: (blocks) 80% mulberry silk, 20% rose, hand dyed;<\/li>\n<li>Length: RS 195 cm + twisted fringes;<\/li>\n<li>Width: 67 cm;<\/li>\n<li>Density: ~380 g\/m\u00b2;<\/li>\n<li>Date off the loom: 6.03.2024.<\/li>\n<\/ul>\n<\/div>","protected":false},"excerpt":{"rendered":"<p>MORROCAN NIGHT Chusta k\u00f3\u0142kowa w kolorach szlachetnego szafiru i g\u0142\u0119bokiego br\u0105zu kojarzy mi si\u0119 z orientaln\u0105 ciep\u0142\u0105 noc\u0105 i zapachem przypraw. Osnow\u0119 roz\u015bwietla po\u0142yskuj\u0105cy w\u0105tek w kolorach granatu, br\u0105zu i [&hellip;]<\/p>\n","protected":false},"featured_media":1190,"template":"","meta":{"content-type":""},"product_brand":[],"product_cat":[74,83],"product_tag":[193,194],"class_list":{"0":"post-1187","1":"product","2":"type-product","3":"status-publish","4":"has-post-thumbnail","6":"product_cat-chusty","7":"product_cat-kolkowe","8":"product_tag-haft","9":"product_tag-rs","11":"first","12":"outofstock","13":"shipping-taxable","14":"purchasable","15":"product-type-simple"},"jetpack_sharing_enabled":true,"_links":{"self":[{"href":"https:\/\/mavaloom.com\/en\/wp-json\/wp\/v2\/product\/1187","targetHints":{"allow":["GET"]}}],"collection":[{"href":"https:\/\/mavaloom.com\/en\/wp-json\/wp\/v2\/product"}],"about":[{"href":"https:\/\/mavaloom.com\/en\/wp-json\/wp\/v2\/types\/product"}],"wp:featuredmedia":[{"embeddable":true,"href":"https:\/\/mavaloom.com\/en\/wp-json\/wp\/v2\/media\/1190"}],"wp:attachment":[{"href":"https:\/\/mavaloom.com\/en\/wp-json\/wp\/v2\/media?parent=1187"}],"wp:term":[{"taxonomy":"product_brand","embeddable":true,"href":"https:\/\/mavaloom.com\/en\/wp-json\/wp\/v2\/product_brand?post=1187"},{"taxonomy":"product_cat","embeddable":true,"href":"https:\/\/mavaloom.com\/en\/wp-json\/wp\/v2\/product_cat?post=1187"},{"taxonomy":"product_tag","embeddable":true,"href":"https:\/\/mavaloom.com\/en\/wp-json\/wp\/v2\/product_tag?post=1187"}],"curies":[{"name":"wp","href":"https:\/\/api.w.org\/{rel}","templated":true}]}}