{"id":1235,"date":"2024-05-14T13:21:36","date_gmt":"2024-05-14T11:21:36","guid":{"rendered":"https:\/\/mavaloom.com\/?post_type=product&#038;p=1235"},"modified":"2024-12-01T12:15:43","modified_gmt":"2024-12-01T10:15:43","slug":"berries-and-caramel","status":"publish","type":"product","link":"https:\/\/mavaloom.com\/en\/product\/berries-and-caramel\/","title":{"rendered":"BERRIES AND CARAMEL cowl"},"content":{"rendered":"<p>BERRIES AND CARAMEL<\/p>\n<p>A handwoven cowl in colours of caramel, purples and maroons will wrap you in the softness of dandelion and yak wool. Both warp and weft gently shimmer with a satin sheen. Embellished with inlays and long loose fringes with hemstitch. Sweetness itself!<\/p>\n<hr \/>\n<p>Data:<\/p>\n<ul>\n<li>\n<div dir=\"auto\">Warp: 50% dandelion, 50% Tencel, thick, hand dyed;<\/div>\n<\/li>\n<li>\n<div dir=\"auto\">Weft: 50% mulberry silk, 50% yak wool, hand dyed;<\/div>\n<\/li>\n<li>\n<div dir=\"auto\">Inlays: handspun merino <a href=\"https:\/\/www.facebook.com\/profile.php?id=100064958613478\">Moon Spindle<\/a>;<\/div>\n<\/li>\n<li>\n<div dir=\"auto\">Height: 40 cm + fringes;<\/div>\n<\/li>\n<li>\n<div dir=\"auto\">Width: 34,5 cm;<\/div>\n<\/li>\n<li>Density: ~450 g\/m\u00b2;<\/li>\n<li>Date off the loom: 10.04.2024.<\/li>\n<\/ul>","protected":false},"excerpt":{"rendered":"<p>BERRIES AND CARAMEL R\u0119cznie tkany komin w kolorach karmelu oraz fiolet\u00f3w i bordo otuli mi\u0119kko\u015bci\u0105 mniszka oraz we\u0142ny jaka. Zar\u00f3wno osnowa, jak i w\u0105tek delikatnie po\u0142yskuj\u0105 satynowym blaskiem. Ozdobiony wstawkami [&hellip;]<\/p>\n","protected":false},"featured_media":1236,"template":"","meta":{"content-type":""},"product_brand":[],"product_cat":[56,53],"product_tag":[175,183,192],"class_list":{"0":"post-1235","1":"product","2":"type-product","3":"status-publish","4":"has-post-thumbnail","6":"product_cat-kominy","7":"product_cat-odziez","8":"product_tag-jesien","9":"product_tag-komin","10":"product_tag-wiosna","11":"product_shipping_class-mala-paczka","13":"first","14":"outofstock","15":"sold-individually","16":"shipping-taxable","17":"purchasable","18":"product-type-simple"},"jetpack_sharing_enabled":true,"_links":{"self":[{"href":"https:\/\/mavaloom.com\/en\/wp-json\/wp\/v2\/product\/1235","targetHints":{"allow":["GET"]}}],"collection":[{"href":"https:\/\/mavaloom.com\/en\/wp-json\/wp\/v2\/product"}],"about":[{"href":"https:\/\/mavaloom.com\/en\/wp-json\/wp\/v2\/types\/product"}],"wp:featuredmedia":[{"embeddable":true,"href":"https:\/\/mavaloom.com\/en\/wp-json\/wp\/v2\/media\/1236"}],"wp:attachment":[{"href":"https:\/\/mavaloom.com\/en\/wp-json\/wp\/v2\/media?parent=1235"}],"wp:term":[{"taxonomy":"product_brand","embeddable":true,"href":"https:\/\/mavaloom.com\/en\/wp-json\/wp\/v2\/product_brand?post=1235"},{"taxonomy":"product_cat","embeddable":true,"href":"https:\/\/mavaloom.com\/en\/wp-json\/wp\/v2\/product_cat?post=1235"},{"taxonomy":"product_tag","embeddable":true,"href":"https:\/\/mavaloom.com\/en\/wp-json\/wp\/v2\/product_tag?post=1235"}],"curies":[{"name":"wp","href":"https:\/\/api.w.org\/{rel}","templated":true}]}}