{"id":125,"date":"2023-03-29T09:01:19","date_gmt":"2023-03-29T08:01:19","guid":{"rendered":"https:\/\/mavaloom.com\/?post_type=product&#038;p=125"},"modified":"2024-11-25T19:58:46","modified_gmt":"2024-11-25T17:58:46","slug":"restless-waters","status":"publish","type":"product","link":"https:\/\/mavaloom.com\/en\/product\/restless-waters\/","title":{"rendered":"RESTLESS WATERS long sling"},"content":{"rendered":"<div dir=\"auto\">The wrap reflects the cloudy surface of the water. To best reflect the impression of rough waves, I decided to weave the wrap in a weave designed by me in the Turned Taquet\u00e9 technique. A dark warp of thick silk is intertwined with a light silk warp with sparkles, creating an image of disturbed waters. The wildness and unbridledness of the water are emphasized by the fringes, among which there are droplets of beads.<\/div>\n<div dir=\"auto\">Will you immerse yourself in it?<\/div>\n<hr \/>\n<div dir=\"auto\">The wrap has a small middle marker on one selvedge, other selvedge with no marker, mixed fringes with glass beads, edges winished with hemstitches.<\/div>\n<div dir=\"auto\"><\/div>\n<div dir=\"auto\"><span style=\"font-size: 1rem;\">Data:<\/span><\/div>\n<div dir=\"auto\">\n<ul>\n<li style=\"list-style-type: none;\">\n<ul>\n<li>Warp:<br \/>\nI: 100% Swiss Mountain Silk 5\/2,<br \/>\nII: 89% Swiss Mountain Silk, 11% Lurex, all hand dyed;<\/li>\n<li>Weft: 70% Swiss Mountain Silk, 30% SeaCell, hand dyed;<\/li>\n<li>Length: 375 cm + fringes with beads;<\/li>\n<li>Width: 71 cm;<\/li>\n<li>GSM: ~430 g\/m2<\/li>\n<li>Date off the loom: 21st August 2022<\/li>\n<\/ul>\n<\/li>\n<\/ul>\n<div dir=\"auto\">Author's design in Turned Taquete 8s technique.<\/div>\n<div dir=\"auto\">Pictures: <a href=\"https:\/\/www.facebook.com\/katarzynaklimekfotografia\">Katarzyna Klimek-Krezel<\/a>.<\/div>\n<\/div>","protected":false},"excerpt":{"rendered":"<p>Chusta odzwierciedla zm\u0105con\u0105 tafl\u0119 wody. Aby jak najlepiej odda\u0107 wra\u017cenie wzburzonych fal, zdecydowa\u0142am si\u0119 utka\u0107 chust\u0119 w zaprojektowanym przeze mnie splocie w technice Turned Taquet\u00e9. Ciemna osnowa z grubego jedwabiu [&hellip;]<\/p>\n","protected":false},"featured_media":271,"template":"","meta":{"content-type":""},"product_brand":[],"product_cat":[74,81],"product_tag":[64,117,118],"class_list":{"0":"post-125","1":"product","2":"type-product","3":"status-publish","4":"has-post-thumbnail","6":"product_cat-chusty","7":"product_cat-dlugie","8":"product_tag-echo","9":"product_tag-jedwab","10":"product_tag-seacell","12":"first","13":"outofstock","14":"sold-individually","15":"shipping-taxable","16":"purchasable","17":"product-type-simple"},"jetpack_sharing_enabled":true,"_links":{"self":[{"href":"https:\/\/mavaloom.com\/en\/wp-json\/wp\/v2\/product\/125","targetHints":{"allow":["GET"]}}],"collection":[{"href":"https:\/\/mavaloom.com\/en\/wp-json\/wp\/v2\/product"}],"about":[{"href":"https:\/\/mavaloom.com\/en\/wp-json\/wp\/v2\/types\/product"}],"wp:featuredmedia":[{"embeddable":true,"href":"https:\/\/mavaloom.com\/en\/wp-json\/wp\/v2\/media\/271"}],"wp:attachment":[{"href":"https:\/\/mavaloom.com\/en\/wp-json\/wp\/v2\/media?parent=125"}],"wp:term":[{"taxonomy":"product_brand","embeddable":true,"href":"https:\/\/mavaloom.com\/en\/wp-json\/wp\/v2\/product_brand?post=125"},{"taxonomy":"product_cat","embeddable":true,"href":"https:\/\/mavaloom.com\/en\/wp-json\/wp\/v2\/product_cat?post=125"},{"taxonomy":"product_tag","embeddable":true,"href":"https:\/\/mavaloom.com\/en\/wp-json\/wp\/v2\/product_tag?post=125"}],"curies":[{"name":"wp","href":"https:\/\/api.w.org\/{rel}","templated":true}]}}