{"id":1288,"date":"2024-08-30T16:07:48","date_gmt":"2024-08-30T14:07:48","guid":{"rendered":"https:\/\/mavaloom.com\/?post_type=product&#038;p=1288"},"modified":"2024-10-01T19:08:00","modified_gmt":"2024-10-01T17:08:00","slug":"klobuk-chusta-dluga","status":"publish","type":"product","link":"https:\/\/mavaloom.com\/en\/product\/klobuk-chusta-dluga\/","title":{"rendered":"K\u0141OBUK long sling"},"content":{"rendered":"<p>Chusta utkana na <span class=\"html-span xdj266r x11i5rnm xat24cr x1mh8g0r xexx8yu x4uap5 x18d9i69 xkhd6sd x1hl2dhg x16tdsg8 x1vvkbs\"><a class=\"x1i10hfl xjbqb8w x1ejq31n xd10rxx x1sy0etr x17r0tee x972fbf xcfux6l x1qhh985 xm0m39n x9f619 x1ypdohk xt0psk2 xe8uvvx xdj266r x11i5rnm xat24cr x1mh8g0r xexx8yu x4uap5 x18d9i69 xkhd6sd x16tdsg8 x1hl2dhg xggy1nq x1a2a7pz x1sur9pj xkrqix3 x1fey0fg xo1l8bm\" tabindex=\"0\" role=\"link\" href=\"https:\/\/www.facebook.com\/profile.php?id=100083577872110&amp;__cft__[0]=AZXgUmHal-qFMWL9GO51-_aZDCKZX1Eqk5qil_8TfDJFlPfD7vtrusHoT42zhH6S7oQYznN1AkX_l7RGdJOYArHTBbiwaAtGYo1MW3JsD29hZTeF7URJT6v1DiCVk2UsLBAYuEy0yNYQj14EYqZrC03t6MrbB_BJrbJcMsy_cijGMjm_d6PhGGF0LYWP9QmFDsnFHu-w7unJmlVSqqfrz2IY&amp;__tn__=-]K-R\"><span class=\"xt0psk2\">Tkana Sztuka &#8211; Chustowy Konkurs Tkacki 2024<\/span><\/a><\/span>, kt\u00f3rego tematem by\u0142 Mazurski Sen. Praca zdoby\u0142a 1. miejsce w g\u0142osowaniu Jury oraz 1. miejsce w g\u0142osowaniu Tkaczek.<\/p>\n<p>\u201eK\u0142obuk to z\u0142y duch ni\u017cszego rz\u0119du. Zamieszkiwa\u0142 tereny le\u015bne, jednak od czasu do czasu, najcz\u0119\u015bciej podczas zimnej, jesiennej ulewy, podchodzi\u0142 pod ludzkie domostwa. Przybiera\u0142 wtedy posta\u0107 czarnego, podobnego do kurczaka ptaszyska, przysiada\u0142 na p\u0142ocie i czeka\u0142, a\u017c kt\u00f3ry\u015b z wie\u015bniak\u00f3w zlituje si\u0119 i zabierze go do swojej chaty. Kiedy k\u0142obuk zadomowi\u0142 si\u0119 ju\u017c w ciep\u0142ej izbie, zaczyna\u0142 znosi\u0107 swoim gospodarzom r\u00f3\u017cne dobra, kt\u00f3re krad\u0142 innym mieszka\u0144com wsi. (\u2026) Czasem gospodarze, czy to kierowani wyrzutami sumienia, czy po prostu nabrawszy wystarczaj\u0105co du\u017co kradzionego towaru, decydowali si\u0119 wygoni\u0107 k\u0142opotliwego pomocnika. (\u2026) Niestety, wszystko, co zd\u0105\u017cy\u0142 do tego momentu naznosi\u0107 swoim dobrodziejom, zamienia\u0142o si\u0119 w smrodliwe \u0142ajno\u2026\u201d<br \/>\nP. Zych, W. Vargas, \u201cBestiariusz S\u0142owia\u0144ski\u201d, BOSZ, Olszanica 2015, s. 104, ISBN 978-83-7576-221-1.<\/p>\n<div class=\"x11i5rnm xat24cr x1mh8g0r x1vvkbs xtlvy1s x126k92a\">\n<p dir=\"auto\">Postanowi\u0142am si\u0119gn\u0105\u0107 do mazurskich wierze\u0144 i legend i pokaza\u0107 Mazury z nieco innej strony. Na osnowie znajduje si\u0119 miks 13 r\u00f3\u017cnych prz\u0119dz, aby uzyska\u0107 nieregularno\u015b\u0107 kolor\u00f3w i faktur, w\u015br\u00f3d nich r\u00f3wnie\u017c nici ze z\u0142otym b\u0142yskiem, dzi\u0119ki czemu chusta mieni si\u0119 i iskrzy. W blokach oraz haftach u\u017cyta zosta\u0142a r\u00f3wnie\u017c po\u0142yskliwa nitka, aby odda\u0107 charakter k\u0142obuka, kt\u00f3ry to przecie\u017c znosi\u0142 gospodarzom skarby. Ogony oraz \u015brodek ozdobione zosta\u0142y \u015bciegami haftowymi, opr\u00f3cz tego na ogonach znajdziemy delikatnie mieni\u0105ce si\u0119 koraliki oraz skarby w postaci monetek oraz z\u0142otych bry\u0142ek na ciemnym ogonie, wplecione w hemstitch. Na ogonach zastosowa\u0142am r\u00f3wnie\u017c odwr\u00f3cenie splotu.<\/p>\n<\/div>\n<div class=\"x11i5rnm xat24cr x1mh8g0r x1vvkbs xtlvy1s x126k92a\">\n<div dir=\"auto\">\n<hr \/>\n<\/div>\n<\/div>\n<div class=\"x11i5rnm xat24cr x1mh8g0r x1vvkbs xtlvy1s x126k92a\">\n<div dir=\"auto\">D\u0142uga, r\u0119cznie tkana chusta do noszenia dzieci. Bloki kolor\u00f3w w poolingu, znacznik \u015brodka w postaci \u015bcieg\u00f3w hafciarskich, \u015bciegi hafciarskie na ogonach zdobione koralikami, hemstitch z wplecionymi ozdobami.<\/div>\n<ul>\n<li dir=\"auto\">Osnowa:<br \/>\nMiks 13 nitek: 32% bawe\u0142na, 15% Tencel, 15% r\u00f3\u017ca, 11% len, 8% per\u0142a, 4% mleko, 4% pokrzywa, 4% mi\u0119ta, 4% lawenda, 3% konopie, stellina + b\u0142ysk Ingeo w kolorze z\u0142otym, r\u0119cznie farbowane;<\/li>\n<li dir=\"auto\">W\u0105tki:<br \/>\nI: 100% jedwab Swiss, \u015bredni, r\u0119cznie farbowany;<br \/>\nII: (bloki oraz hafty) 100% Lurex;<\/li>\n<li dir=\"auto\">D\u0142ugo\u015b\u0107: 4,95 m + lu\u017ane fr\u0119dzle;<\/li>\n<li dir=\"auto\">Szeroko\u015b\u0107: 72 cm;<\/li>\n<li dir=\"auto\">Gramatura: ~355 g\/m\u00b2;<\/li>\n<li dir=\"auto\">Data \u015bci\u0105gni\u0119cia z krosna: 22.07.2024;<\/li>\n<li dir=\"auto\">Splot: 14s twill.<\/li>\n<\/ul>\n<div dir=\"auto\">Zdj\u0119cia: <a href=\"https:\/\/www.facebook.com\/profile.php?id=100063755340423\">Katarzyna Kustosz-Burnac<\/a><\/div>\n<div dir=\"auto\">Grafika inspiracji: wygenerowane w AI<\/div>\n<\/div>\n","protected":false},"excerpt":{"rendered":"<p>Chusta utkana na Tkana Sztuka &#8211; Chustowy Konkurs Tkacki 2024, kt\u00f3rego tematem by\u0142 Mazurski Sen. Praca zdoby\u0142a 1. miejsce w g\u0142osowaniu Jury oraz 1. miejsce w g\u0142osowaniu Tkaczek. \u201eK\u0142obuk to [&hellip;]<\/p>\n","protected":false},"featured_media":1289,"template":"","meta":{"content-type":""},"product_brand":[],"product_cat":[74,81],"product_tag":[196],"class_list":{"0":"post-1288","1":"product","2":"type-product","3":"status-publish","4":"has-post-thumbnail","6":"product_cat-chusty","7":"product_cat-dlugie","8":"product_tag-tkana-sztuka","10":"first","11":"outofstock","12":"sold-individually","13":"shipping-taxable","14":"purchasable","15":"product-type-simple"},"jetpack_sharing_enabled":true,"_links":{"self":[{"href":"https:\/\/mavaloom.com\/en\/wp-json\/wp\/v2\/product\/1288","targetHints":{"allow":["GET"]}}],"collection":[{"href":"https:\/\/mavaloom.com\/en\/wp-json\/wp\/v2\/product"}],"about":[{"href":"https:\/\/mavaloom.com\/en\/wp-json\/wp\/v2\/types\/product"}],"wp:featuredmedia":[{"embeddable":true,"href":"https:\/\/mavaloom.com\/en\/wp-json\/wp\/v2\/media\/1289"}],"wp:attachment":[{"href":"https:\/\/mavaloom.com\/en\/wp-json\/wp\/v2\/media?parent=1288"}],"wp:term":[{"taxonomy":"product_brand","embeddable":true,"href":"https:\/\/mavaloom.com\/en\/wp-json\/wp\/v2\/product_brand?post=1288"},{"taxonomy":"product_cat","embeddable":true,"href":"https:\/\/mavaloom.com\/en\/wp-json\/wp\/v2\/product_cat?post=1288"},{"taxonomy":"product_tag","embeddable":true,"href":"https:\/\/mavaloom.com\/en\/wp-json\/wp\/v2\/product_tag?post=1288"}],"curies":[{"name":"wp","href":"https:\/\/api.w.org\/{rel}","templated":true}]}}