{"id":1359,"date":"2025-02-22T17:46:44","date_gmt":"2025-02-22T15:46:44","guid":{"rendered":"https:\/\/mavaloom.com\/?post_type=product&#038;p=1359"},"modified":"2025-05-26T16:56:36","modified_gmt":"2025-05-26T14:56:36","slug":"sprinkle-of-joy-komin","status":"publish","type":"product","link":"https:\/\/mavaloom.com\/en\/product\/sprinkle-of-joy-komin\/","title":{"rendered":"SPRINKLE OF JOY cowl"},"content":{"rendered":"<div class=\"x11i5rnm xat24cr x1mh8g0r x1vvkbs xtlvy1s x126k92a\">\n<div dir=\"auto\">SPRINKLE OF JOY<\/div>\n<div dir=\"auto\"><\/div>\n<\/div>\n<div class=\"x11i5rnm xat24cr x1mh8g0r x1vvkbs xtlvy1s x126k92a\">\n<div dir=\"auto\">A warm summer breeze, topped with ice cream with colourful sprinkles and lemonade - that's what I see in this cowl. On a soft-to-touch warp in colours of blue, pink and sunset is a weft of beige tsumugi silk with lots of colourful neps. Let your memories wander back to those pleasant summer afternoons on chilly days.<\/div>\n<div dir=\"auto\">\n<hr \/>\n<div dir=\"auto\">Handwoven cowl, top and bottom edge hemmed, stitched with a flat seam.<\/div>\n<div dir=\"auto\">Data:<\/div>\n<ul>\n<li dir=\"auto\">Warp: 50% Tencel, 50% aloe, hand dyed;<\/li>\n<li dir=\"auto\">Weft: 100% tsumugi silk with colorful neps;<\/li>\n<li dir=\"auto\">Inlays: handspun tussah silk <a href=\"https:\/\/www.facebook.com\/handspunwoolPatrycja\">We\u0142na r\u0119cznie prz\u0119dziona (Handspun wool)<\/a>;<\/li>\n<li dir=\"auto\">Length: 46 cm;<\/li>\n<li dir=\"auto\">Width: 35 cm;<\/li>\n<li dir=\"auto\">Density: ~360 g\/m2;<\/li>\n<li dir=\"auto\">Date off the loom: 17.06.2024.<\/li>\n<\/ul>\n<\/div>\n<\/div>","protected":false},"excerpt":{"rendered":"<p>SPRINKLE OF JOY Ciep\u0142y, letni wiatr, do tego lody z kolorow\u0105 posypk\u0105 i lemoniada &#8211; z tym kojarzy mi si\u0119 ten komin. Na delikatnej w dotyku osnowie w kolorach b\u0142\u0119kitu, [&hellip;]<\/p>\n","protected":false},"featured_media":1360,"template":"","meta":{"content-type":""},"product_brand":[],"product_cat":[56,53],"product_tag":[175,183,192,174],"class_list":{"0":"post-1359","1":"product","2":"type-product","3":"status-publish","4":"has-post-thumbnail","6":"product_cat-kominy","7":"product_cat-odziez","8":"product_tag-jesien","9":"product_tag-komin","10":"product_tag-wiosna","11":"product_tag-zima","12":"product_shipping_class-mala-paczka","14":"first","15":"outofstock","16":"sold-individually","17":"shipping-taxable","18":"purchasable","19":"product-type-simple"},"jetpack_sharing_enabled":true,"_links":{"self":[{"href":"https:\/\/mavaloom.com\/en\/wp-json\/wp\/v2\/product\/1359","targetHints":{"allow":["GET"]}}],"collection":[{"href":"https:\/\/mavaloom.com\/en\/wp-json\/wp\/v2\/product"}],"about":[{"href":"https:\/\/mavaloom.com\/en\/wp-json\/wp\/v2\/types\/product"}],"wp:featuredmedia":[{"embeddable":true,"href":"https:\/\/mavaloom.com\/en\/wp-json\/wp\/v2\/media\/1360"}],"wp:attachment":[{"href":"https:\/\/mavaloom.com\/en\/wp-json\/wp\/v2\/media?parent=1359"}],"wp:term":[{"taxonomy":"product_brand","embeddable":true,"href":"https:\/\/mavaloom.com\/en\/wp-json\/wp\/v2\/product_brand?post=1359"},{"taxonomy":"product_cat","embeddable":true,"href":"https:\/\/mavaloom.com\/en\/wp-json\/wp\/v2\/product_cat?post=1359"},{"taxonomy":"product_tag","embeddable":true,"href":"https:\/\/mavaloom.com\/en\/wp-json\/wp\/v2\/product_tag?post=1359"}],"curies":[{"name":"wp","href":"https:\/\/api.w.org\/{rel}","templated":true}]}}