{"id":1376,"date":"2025-05-08T18:00:29","date_gmt":"2025-05-08T16:00:29","guid":{"rendered":"https:\/\/mavaloom.com\/?post_type=product&#038;p=1376"},"modified":"2025-05-08T20:39:08","modified_gmt":"2025-05-08T18:39:08","slug":"hydrangea-szal","status":"publish","type":"product","link":"https:\/\/mavaloom.com\/en\/product\/hydrangea-szal\/","title":{"rendered":"HYDRANGEA shawl"},"content":{"rendered":"<p>Wrap yourself in colours straight from a garden full of hydrangeas, whether on a cool spring evening or a crisp summer morning. A shawl woven on a surprising and soft cotton warp in colours of intense green, deep sapphire, powder pink and purple, which is broken by a blue weft thread of noble silk, finished with twisted multicoloured fringes and variegated with inlays on the tails. But the main role is played by the unique weave, which brings order to this multicoloured cascade.<\/p>\n<hr \/>\n<p>Handwoven shawl is never to be repeated, you can be certain of owning a one of a kind piece.<br \/>\nHemstitched edges.<\/p>\n<p>Data:<\/p>\n<ul>\n<li>Warp: 100% combed cotton, hand dyed;<\/li>\n<li>Weft: 100% Swiss Mountain Silk, hand dyed;<\/li>\n<li>Inlays: viscose by We\u0142na r\u0119cznie prz\u0119dziona (Handspun wool);<\/li>\n<li>Length: 220 cm + fringes;<\/li>\n<li>Width: 70 cm;<\/li>\n<li>Pattern: echo 8s;<\/li>\n<li>Date off the loom: 13.04.2025.<\/li>\n<\/ul>","protected":false},"excerpt":{"rendered":"<p>Otul si\u0119 kolorami wprost z ogrodu pe\u0142nego hortensji, czy to w ch\u0142odny wiosenny wiecz\u00f3r czy rze\u015bki letni poranek. Szal utkany na zaskakuj\u0105cej i mi\u0119kkiej osnowie bawe\u0142nianej w kolorach intensywnej zieleni, [&hellip;]<\/p>\n","protected":false},"featured_media":1377,"template":"","meta":{"content-type":""},"product_brand":[],"product_cat":[53,55],"product_tag":[175,127,192],"class_list":{"0":"post-1376","1":"product","2":"type-product","3":"status-publish","4":"has-post-thumbnail","6":"product_cat-odziez","7":"product_cat-szale","8":"product_tag-jesien","9":"product_tag-szal","10":"product_tag-wiosna","11":"product_shipping_class-mala-wartosciowe","13":"first","14":"outofstock","15":"sold-individually","16":"shipping-taxable","17":"purchasable","18":"product-type-simple"},"jetpack_sharing_enabled":true,"_links":{"self":[{"href":"https:\/\/mavaloom.com\/en\/wp-json\/wp\/v2\/product\/1376","targetHints":{"allow":["GET"]}}],"collection":[{"href":"https:\/\/mavaloom.com\/en\/wp-json\/wp\/v2\/product"}],"about":[{"href":"https:\/\/mavaloom.com\/en\/wp-json\/wp\/v2\/types\/product"}],"wp:featuredmedia":[{"embeddable":true,"href":"https:\/\/mavaloom.com\/en\/wp-json\/wp\/v2\/media\/1377"}],"wp:attachment":[{"href":"https:\/\/mavaloom.com\/en\/wp-json\/wp\/v2\/media?parent=1376"}],"wp:term":[{"taxonomy":"product_brand","embeddable":true,"href":"https:\/\/mavaloom.com\/en\/wp-json\/wp\/v2\/product_brand?post=1376"},{"taxonomy":"product_cat","embeddable":true,"href":"https:\/\/mavaloom.com\/en\/wp-json\/wp\/v2\/product_cat?post=1376"},{"taxonomy":"product_tag","embeddable":true,"href":"https:\/\/mavaloom.com\/en\/wp-json\/wp\/v2\/product_tag?post=1376"}],"curies":[{"name":"wp","href":"https:\/\/api.w.org\/{rel}","templated":true}]}}