{"id":1458,"date":"2026-03-01T19:00:37","date_gmt":"2026-03-01T18:00:37","guid":{"rendered":"https:\/\/mavaloom.com\/?post_type=product&#038;p=1458"},"modified":"2026-03-02T11:37:42","modified_gmt":"2026-03-02T10:37:42","slug":"i-believe-chusta-dluga","status":"publish","type":"product","link":"https:\/\/mavaloom.com\/en\/product\/i-believe-chusta-dluga\/","title":{"rendered":"I BELIEVE long sling"},"content":{"rendered":"<div dir=\"auto\">Chusta kolorystycznie inspirowana serialem Stranger Things zabiera nas w mroczn\u0105 podr\u00f3\u017c na &#8222;drug\u0105 stron\u0119&#8221;. Znajdziesz tu czer\u0144, g\u0142\u0119boki granat, soczyst\u0105 czerwie\u0144, nieco fioletu oraz srebra. W splocie odnajdziemy wz\u00f3r przypominaj\u0105cy kwiaty, a wplecione w ogony wstawki przypominaj\u0105 mi\u0119siste pn\u0105cza. W\u0105tek ufarbowany w technice poolingu przemierza ca\u0142\u0105 chust\u0119 w kolorach granatu oraz czerwieni. Tencel oraz wiskoza nadaj\u0105 chu\u015bcie mi\u0119kko\u015bci i delikatno\u015bci, a prz\u0119dza z banana zapewnia moc i przyczepno\u015b\u0107.<\/div>\n<div dir=\"auto\">Ja wierz\u0119, a Ty?<\/div>\n<hr \/>\n<div dir=\"auto\">Chusta tkana do noszenia dzieci. W\u0105tek ufarbowany w technice pooling, bloki kolor\u00f3w, mere\u017cki, \u015bciegi haftowe, wstawki, znacznik \u015brodka w postaci blok\u00f3w i wstawki, kr\u0119cone fr\u0119dzle, brzegi zako\u0144czone szwem typu hemstitch.<\/div>\n<div dir=\"auto\">Dane:<\/div>\n<div dir=\"auto\">\n<ul>\n<li dir=\"auto\">Osnowa: 50% Tencel, 50% wiskoza z mi\u0119ty pieprzowej, gruba, r\u0119cznie farbowana;<\/li>\n<li dir=\"auto\">W\u0105tek: 50% Tencel, 50% banan, r\u0119cznie farbowany;<\/li>\n<li dir=\"auto\">Wstawki: r\u0119cznie prz\u0119dziony jedwab Sari\/wiskoza \u2013 <a class=\"x1i10hfl xjbqb8w x6umtig x1b1mbwd xaqea5y xav7gou x9f619 x1ypdohk xt0psk2 xe8uvvx xdj266r x11i5rnm xat24cr x1mh8g0r xexx8yu x4uap5 x18d9i69 xkhd6sd x16tdsg8 x1hl2dhg xggy1nq x1a2a7pz xt0b8zv x1qq9wsj xo1l8bm\" tabindex=\"0\" role=\"link\" href=\"https:\/\/www.facebook.com\/handspunwoolPatrycja?__cft__[0]=AZVfeTfAI5DpCPTAa0dOB5ivPpM6Mra98dGsu8PJ0hZnjg37UXjAeT1mde8BkSG8EAH5AU0WJuyeJQPHd-8ztlAS0P4Z6TmjpcQ7QeqkZ6vdHnm_4x2fNNVwciV7Ri3GWtY&amp;__tn__=-]K-R\"><span class=\"xt0psk2\">We\u0142na r\u0119cznie prz\u0119dziona<\/span><\/a>, wiskoza &#8211; <a href=\"https:\/\/www.facebook.com\/profile.php?id=100064958613478\">Moon Spindle<\/a>;<\/li>\n<li dir=\"auto\">D\u0142ugo\u015b\u0107: 455 cm + kr\u0119cone fr\u0119dzle;<\/li>\n<li dir=\"auto\">Szeroko\u015b\u0107: 73 cm;<\/li>\n<li dir=\"auto\">Gramatura: ~435 g\/m2;<\/li>\n<li dir=\"auto\">Data \u015bci\u0105gni\u0119cia z krosna: 24.02.2026.<\/li>\n<\/ul>\n<\/div>\n","protected":false},"excerpt":{"rendered":"<p>Chusta kolorystycznie inspirowana serialem Stranger Things zabiera nas w mroczn\u0105 podr\u00f3\u017c na &#8222;drug\u0105 stron\u0119&#8221;. Znajdziesz tu czer\u0144, g\u0142\u0119boki granat, soczyst\u0105 czerwie\u0144, nieco fioletu oraz srebra. W splocie odnajdziemy wz\u00f3r przypominaj\u0105cy [&hellip;]<\/p>\n","protected":false},"featured_media":1448,"template":"","meta":{"content-type":""},"product_brand":[],"product_cat":[74,81],"product_tag":[],"class_list":{"0":"post-1458","1":"product","2":"type-product","3":"status-publish","4":"has-post-thumbnail","6":"product_cat-chusty","7":"product_cat-dlugie","9":"first","10":"outofstock","11":"sold-individually","12":"shipping-taxable","13":"purchasable","14":"product-type-simple"},"jetpack_sharing_enabled":true,"_links":{"self":[{"href":"https:\/\/mavaloom.com\/en\/wp-json\/wp\/v2\/product\/1458","targetHints":{"allow":["GET"]}}],"collection":[{"href":"https:\/\/mavaloom.com\/en\/wp-json\/wp\/v2\/product"}],"about":[{"href":"https:\/\/mavaloom.com\/en\/wp-json\/wp\/v2\/types\/product"}],"wp:featuredmedia":[{"embeddable":true,"href":"https:\/\/mavaloom.com\/en\/wp-json\/wp\/v2\/media\/1448"}],"wp:attachment":[{"href":"https:\/\/mavaloom.com\/en\/wp-json\/wp\/v2\/media?parent=1458"}],"wp:term":[{"taxonomy":"product_brand","embeddable":true,"href":"https:\/\/mavaloom.com\/en\/wp-json\/wp\/v2\/product_brand?post=1458"},{"taxonomy":"product_cat","embeddable":true,"href":"https:\/\/mavaloom.com\/en\/wp-json\/wp\/v2\/product_cat?post=1458"},{"taxonomy":"product_tag","embeddable":true,"href":"https:\/\/mavaloom.com\/en\/wp-json\/wp\/v2\/product_tag?post=1458"}],"curies":[{"name":"wp","href":"https:\/\/api.w.org\/{rel}","templated":true}]}}