{"id":177,"date":"2023-03-29T11:13:44","date_gmt":"2023-03-29T11:13:44","guid":{"rendered":"https:\/\/mavaloom.com\/?post_type=product&#038;p=177"},"modified":"2023-05-27T12:31:55","modified_gmt":"2023-05-27T11:31:55","slug":"torebka-box-ze-skrawkiem-restless-waters","status":"publish","type":"product","link":"https:\/\/mavaloom.com\/en\/product\/torebka-box-ze-skrawkiem-restless-waters\/","title":{"rendered":"BOX BAG with handwoven scrap from RESTLESS WATERS"},"content":{"rendered":"<p>BOX type bag with a handwoven fabric scrap from the RESTLESS WATERS warp, woven in an echo weave. Eco leather handbag made by Gucio Bags. Two zipped pockets outside, one pocket inside. Dimensions 27 x 21 x 8 cm.<\/p>\n<div dir=\"auto\">Scrap data:<\/div>\n<div dir=\"auto\">\n<ul>\n<li>Warp:<br \/>\nI: 100% Swiss Mountain Silk 5\/2,<br \/>\nII: 89% Swiss Mountain Silk, 11% Lurex, all hand dyed;<\/li>\n<li>Weft: 70% Swiss Mountain Silk, 30% SeaCell, hand dyed;<\/li>\n<li>GSM: ~430 g\/m\u00b2.<\/li>\n<\/ul>\n<\/div>","protected":false},"excerpt":{"rendered":"<p>Torebka typu BOX ze skrawkiem r\u0119cznie tkanym z osnowy RESTLESS WATERS, tkany w splocie typu echo. Torebka z eko sk\u00f3ry uszyta przez Gucio Bags. Dwie kieszonki na zamek na zewn\u0105trz, [&hellip;]<\/p>\n","protected":false},"featured_media":176,"template":"","meta":{"content-type":""},"product_brand":[],"product_cat":[49,50],"product_tag":[64],"class_list":{"0":"post-177","1":"product","2":"type-product","3":"status-publish","4":"has-post-thumbnail","6":"product_cat-akcesoria","7":"product_cat-torebki","8":"product_tag-echo","9":"product_shipping_class-mala-wartosciowe","11":"first","12":"outofstock","13":"sold-individually","14":"shipping-taxable","15":"purchasable","16":"product-type-simple"},"jetpack_sharing_enabled":true,"_links":{"self":[{"href":"https:\/\/mavaloom.com\/en\/wp-json\/wp\/v2\/product\/177","targetHints":{"allow":["GET"]}}],"collection":[{"href":"https:\/\/mavaloom.com\/en\/wp-json\/wp\/v2\/product"}],"about":[{"href":"https:\/\/mavaloom.com\/en\/wp-json\/wp\/v2\/types\/product"}],"wp:featuredmedia":[{"embeddable":true,"href":"https:\/\/mavaloom.com\/en\/wp-json\/wp\/v2\/media\/176"}],"wp:attachment":[{"href":"https:\/\/mavaloom.com\/en\/wp-json\/wp\/v2\/media?parent=177"}],"wp:term":[{"taxonomy":"product_brand","embeddable":true,"href":"https:\/\/mavaloom.com\/en\/wp-json\/wp\/v2\/product_brand?post=177"},{"taxonomy":"product_cat","embeddable":true,"href":"https:\/\/mavaloom.com\/en\/wp-json\/wp\/v2\/product_cat?post=177"},{"taxonomy":"product_tag","embeddable":true,"href":"https:\/\/mavaloom.com\/en\/wp-json\/wp\/v2\/product_tag?post=177"}],"curies":[{"name":"wp","href":"https:\/\/api.w.org\/{rel}","templated":true}]}}