{"id":272,"date":"2023-04-02T12:15:57","date_gmt":"2023-04-02T11:15:57","guid":{"rendered":"https:\/\/mavaloom.com\/?post_type=product&#038;p=272"},"modified":"2023-09-06T08:30:54","modified_gmt":"2023-09-06T07:30:54","slug":"nerka-saszetka-ze-skrawkiem-restless-waters","status":"publish","type":"product","link":"https:\/\/mavaloom.com\/en\/product\/nerka-saszetka-ze-skrawkiem-restless-waters\/","title":{"rendered":"WAIST BAG with a handwoven scrap from RESTLESS WATERS"},"content":{"rendered":"<div dir=\"auto\">Waist bag, hip bag, with a handwoven scrap from the RESTLESS WATERS warp, woven in an echo weave. Eco leather pouch made by Gucio Bags. Zipper pocket inside. Dimensions 29 cm x 15 cm x 10 cm. Maximum circumference approx. 117 cm.<\/div>\n<div dir=\"auto\">Scrap has a minor weaving error.<\/div>\n<div dir=\"auto\"><\/div>\n<div dir=\"auto\">Scrap data:<\/div>\n<div dir=\"auto\">\n<ul>\n<li>Warp:<br \/>\nI: 100% Swiss Mountain Silk 5\/2,<br \/>\nII: 89% Swiss Mountain Silk, 11% Lurex, all hand dyed;<\/li>\n<li>Weft: 70% Swiss Mountain Silk, 30% SeaCell, hand dyed;<\/li>\n<li>GSM: ~430 g\/m\u00b2.<\/li>\n<\/ul>\n<\/div>","protected":false},"excerpt":{"rendered":"<p>Saszetka biodrowa, nerka, ze skrawkiem r\u0119cznie tkanym z osnowy RESTLESS WATERS, tkany w splocie typu echo. Saszetka z eko sk\u00f3ry uszyta przez Gucio Bags. W \u015brodku kieszonka na zamek. Wymiary [&hellip;]<\/p>\n","protected":false},"featured_media":274,"template":"","meta":{"content-type":""},"product_brand":[],"product_cat":[49,50],"product_tag":[64],"class_list":{"0":"post-272","1":"product","2":"type-product","3":"status-publish","4":"has-post-thumbnail","6":"product_cat-akcesoria","7":"product_cat-torebki","8":"product_tag-echo","9":"product_shipping_class-mala-wartosciowe","11":"first","12":"outofstock","13":"sold-individually","14":"shipping-taxable","15":"purchasable","16":"product-type-simple"},"jetpack_sharing_enabled":true,"_links":{"self":[{"href":"https:\/\/mavaloom.com\/en\/wp-json\/wp\/v2\/product\/272","targetHints":{"allow":["GET"]}}],"collection":[{"href":"https:\/\/mavaloom.com\/en\/wp-json\/wp\/v2\/product"}],"about":[{"href":"https:\/\/mavaloom.com\/en\/wp-json\/wp\/v2\/types\/product"}],"wp:featuredmedia":[{"embeddable":true,"href":"https:\/\/mavaloom.com\/en\/wp-json\/wp\/v2\/media\/274"}],"wp:attachment":[{"href":"https:\/\/mavaloom.com\/en\/wp-json\/wp\/v2\/media?parent=272"}],"wp:term":[{"taxonomy":"product_brand","embeddable":true,"href":"https:\/\/mavaloom.com\/en\/wp-json\/wp\/v2\/product_brand?post=272"},{"taxonomy":"product_cat","embeddable":true,"href":"https:\/\/mavaloom.com\/en\/wp-json\/wp\/v2\/product_cat?post=272"},{"taxonomy":"product_tag","embeddable":true,"href":"https:\/\/mavaloom.com\/en\/wp-json\/wp\/v2\/product_tag?post=272"}],"curies":[{"name":"wp","href":"https:\/\/api.w.org\/{rel}","templated":true}]}}