{"id":474,"date":"2023-04-14T17:54:34","date_gmt":"2023-04-14T16:54:34","guid":{"rendered":"https:\/\/mavaloom.com\/?post_type=product&#038;p=474"},"modified":"2024-06-02T11:50:11","modified_gmt":"2024-06-02T09:50:11","slug":"aurora-borealis-pre-order","status":"publish","type":"product","link":"https:\/\/mavaloom.com\/en\/product\/aurora-borealis-pre-order\/","title":{"rendered":"AURORA BOREALIS shawl"},"content":{"rendered":"<div class=\"xdj266r x11i5rnm xat24cr x1mh8g0r x1vvkbs x126k92a\">\n<div dir=\"auto\">AURORA BOREALIS<\/div>\n<\/div>\n<div class=\"x11i5rnm xat24cr x1mh8g0r x1vvkbs xtlvy1s x126k92a\">\n<div dir=\"auto\">Szal powsta\u0142 na prezent dla mi\u0142o\u015bniczki zorzy polarnej. Uzna\u0142am, \u017ce charakter zorzy najlepiej odda splot echo. Osnowy w kolorach granatu i zieleni, r\u00f3\u017cu i niebieskim przenikaj\u0105 si\u0119 wzajemnie tworz\u0105c faluj\u0105cy wz\u00f3r na szalu. Ogony zosta\u0142y delikatnie ozdobione r\u0119cznie prz\u0119dzionymi wstawkami od <span class=\"html-span xdj266r x11i5rnm xat24cr x1mh8g0r xexx8yu x4uap5 x18d9i69 xkhd6sd x1hl2dhg x16tdsg8 x1vvkbs\"><a class=\"x1i10hfl xjbqb8w x1ejq31n xd10rxx x1sy0etr x17r0tee x972fbf xcfux6l x1qhh985 xm0m39n x9f619 x1ypdohk xt0psk2 xe8uvvx xdj266r x11i5rnm xat24cr x1mh8g0r xexx8yu x4uap5 x18d9i69 xkhd6sd x16tdsg8 x1hl2dhg xggy1nq x1a2a7pz x1sur9pj xkrqix3 x1fey0fg xo1l8bm\" tabindex=\"0\" role=\"link\" href=\"https:\/\/www.facebook.com\/handspunwoolPatrycja?__cft__[0]=AZUC2GFapdNEuZe7t8RCeCn_DSHBx1wl5mO-eLeIclVeGLdIHMPQEZoA2fBJbeC7z3nQ6Z8Y8vtNjYXkX9b-Kp7J8YTuX7KZRtkvJPphe__EmFVEDpSkcKkiiw06qeiR6syfyC_HhWxEcQdt3WIsVg3GcfMHyqRalag4oQPBLFEyx8XVDQJV1JwNWaXkIqZUuFil-itH7UyX7u-zBffn3GeO&amp;__tn__=-]K-R\"><span class=\"xt0psk2\">We\u0142na r\u0119cznie prz\u0119dziona<\/span><\/a><\/span>, a zako\u0144czony kolorowym obszyciem typu hemstitch i mieszanymi fr\u0119dzlami.<\/div>\n<div dir=\"auto\">\n<hr \/>\n<\/div>\n<div dir=\"auto\">\n<div dir=\"auto\">Dane:<\/div>\n<ul>\n<li dir=\"auto\">Osnowa:<br \/>\nI: 100% bawe\u0142na Supima,<br \/>\nII: 100% Swiss Mountain Silk, r\u0119cznie farbowane;<\/li>\n<li dir=\"auto\">\n<div dir=\"auto\">W\u0105tek: 100% jedwab mulberry, cienki, r\u0119cznie farbowany;<\/div>\n<\/li>\n<li dir=\"auto\">\n<div dir=\"auto\">Wstawki: merino\/wiskoza od We\u0142na r\u0119cznie prz\u0119dziona;<\/div>\n<\/li>\n<li dir=\"auto\">\n<div dir=\"auto\">D\u0142ugo\u015b\u0107: 225 cm + fr\u0119dzle;<\/div>\n<\/li>\n<li dir=\"auto\">\n<div dir=\"auto\">Szeroko\u015b\u0107: 73 cm;<\/div>\n<\/li>\n<li dir=\"auto\">\n<div dir=\"auto\">Gramatura: ~360 g\/m\u00b2;<\/div>\n<\/li>\n<li dir=\"auto\">\n<div dir=\"auto\">Data: 20.11.2023;<\/div>\n<\/li>\n<li dir=\"auto\">Splot: autorski splot w technice Turned Taquete 8s.<\/li>\n<\/ul>\n<\/div>\n<div dir=\"auto\">Szal powsta\u0142 na zam\u00f3wienie indywidualne, je\u015bli chcesz mie\u0107 sw\u00f3j niepowtarzalny kawa\u0142ek tkaniny, napisz do mnie.<\/div>\n<\/div>\n","protected":false},"excerpt":{"rendered":"<p>AURORA BOREALIS Szal powsta\u0142 na prezent dla mi\u0142o\u015bniczki zorzy polarnej. Uzna\u0142am, \u017ce charakter zorzy najlepiej odda splot echo. Osnowy w kolorach granatu i zieleni, r\u00f3\u017cu i niebieskim przenikaj\u0105 si\u0119 wzajemnie [&hellip;]<\/p>\n","protected":false},"featured_media":1254,"template":"","meta":{"content-type":""},"product_brand":[],"product_cat":[130],"product_tag":[149,150],"class_list":{"0":"post-474","1":"product","2":"type-product","3":"status-publish","4":"has-post-thumbnail","6":"product_cat-indywidualne","7":"product_tag-custom","8":"product_tag-personalizacja","10":"first","11":"outofstock","12":"shipping-taxable","13":"purchasable","14":"product-type-simple"},"jetpack_sharing_enabled":true,"_links":{"self":[{"href":"https:\/\/mavaloom.com\/en\/wp-json\/wp\/v2\/product\/474","targetHints":{"allow":["GET"]}}],"collection":[{"href":"https:\/\/mavaloom.com\/en\/wp-json\/wp\/v2\/product"}],"about":[{"href":"https:\/\/mavaloom.com\/en\/wp-json\/wp\/v2\/types\/product"}],"wp:featuredmedia":[{"embeddable":true,"href":"https:\/\/mavaloom.com\/en\/wp-json\/wp\/v2\/media\/1254"}],"wp:attachment":[{"href":"https:\/\/mavaloom.com\/en\/wp-json\/wp\/v2\/media?parent=474"}],"wp:term":[{"taxonomy":"product_brand","embeddable":true,"href":"https:\/\/mavaloom.com\/en\/wp-json\/wp\/v2\/product_brand?post=474"},{"taxonomy":"product_cat","embeddable":true,"href":"https:\/\/mavaloom.com\/en\/wp-json\/wp\/v2\/product_cat?post=474"},{"taxonomy":"product_tag","embeddable":true,"href":"https:\/\/mavaloom.com\/en\/wp-json\/wp\/v2\/product_tag?post=474"}],"curies":[{"name":"wp","href":"https:\/\/api.w.org\/{rel}","templated":true}]}}