{"id":503,"date":"2023-04-24T08:42:19","date_gmt":"2023-04-24T07:42:19","guid":{"rendered":"https:\/\/mavaloom.com\/?post_type=product&#038;p=503"},"modified":"2025-09-01T00:08:04","modified_gmt":"2025-08-31T22:08:04","slug":"sweet-szalik","status":"publish","type":"product","link":"https:\/\/mavaloom.com\/en\/product\/sweet-szalik\/","title":{"rendered":"SWEET scarf"},"content":{"rendered":"<p>This scarf in the colors of caramel, pink chocolate and cherry will definitely sweeten the chilly evenings. The gleam of Tencel in the warp and the structure of silk chenille make it very pleasant to the touch and perfectly wrap with a small volume.<\/p>\n<hr \/>\n<div class=\"x11i5rnm xat24cr x1mh8g0r x1vvkbs xtlvy1s x126k92a\">\n<div dir=\"auto\">Hand-woven scarf, machine-stitched edges.<\/div>\n<div dir=\"auto\">Data:<\/div>\n<ul>\n<li dir=\"auto\">Warp: 100% Tencel, hand dyed;<\/li>\n<li dir=\"auto\">Weft: 100% chenille silk, hand dyed;<\/li>\n<li dir=\"auto\">Length: 165 cm + loose fringes;<\/li>\n<li dir=\"auto\">Width: 33cm;<\/li>\n<li dir=\"auto\">GSM: ~400gsm;<\/li>\n<li dir=\"auto\">Date: December 9, 2022.<\/li>\n<\/ul>\n<\/div>\n<div class=\"x11i5rnm xat24cr x1mh8g0r x1vvkbs xtlvy1s x126k92a\"><\/div>","protected":false},"excerpt":{"rendered":"<p>Ten szalik w kolorach karmelu, r\u00f3\u017cowej czekolady i wi\u015bni zdecydowanie os\u0142odzi ch\u0142odne wieczory. B\u0142ysk Tencelu w osnowie i struktura szenili jedwabnej sprawiaj\u0105, \u017ce jest bardzo przyjemny w dotyku i idealnie [&hellip;]<\/p>\n","protected":false},"featured_media":504,"template":"","meta":{"content-type":""},"product_brand":[],"product_cat":[53,54],"product_tag":[122],"class_list":{"0":"post-503","1":"product","2":"type-product","3":"status-publish","4":"has-post-thumbnail","6":"product_cat-odziez","7":"product_cat-szaliki","8":"product_tag-szalik","9":"product_shipping_class-mala-paczka","11":"first","12":"instock","13":"sold-individually","14":"shipping-taxable","15":"purchasable","16":"product-type-simple"},"jetpack_sharing_enabled":true,"_links":{"self":[{"href":"https:\/\/mavaloom.com\/en\/wp-json\/wp\/v2\/product\/503","targetHints":{"allow":["GET"]}}],"collection":[{"href":"https:\/\/mavaloom.com\/en\/wp-json\/wp\/v2\/product"}],"about":[{"href":"https:\/\/mavaloom.com\/en\/wp-json\/wp\/v2\/types\/product"}],"wp:featuredmedia":[{"embeddable":true,"href":"https:\/\/mavaloom.com\/en\/wp-json\/wp\/v2\/media\/504"}],"wp:attachment":[{"href":"https:\/\/mavaloom.com\/en\/wp-json\/wp\/v2\/media?parent=503"}],"wp:term":[{"taxonomy":"product_brand","embeddable":true,"href":"https:\/\/mavaloom.com\/en\/wp-json\/wp\/v2\/product_brand?post=503"},{"taxonomy":"product_cat","embeddable":true,"href":"https:\/\/mavaloom.com\/en\/wp-json\/wp\/v2\/product_cat?post=503"},{"taxonomy":"product_tag","embeddable":true,"href":"https:\/\/mavaloom.com\/en\/wp-json\/wp\/v2\/product_tag?post=503"}],"curies":[{"name":"wp","href":"https:\/\/api.w.org\/{rel}","templated":true}]}}