{"id":509,"date":"2023-04-24T08:42:19","date_gmt":"2023-04-24T07:42:19","guid":{"rendered":"https:\/\/mavaloom.com\/?post_type=product&#038;p=509"},"modified":"2025-09-01T00:08:04","modified_gmt":"2025-08-31T22:08:04","slug":"starry-night-szalik","status":"publish","type":"product","link":"https:\/\/mavaloom.com\/en\/product\/starry-night-szalik\/","title":{"rendered":"STARRY NIGHT scarf"},"content":{"rendered":"<div class=\"x11i5rnm xat24cr x1mh8g0r x1vvkbs xtlvy1s x126k92a\">\n<div dir=\"auto\">B\u0142yszcz\u0105ca z\u0142oto-czarna osnowa spotka\u0142a si\u0119 z nieregularnym w\u0105tkiem w kolorach czerni, z\u0142ota i g\u0142\u0119bokiego granatu i tak powsta\u0142 ten szalik, kt\u00f3ry kojarzy mi si\u0119 impresj\u0105 gwie\u017adzistej nocy. Ogony ozdobi\u0142am delikatnymi wstawkami od <a class=\"x1i10hfl xjbqb8w x6umtig x1b1mbwd xaqea5y xav7gou x9f619 x1ypdohk xt0psk2 xe8uvvx xdj266r x11i5rnm xat24cr x1mh8g0r xexx8yu x4uap5 x18d9i69 xkhd6sd x16tdsg8 x1hl2dhg xggy1nq x1a2a7pz xt0b8zv x1qq9wsj xo1l8bm\" tabindex=\"0\" role=\"link\" href=\"https:\/\/www.facebook.com\/handspunwoolPatrycja?__cft__[0]=AZVucj1SsHsxsWMfySnxW2ZMsK-ykl-F_SswgPbg4y3rZx8TttieGWw__1mMdzPKPEEjy55h43Dm-Z2hqSuOQ4DgoV_MkvyMdiRoQyT2JkWg-i8aBDbKDD4RCO_5BZqUS5s&amp;__tn__=-]K-R\"><span class=\"xt0psk2\">We\u0142na r\u0119cznie prz\u0119dziona<\/span><\/a>.<\/div>\n<div dir=\"auto\">\n<hr \/>\n<div dir=\"auto\">Szalik r\u0119cznie tkany, brzegi wyko\u0144czone szwem typu hemstitch.<\/div>\n<div dir=\"auto\">Dane:<\/div>\n<ul>\n<li dir=\"auto\">Osnowa: 100% Tencel, r\u0119cznie farbowany;<\/li>\n<li dir=\"auto\">W\u0105tek: 100% gruba bawe\u0142na Pima, r\u0119cznie farbowana;<\/li>\n<li dir=\"auto\">Wstawki: r\u0119cznie prz\u0119dzione merino\/jedwab sari\/wiskoza;<\/li>\n<li dir=\"auto\">D\u0142ugo\u015b\u0107: 158 cm + fr\u0119dzle;<\/li>\n<li dir=\"auto\">Szeroko\u015b\u0107: 39 cm;<\/li>\n<li dir=\"auto\">Gramatura: ~365 g\/m2;<\/li>\n<li dir=\"auto\">Data: 17.01.2023.<\/li>\n<\/ul>\n<\/div>\n<\/div>\n<div class=\"x11i5rnm xat24cr x1mh8g0r x1vvkbs xtlvy1s x126k92a\"><\/div>\n","protected":false},"excerpt":{"rendered":"<p>B\u0142yszcz\u0105ca z\u0142oto-czarna osnowa spotka\u0142a si\u0119 z nieregularnym w\u0105tkiem w kolorach czerni, z\u0142ota i g\u0142\u0119bokiego granatu i tak powsta\u0142 ten szalik, kt\u00f3ry kojarzy mi si\u0119 impresj\u0105 gwie\u017adzistej nocy. Ogony ozdobi\u0142am delikatnymi [&hellip;]<\/p>\n","protected":false},"featured_media":514,"template":"","meta":{"content-type":""},"product_brand":[],"product_cat":[53,54],"product_tag":[122,123],"class_list":{"0":"post-509","1":"product","2":"type-product","3":"status-publish","4":"has-post-thumbnail","6":"product_cat-odziez","7":"product_cat-szaliki","8":"product_tag-szalik","9":"product_tag-wstawki","10":"product_shipping_class-mala-paczka","12":"first","13":"instock","14":"sold-individually","15":"shipping-taxable","16":"purchasable","17":"product-type-simple"},"jetpack_sharing_enabled":true,"_links":{"self":[{"href":"https:\/\/mavaloom.com\/en\/wp-json\/wp\/v2\/product\/509","targetHints":{"allow":["GET"]}}],"collection":[{"href":"https:\/\/mavaloom.com\/en\/wp-json\/wp\/v2\/product"}],"about":[{"href":"https:\/\/mavaloom.com\/en\/wp-json\/wp\/v2\/types\/product"}],"wp:featuredmedia":[{"embeddable":true,"href":"https:\/\/mavaloom.com\/en\/wp-json\/wp\/v2\/media\/514"}],"wp:attachment":[{"href":"https:\/\/mavaloom.com\/en\/wp-json\/wp\/v2\/media?parent=509"}],"wp:term":[{"taxonomy":"product_brand","embeddable":true,"href":"https:\/\/mavaloom.com\/en\/wp-json\/wp\/v2\/product_brand?post=509"},{"taxonomy":"product_cat","embeddable":true,"href":"https:\/\/mavaloom.com\/en\/wp-json\/wp\/v2\/product_cat?post=509"},{"taxonomy":"product_tag","embeddable":true,"href":"https:\/\/mavaloom.com\/en\/wp-json\/wp\/v2\/product_tag?post=509"}],"curies":[{"name":"wp","href":"https:\/\/api.w.org\/{rel}","templated":true}]}}