{"id":517,"date":"2023-04-24T08:42:19","date_gmt":"2023-04-24T07:42:19","guid":{"rendered":"https:\/\/mavaloom.com\/?post_type=product&#038;p=517"},"modified":"2024-01-10T18:24:57","modified_gmt":"2024-01-10T17:24:57","slug":"the-wave-chusta-dluga","status":"publish","type":"product","link":"https:\/\/mavaloom.com\/en\/product\/the-wave-chusta-dluga\/","title":{"rendered":"THE WAVE long sling"},"content":{"rendered":"<div dir=\"auto\">Chusta utkana na niemiecki konkurs tkacki HerbstComp 2022, na kt\u00f3rym zdoby\u0142a 2. miejsce w g\u0142osowaniu admin\u00f3w i 3. miejsce w g\u0142osowaniu offline. Temat prac: muzyka.<\/div>\n<div dir=\"auto\">Inspiracja muzyczna: Hans Zimmer &#8211; First Step (<a class=\"x1i10hfl xjbqb8w x6umtig x1b1mbwd xaqea5y xav7gou x9f619 x1ypdohk xt0psk2 xe8uvvx xdj266r x11i5rnm xat24cr x1mh8g0r xexx8yu x4uap5 x18d9i69 xkhd6sd x16tdsg8 x1hl2dhg xggy1nq x1a2a7pz xt0b8zv x1fey0fg\" tabindex=\"0\" role=\"link\" href=\"https:\/\/l.facebook.com\/l.php?u=https%3A%2F%2Fsptfy.com%2FLPjM%3Ffbclid%3DIwAR3zQ3MZMc_0nLrt9H7X5LvrWIsRP8MMW-F5USgEZ2_TpLH7pmN4uv96NAc&amp;h=AT0s1gsSQ6MmIPE4jwiwp_hdSqma2Hf8CYu5-4a-8g--jIS-Fdrf9ursGvaxZVLqhSvihk9EVWtz-Yx0THxyz7NbVJyJZ-OIsRqmjAjOf_RxMToq1v-csUuTKYyxGahJUUtT&amp;__tn__=-UK-R&amp;c[0]=AT1d9_AepvZ-OvPy_1dAwD6QB9gEdJAEF_QdMYtr2L19o39HETemjiVfxvMzAe-z0RECpKp85d_X96ZmL-HHcDk09Qn5OR3LOCPpys_jWVICLWEM7mgYLTX1tBqye-5qQrnywmI0MgPAlro1Boov_dCBtm-Gxg\" target=\"_blank\" rel=\"nofollow noopener\">https:\/\/sptfy.com\/LPjM<\/a>)<\/div>\n<div dir=\"auto\">Ta piosenka przypomina mi fal\u0119. Czasem spokojna i stonowana, innym razem gwa\u0142townie napiera, ale nieustannie porusza si\u0119 naprz\u00f3d.<\/div>\n<div dir=\"auto\">Chusta jest histori\u0105, kt\u00f3ra zaczyna si\u0119 w dalekim kosmosie, fale \u015bwiat\u0142a zamieniaj\u0105 si\u0119 w fale wody, powoli wzbieraj\u0105, a\u017c w ko\u0144cu s\u0105 nie do zatrzymania i uderzaj\u0105. Potem zostaje tylko cisza.<\/div>\n<div dir=\"auto\">Pierwszy krok jest dok\u0142adnie taki jak ta fala, rozpoczyna seri\u0119 wydarze\u0144, nie wiemy co nas czeka dalej, dop\u00f3ki go nie wykonamy, a kiedy ju\u017c si\u0119 rozpocznie, nie da si\u0119 go cofn\u0105\u0107 ani zatrzyma\u0107. Bieg wydarze\u0144 mo\u017ce nas zabra\u0107 jedynie naprz\u00f3d. Dok\u0105d zabierze Ciebie?<\/div>\n<div dir=\"auto\">Chusta jest wykonana z rustykalnego jedwabiu tussah, kt\u00f3ry wygl\u0105dem i w dotyku przypomina piasek. Z drugiej strony jest w\u0105tek, nieregularny jedwab mulberry, kt\u00f3ry dodaje dodatkowej struktury do nieregularnego falistego splotu. Bia\u0142e wstawki i nieregularne mere\u017cki przypominaj\u0105 pian\u0119 morsk\u0105, gdy fala uderza do brzegu. Splot zosta\u0142 zaprojektowany przeze mnie do tej chusty.<\/div>\n<hr \/>\n<div dir=\"auto\">Chusta tkana do noszenia dzieci, tkana lu\u017aniej, posiada nieregularne mere\u017cki w formie fali i nieregularny jasny brzeg, brzegi zako\u0144czone szwem typu hemstitch, chusta nie posiada znacznika \u015brodka.<\/div>\n<div dir=\"auto\">Dane:<\/div>\n<div dir=\"auto\">\n<ul>\n<li dir=\"auto\">Osnowa: 100% jedwab tussah Shantung, r\u0119cznie farbowany;<\/li>\n<li dir=\"auto\">W\u0105tek: 100% jedwab mulberry &#8222;slub&#8221;, r\u0119cznie farbowany;<\/li>\n<li dir=\"auto\">Wstawki: r\u0119cznie prz\u0119dziony jedwab Sari &#8211; <a class=\"x1i10hfl xjbqb8w x6umtig x1b1mbwd xaqea5y xav7gou x9f619 x1ypdohk xt0psk2 xe8uvvx xdj266r x11i5rnm xat24cr x1mh8g0r xexx8yu x4uap5 x18d9i69 xkhd6sd x16tdsg8 x1hl2dhg xggy1nq x1a2a7pz xt0b8zv x1qq9wsj xo1l8bm\" tabindex=\"0\" role=\"link\" href=\"https:\/\/www.facebook.com\/handspunwoolPatrycja?__cft__[0]=AZVfeTfAI5DpCPTAa0dOB5ivPpM6Mra98dGsu8PJ0hZnjg37UXjAeT1mde8BkSG8EAH5AU0WJuyeJQPHd-8ztlAS0P4Z6TmjpcQ7QeqkZ6vdHnm_4x2fNNVwciV7Ri3GWtY&amp;__tn__=-]K-R\"><span class=\"xt0psk2\">We\u0142na r\u0119cznie prz\u0119dziona<\/span><\/a>;<\/li>\n<li dir=\"auto\">D\u0142ugo\u015b\u0107: 290 cm + lu\u017ane fr\u0119dzle;<\/li>\n<li dir=\"auto\">Szeroko\u015b\u0107: 72 cm;<\/li>\n<li dir=\"auto\">Gramatura: ~330 g\/m2;<\/li>\n<li dir=\"auto\">Splot: 8s networked twill, projekt autorski;<\/li>\n<li dir=\"auto\">Data: 5.10.2022.<\/li>\n<\/ul>\n<\/div>\n","protected":false},"excerpt":{"rendered":"<p>Chusta utkana na niemiecki konkurs tkacki HerbstComp 2022, na kt\u00f3rym zdoby\u0142a 2. miejsce w g\u0142osowaniu admin\u00f3w i 3. miejsce w g\u0142osowaniu offline. Temat prac: muzyka. Inspiracja muzyczna: Hans Zimmer &#8211; [&hellip;]<\/p>\n","protected":false},"featured_media":526,"template":"","meta":{"content-type":""},"product_brand":[],"product_cat":[74,81],"product_tag":[126,124,125],"class_list":{"0":"post-517","1":"product","2":"type-product","3":"status-publish","4":"has-post-thumbnail","6":"product_cat-chusty","7":"product_cat-dlugie","8":"product_tag-fale","9":"product_tag-networked-twill","10":"product_tag-woda","12":"first","13":"outofstock","14":"sold-individually","15":"shipping-taxable","16":"purchasable","17":"product-type-simple"},"jetpack_sharing_enabled":true,"_links":{"self":[{"href":"https:\/\/mavaloom.com\/en\/wp-json\/wp\/v2\/product\/517","targetHints":{"allow":["GET"]}}],"collection":[{"href":"https:\/\/mavaloom.com\/en\/wp-json\/wp\/v2\/product"}],"about":[{"href":"https:\/\/mavaloom.com\/en\/wp-json\/wp\/v2\/types\/product"}],"wp:featuredmedia":[{"embeddable":true,"href":"https:\/\/mavaloom.com\/en\/wp-json\/wp\/v2\/media\/526"}],"wp:attachment":[{"href":"https:\/\/mavaloom.com\/en\/wp-json\/wp\/v2\/media?parent=517"}],"wp:term":[{"taxonomy":"product_brand","embeddable":true,"href":"https:\/\/mavaloom.com\/en\/wp-json\/wp\/v2\/product_brand?post=517"},{"taxonomy":"product_cat","embeddable":true,"href":"https:\/\/mavaloom.com\/en\/wp-json\/wp\/v2\/product_cat?post=517"},{"taxonomy":"product_tag","embeddable":true,"href":"https:\/\/mavaloom.com\/en\/wp-json\/wp\/v2\/product_tag?post=517"}],"curies":[{"name":"wp","href":"https:\/\/api.w.org\/{rel}","templated":true}]}}