{"id":529,"date":"2023-04-22T19:52:55","date_gmt":"2023-04-22T18:52:55","guid":{"rendered":"https:\/\/mavaloom.com\/?post_type=product&#038;p=529"},"modified":"2024-01-02T11:50:03","modified_gmt":"2024-01-02T10:50:03","slug":"sunset-szal","status":"publish","type":"product","link":"https:\/\/mavaloom.com\/en\/product\/sunset-szal\/","title":{"rendered":"SUNSET shawl"},"content":{"rendered":"<p>Kolory tej osnowy przypominaj\u0105 mi kolory nieba od zachodu s\u0142o\u0144ca a\u017c do jego wschodu. Seri\u0119 zaczyna szal w kolorach zachodz\u0105cego s\u0142o\u0144ca i roz\u015bwietlonego nieba. Utkany na osnowie z bawe\u0142ny w kolorach granatu, fioletu, z\u0142ota i br\u0105zu zosta\u0142 o\u017cywiony jedwabnym w\u0105tkiem z efektem poolingu w kolorach r\u00f3\u017cu, z\u0142ota i miedzi, a tak\u017ce przyozdobiony bordowymi wkr\u0119tkami od <a class=\"x1i10hfl xjbqb8w x6umtig x1b1mbwd xaqea5y xav7gou x9f619 x1ypdohk xt0psk2 xe8uvvx xdj266r x11i5rnm xat24cr x1mh8g0r xexx8yu x4uap5 x18d9i69 xkhd6sd x16tdsg8 x1hl2dhg xggy1nq x1a2a7pz xt0b8zv x1qq9wsj xo1l8bm\" tabindex=\"0\" role=\"link\" href=\"https:\/\/www.facebook.com\/handspunwoolPatrycja?__cft__[0]=AZVGxFPvhMZA6CHGFylRPj9Tv1lyk-_UTyywvO0us_lh3maggYnqUCGgdWC5ioWk4semfxgpINE_Rep4B6nEaMdibHpteJyljel92J-UJdIbII_zdhE43Z0GR1_D0wcei7E&amp;__tn__=-]K-R\"><span class=\"xt0psk2\">We\u0142na r\u0119cznie prz\u0119dziona<\/span><\/a>. Idealnie otuli w ch\u0142odne jesienne i zimowe dni.<\/p>\n<hr \/>\n<p>Szal r\u0119cznie tkany, wyko\u0144czony szwem typu hemstitch. Ka\u017cdy szal od d\u0142. 190 cm mo\u017ce zosta\u0107 przerobiony na chust\u0119 k\u00f3\u0142kow\u0105 jako produkt personalizowany.<br \/>\nDane:<\/p>\n<ul>\n<li dir=\"auto\">Osnowa: 100% gruba bawe\u0142na Supima, r\u0119cznie farbowana;<\/li>\n<li dir=\"auto\">W\u0105tek: 100% Swiss Mountain Silk, r\u0119cznie farbowany;<\/li>\n<li dir=\"auto\">Wstawki: r\u0119cznie prz\u0119dziona wiskoza od <a class=\"x1i10hfl xjbqb8w x6umtig x1b1mbwd xaqea5y xav7gou x9f619 x1ypdohk xt0psk2 xe8uvvx xdj266r x11i5rnm xat24cr x1mh8g0r xexx8yu x4uap5 x18d9i69 xkhd6sd x16tdsg8 x1hl2dhg xggy1nq x1a2a7pz xt0b8zv x1qq9wsj xo1l8bm\" tabindex=\"0\" role=\"link\" href=\"https:\/\/www.facebook.com\/handspunwoolPatrycja?__cft__[0]=AZVGxFPvhMZA6CHGFylRPj9Tv1lyk-_UTyywvO0us_lh3maggYnqUCGgdWC5ioWk4semfxgpINE_Rep4B6nEaMdibHpteJyljel92J-UJdIbII_zdhE43Z0GR1_D0wcei7E&amp;__tn__=-]K-R\"><span class=\"xt0psk2\">We\u0142na r\u0119cznie prz\u0119dziona<\/span><\/a>;<\/li>\n<li dir=\"auto\">D\u0142ugo\u015b\u0107: 190 cm + lu\u017ane fr\u0119dzle;<\/li>\n<li dir=\"auto\">Szeroko\u015b\u0107: 68 cm;<\/li>\n<li dir=\"auto\">Gramatura: ~355 g\/m\u00b2;<\/li>\n<li dir=\"auto\">Data: 28.05.2022<\/li>\n<\/ul>\n","protected":false},"excerpt":{"rendered":"<p>Kolory tej osnowy przypominaj\u0105 mi kolory nieba od zachodu s\u0142o\u0144ca a\u017c do jego wschodu. Seri\u0119 zaczyna szal w kolorach zachodz\u0105cego s\u0142o\u0144ca i roz\u015bwietlonego nieba. Utkany na osnowie z bawe\u0142ny w [&hellip;]<\/p>\n","protected":false},"featured_media":533,"template":"","meta":{"content-type":""},"product_brand":[],"product_cat":[53,55],"product_tag":[127],"class_list":{"0":"post-529","1":"product","2":"type-product","3":"status-publish","4":"has-post-thumbnail","6":"product_cat-odziez","7":"product_cat-szale","8":"product_tag-szal","9":"product_shipping_class-mala-wartosciowe","11":"first","12":"outofstock","13":"sold-individually","14":"shipping-taxable","15":"purchasable","16":"product-type-simple"},"jetpack_sharing_enabled":true,"_links":{"self":[{"href":"https:\/\/mavaloom.com\/en\/wp-json\/wp\/v2\/product\/529","targetHints":{"allow":["GET"]}}],"collection":[{"href":"https:\/\/mavaloom.com\/en\/wp-json\/wp\/v2\/product"}],"about":[{"href":"https:\/\/mavaloom.com\/en\/wp-json\/wp\/v2\/types\/product"}],"wp:featuredmedia":[{"embeddable":true,"href":"https:\/\/mavaloom.com\/en\/wp-json\/wp\/v2\/media\/533"}],"wp:attachment":[{"href":"https:\/\/mavaloom.com\/en\/wp-json\/wp\/v2\/media?parent=529"}],"wp:term":[{"taxonomy":"product_brand","embeddable":true,"href":"https:\/\/mavaloom.com\/en\/wp-json\/wp\/v2\/product_brand?post=529"},{"taxonomy":"product_cat","embeddable":true,"href":"https:\/\/mavaloom.com\/en\/wp-json\/wp\/v2\/product_cat?post=529"},{"taxonomy":"product_tag","embeddable":true,"href":"https:\/\/mavaloom.com\/en\/wp-json\/wp\/v2\/product_tag?post=529"}],"curies":[{"name":"wp","href":"https:\/\/api.w.org\/{rel}","templated":true}]}}