{"id":539,"date":"2023-04-24T08:42:19","date_gmt":"2023-04-24T07:42:19","guid":{"rendered":"https:\/\/mavaloom.com\/?post_type=product&#038;p=539"},"modified":"2025-10-15T01:42:48","modified_gmt":"2025-10-14T23:42:48","slug":"brzoskwinia-szalik","status":"publish","type":"product","link":"https:\/\/mavaloom.com\/en\/product\/brzoskwinia-szalik\/","title":{"rendered":"PEACH scarf"},"content":{"rendered":"<div dir=\"auto\">Na jasnoszarej osnowie z bawe\u0142ny organicznej u\u017cy\u0142am melan\u017cowego w\u0105tku w kolorach pomara\u0144czowo-r\u00f3\u017cowym, a ogony ozdobi\u0142am podw\u00f3jnymi rz\u0119dami mere\u017cek z wkr\u0119tkami i blokiem w kolorze bordowym. Brzegi wyka\u0144czaj\u0105 lu\u017ane fr\u0119dzelki.<\/div>\n<div dir=\"auto\">\n<hr \/>\n<\/div>\n<div dir=\"auto\">\n<p>Dane:<\/p>\n<ul>\n<li dir=\"auto\">Osnowa: 100% bawe\u0142na organiczna GOTS;<\/li>\n<li dir=\"auto\">W\u0105tek: 70% baby alpaka , 20% jedwab, 10% kaszmir, farbowany r\u0119cznie przez <a class=\"x1i10hfl xjbqb8w x6umtig x1b1mbwd xaqea5y xav7gou x9f619 x1ypdohk xt0psk2 xe8uvvx xdj266r x11i5rnm xat24cr x1mh8g0r xexx8yu x4uap5 x18d9i69 xkhd6sd x16tdsg8 x1hl2dhg xggy1nq x1a2a7pz xt0b8zv x1qq9wsj xo1l8bm\" tabindex=\"0\" role=\"link\" href=\"https:\/\/www.facebook.com\/profile.php?id=100031641223386&amp;__cft__[0]=AZXvliDM_KJHhL2ObNLCXPYXvfcVTcVsScQoHsX4KLqdy54_G9tlknBouPfAP_-f4HLgutYiO4tc-lSJjH6UThvdwEbQ8lcOZzASEq3J6ejwuLKlrz8ktdzwLtvew2lVS7g&amp;__tn__=-]K-R\"><span class=\"xt0psk2\">Weaving Harbor<\/span><\/a>;<\/li>\n<li dir=\"auto\">Wstawki: merino\/jedwab tsumugi, <a class=\"x1i10hfl xjbqb8w x6umtig x1b1mbwd xaqea5y xav7gou x9f619 x1ypdohk xt0psk2 xe8uvvx xdj266r x11i5rnm xat24cr x1mh8g0r xexx8yu x4uap5 x18d9i69 xkhd6sd x16tdsg8 x1hl2dhg xggy1nq x1a2a7pz xt0b8zv x1qq9wsj xo1l8bm\" tabindex=\"0\" role=\"link\" href=\"https:\/\/www.facebook.com\/profile.php?id=100064958613478&amp;__cft__[0]=AZXvliDM_KJHhL2ObNLCXPYXvfcVTcVsScQoHsX4KLqdy54_G9tlknBouPfAP_-f4HLgutYiO4tc-lSJjH6UThvdwEbQ8lcOZzASEq3J6ejwuLKlrz8ktdzwLtvew2lVS7g&amp;__tn__=-]K-R\"><span class=\"xt0psk2\">Moon Spindle<\/span><\/a>;<\/li>\n<li dir=\"auto\">D\u0142ugo\u015b\u0107 152 cm + fr\u0119dzle;<\/li>\n<li dir=\"auto\">Szeroko\u015b\u0107: 47 cm;<\/li>\n<li dir=\"auto\">Gramatura: ~300 g\/m\u00b2;<\/li>\n<li dir=\"auto\">Data: 23.11.2021.<\/li>\n<\/ul>\n<\/div>\n","protected":false},"excerpt":{"rendered":"<p>Na jasnoszarej osnowie z bawe\u0142ny organicznej u\u017cy\u0142am melan\u017cowego w\u0105tku w kolorach pomara\u0144czowo-r\u00f3\u017cowym, a ogony ozdobi\u0142am podw\u00f3jnymi rz\u0119dami mere\u017cek z wkr\u0119tkami i blokiem w kolorze bordowym. Brzegi wyka\u0144czaj\u0105 lu\u017ane fr\u0119dzelki. Dane: [&hellip;]<\/p>\n","protected":false},"featured_media":540,"template":"","meta":{"content-type":""},"product_brand":[],"product_cat":[53,54],"product_tag":[122],"class_list":{"0":"post-539","1":"product","2":"type-product","3":"status-publish","4":"has-post-thumbnail","6":"product_cat-odziez","7":"product_cat-szaliki","8":"product_tag-szalik","9":"product_shipping_class-mala-paczka","11":"first","12":"outofstock","13":"sold-individually","14":"shipping-taxable","15":"purchasable","16":"product-type-simple"},"jetpack_sharing_enabled":true,"_links":{"self":[{"href":"https:\/\/mavaloom.com\/en\/wp-json\/wp\/v2\/product\/539","targetHints":{"allow":["GET"]}}],"collection":[{"href":"https:\/\/mavaloom.com\/en\/wp-json\/wp\/v2\/product"}],"about":[{"href":"https:\/\/mavaloom.com\/en\/wp-json\/wp\/v2\/types\/product"}],"wp:featuredmedia":[{"embeddable":true,"href":"https:\/\/mavaloom.com\/en\/wp-json\/wp\/v2\/media\/540"}],"wp:attachment":[{"href":"https:\/\/mavaloom.com\/en\/wp-json\/wp\/v2\/media?parent=539"}],"wp:term":[{"taxonomy":"product_brand","embeddable":true,"href":"https:\/\/mavaloom.com\/en\/wp-json\/wp\/v2\/product_brand?post=539"},{"taxonomy":"product_cat","embeddable":true,"href":"https:\/\/mavaloom.com\/en\/wp-json\/wp\/v2\/product_cat?post=539"},{"taxonomy":"product_tag","embeddable":true,"href":"https:\/\/mavaloom.com\/en\/wp-json\/wp\/v2\/product_tag?post=539"}],"curies":[{"name":"wp","href":"https:\/\/api.w.org\/{rel}","templated":true}]}}