{"id":553,"date":"2023-04-22T19:52:54","date_gmt":"2023-04-22T18:52:54","guid":{"rendered":"https:\/\/mavaloom.com\/?post_type=product&#038;p=553"},"modified":"2025-09-01T00:08:04","modified_gmt":"2025-08-31T22:08:04","slug":"unicorn-szal","status":"publish","type":"product","link":"https:\/\/mavaloom.com\/en\/product\/unicorn-szal\/","title":{"rendered":"UNICORN shawl"},"content":{"rendered":"<p>Oto szal powsta\u0142y z i\u015bcie jednoro\u017ccowych nitek &#8211; t\u0119czowej gradacji na osnowie oraz neonowego t\u0119czowego poolingu w w\u0105tku i to \u015bwiec\u0105cego pod wp\u0142ywem \u015bwiat\u0142a UV. Do tego bloki kolor\u00f3w, r\u00f3wnie\u017c w poolingu, a tak\u017ce t\u0119czowe wkr\u0119tki od <a class=\"x1i10hfl xjbqb8w x6umtig x1b1mbwd xaqea5y xav7gou x9f619 x1ypdohk xt0psk2 xe8uvvx xdj266r x11i5rnm xat24cr x1mh8g0r xexx8yu x4uap5 x18d9i69 xkhd6sd x16tdsg8 x1hl2dhg xggy1nq x1a2a7pz xt0b8zv x1qq9wsj xo1l8bm\" tabindex=\"0\" role=\"link\" href=\"https:\/\/www.facebook.com\/handspunwoolPatrycja?__cft__[0]=AZV01MVy4JU9Hn2ZZ1IKfX2vEWj_t1nHr5dWdVU6aY4a0XZkGMCcP5m6rpkSsEZn7cHb4j00KXt_XG6qGDJk3tOkCi36h4jgLmBppbaoaAsbMrQsyNKHlHbWSgzmlBy6vrs&amp;__tn__=-]K-R\"><span class=\"xt0psk2\">We\u0142na r\u0119cznie prz\u0119dziona<\/span><\/a>. Oto m\u00f3j spos\u00f3b na ostateczne przywo\u0142anie wiosny.<\/p>\n<hr \/>\n<p>Szal tkany r\u0119cznie, brzegi wyko\u0144czone szwem typu hemstitch.<br \/>\nDane:<\/p>\n<ul>\n<li dir=\"auto\">Osnowa: 100% gruba bawe\u0142na Supima, r\u0119cznie farbowana;<\/li>\n<li dir=\"auto\">W\u0105tek: 70% jedwab mulberry, 30% SeaCell, gruby, r\u0119cznie farbowany;<\/li>\n<li dir=\"auto\">D\u0142ugo\u015b\u0107: 180 cm + kr\u00f3tkie fr\u0119dzle;<\/li>\n<li dir=\"auto\">Szeroko\u015b\u0107: 70 cm;<\/li>\n<li dir=\"auto\">Gramatura: ~430 g\/m2;<\/li>\n<li dir=\"auto\">Wstawki: r\u0119cznie prz\u0119dziona merino\/wiskoza od <a class=\"x1i10hfl xjbqb8w x6umtig x1b1mbwd xaqea5y xav7gou x9f619 x1ypdohk xt0psk2 xe8uvvx xdj266r x11i5rnm xat24cr x1mh8g0r xexx8yu x4uap5 x18d9i69 xkhd6sd x16tdsg8 x1hl2dhg xggy1nq x1a2a7pz xt0b8zv x1qq9wsj xo1l8bm\" tabindex=\"0\" role=\"link\" href=\"https:\/\/www.facebook.com\/handspunwoolPatrycja?__cft__[0]=AZV01MVy4JU9Hn2ZZ1IKfX2vEWj_t1nHr5dWdVU6aY4a0XZkGMCcP5m6rpkSsEZn7cHb4j00KXt_XG6qGDJk3tOkCi36h4jgLmBppbaoaAsbMrQsyNKHlHbWSgzmlBy6vrs&amp;__tn__=-]K-R\"><span class=\"xt0psk2\">We\u0142na r\u0119cznie prz\u0119dziona<\/span><\/a><\/li>\n<li dir=\"auto\">Data: 7.04.2023<\/li>\n<\/ul>\n","protected":false},"excerpt":{"rendered":"<p>Oto szal powsta\u0142y z i\u015bcie jednoro\u017ccowych nitek &#8211; t\u0119czowej gradacji na osnowie oraz neonowego t\u0119czowego poolingu w w\u0105tku i to \u015bwiec\u0105cego pod wp\u0142ywem \u015bwiat\u0142a UV. Do tego bloki kolor\u00f3w, r\u00f3wnie\u017c [&hellip;]<\/p>\n","protected":false},"featured_media":554,"template":"","meta":{"content-type":""},"product_brand":[],"product_cat":[53,55],"product_tag":[129],"class_list":{"0":"post-553","1":"product","2":"type-product","3":"status-publish","4":"has-post-thumbnail","6":"product_cat-odziez","7":"product_cat-szale","8":"product_tag-tecza","9":"product_shipping_class-mala-wartosciowe","11":"first","12":"outofstock","13":"sold-individually","14":"shipping-taxable","15":"purchasable","16":"product-type-simple"},"jetpack_sharing_enabled":true,"_links":{"self":[{"href":"https:\/\/mavaloom.com\/en\/wp-json\/wp\/v2\/product\/553","targetHints":{"allow":["GET"]}}],"collection":[{"href":"https:\/\/mavaloom.com\/en\/wp-json\/wp\/v2\/product"}],"about":[{"href":"https:\/\/mavaloom.com\/en\/wp-json\/wp\/v2\/types\/product"}],"wp:featuredmedia":[{"embeddable":true,"href":"https:\/\/mavaloom.com\/en\/wp-json\/wp\/v2\/media\/554"}],"wp:attachment":[{"href":"https:\/\/mavaloom.com\/en\/wp-json\/wp\/v2\/media?parent=553"}],"wp:term":[{"taxonomy":"product_brand","embeddable":true,"href":"https:\/\/mavaloom.com\/en\/wp-json\/wp\/v2\/product_brand?post=553"},{"taxonomy":"product_cat","embeddable":true,"href":"https:\/\/mavaloom.com\/en\/wp-json\/wp\/v2\/product_cat?post=553"},{"taxonomy":"product_tag","embeddable":true,"href":"https:\/\/mavaloom.com\/en\/wp-json\/wp\/v2\/product_tag?post=553"}],"curies":[{"name":"wp","href":"https:\/\/api.w.org\/{rel}","templated":true}]}}