{"id":668,"date":"2023-04-29T12:32:58","date_gmt":"2023-04-29T11:32:58","guid":{"rendered":"https:\/\/mavaloom.com\/?post_type=product&#038;p=668"},"modified":"2023-11-28T00:08:36","modified_gmt":"2023-11-27T23:08:36","slug":"zorza-brelok-nitkowy","status":"publish","type":"product","link":"https:\/\/mavaloom.com\/en\/product\/zorza-brelok-nitkowy\/","title":{"rendered":"NORTHERN LIGHTS thread keychain"},"content":{"rendered":"<p>A keychain made of hand-dyed threads that can be worn both with keys and as a decoration of a handbag or backpack. The thread used in the keychain includes silk and hand-spun with wool. Black clasp, logo plaque made of mirror plexiglass.<\/p>","protected":false},"excerpt":{"rendered":"<p>Brelok wykonany z r\u0119cznie farbowanych nitek, kt\u00f3ry mo\u017cna nosi\u0107 zar\u00f3wno przy kluczach, jak i w postaci ozdoby torebki czy plecaka. W breloku u\u017cyto nici m.in. jedwabnych oraz r\u0119cznie prz\u0119dzionych z [&hellip;]<\/p>\n","protected":false},"featured_media":637,"template":"","meta":{"content-type":""},"product_brand":[],"product_cat":[49,52],"product_tag":[137],"class_list":{"0":"post-668","1":"product","2":"type-product","3":"status-publish","4":"has-post-thumbnail","6":"product_cat-akcesoria","7":"product_cat-breloki","8":"product_tag-brelok","9":"product_shipping_class-list","11":"first","12":"instock","13":"sold-individually","14":"shipping-taxable","15":"purchasable","16":"product-type-simple"},"jetpack_sharing_enabled":true,"_links":{"self":[{"href":"https:\/\/mavaloom.com\/en\/wp-json\/wp\/v2\/product\/668","targetHints":{"allow":["GET"]}}],"collection":[{"href":"https:\/\/mavaloom.com\/en\/wp-json\/wp\/v2\/product"}],"about":[{"href":"https:\/\/mavaloom.com\/en\/wp-json\/wp\/v2\/types\/product"}],"wp:featuredmedia":[{"embeddable":true,"href":"https:\/\/mavaloom.com\/en\/wp-json\/wp\/v2\/media\/637"}],"wp:attachment":[{"href":"https:\/\/mavaloom.com\/en\/wp-json\/wp\/v2\/media?parent=668"}],"wp:term":[{"taxonomy":"product_brand","embeddable":true,"href":"https:\/\/mavaloom.com\/en\/wp-json\/wp\/v2\/product_brand?post=668"},{"taxonomy":"product_cat","embeddable":true,"href":"https:\/\/mavaloom.com\/en\/wp-json\/wp\/v2\/product_cat?post=668"},{"taxonomy":"product_tag","embeddable":true,"href":"https:\/\/mavaloom.com\/en\/wp-json\/wp\/v2\/product_tag?post=668"}],"curies":[{"name":"wp","href":"https:\/\/api.w.org\/{rel}","templated":true}]}}