{"id":670,"date":"2023-04-29T12:36:33","date_gmt":"2023-04-29T11:36:33","guid":{"rendered":"https:\/\/mavaloom.com\/?post_type=product&#038;p=670"},"modified":"2024-03-08T10:45:35","modified_gmt":"2024-03-08T09:45:35","slug":"bzy-brelok-nitkowy","status":"publish","type":"product","link":"https:\/\/mavaloom.com\/en\/product\/bzy-brelok-nitkowy\/","title":{"rendered":"LILAC thread keychain"},"content":{"rendered":"<p>A keychain made of hand-dyed threads that can be worn both with keys and as a decoration of a handbag or backpack. The thread used in the keychain includes silk, cotton, hand-spun and beads. Gold-colored clasp, logo plaque made of mirror plexiglass.<\/p>","protected":false},"excerpt":{"rendered":"<p>Brelok wykonany z r\u0119cznie farbowanych nitek, kt\u00f3ry mo\u017cna nosi\u0107 zar\u00f3wno przy kluczach, jak i w postaci ozdoby torebki czy plecaka. W breloku u\u017cyto nici m.in. jedwabnych, bawe\u0142nianych, r\u0119cznie prz\u0119dzionych oraz [&hellip;]<\/p>\n","protected":false},"featured_media":638,"template":"","meta":{"content-type":""},"product_brand":[],"product_cat":[49,52],"product_tag":[137],"class_list":{"0":"post-670","1":"product","2":"type-product","3":"status-publish","4":"has-post-thumbnail","6":"product_cat-akcesoria","7":"product_cat-breloki","8":"product_tag-brelok","9":"product_shipping_class-list","11":"first","12":"outofstock","13":"sold-individually","14":"shipping-taxable","15":"purchasable","16":"product-type-simple"},"jetpack_sharing_enabled":true,"_links":{"self":[{"href":"https:\/\/mavaloom.com\/en\/wp-json\/wp\/v2\/product\/670","targetHints":{"allow":["GET"]}}],"collection":[{"href":"https:\/\/mavaloom.com\/en\/wp-json\/wp\/v2\/product"}],"about":[{"href":"https:\/\/mavaloom.com\/en\/wp-json\/wp\/v2\/types\/product"}],"wp:featuredmedia":[{"embeddable":true,"href":"https:\/\/mavaloom.com\/en\/wp-json\/wp\/v2\/media\/638"}],"wp:attachment":[{"href":"https:\/\/mavaloom.com\/en\/wp-json\/wp\/v2\/media?parent=670"}],"wp:term":[{"taxonomy":"product_brand","embeddable":true,"href":"https:\/\/mavaloom.com\/en\/wp-json\/wp\/v2\/product_brand?post=670"},{"taxonomy":"product_cat","embeddable":true,"href":"https:\/\/mavaloom.com\/en\/wp-json\/wp\/v2\/product_cat?post=670"},{"taxonomy":"product_tag","embeddable":true,"href":"https:\/\/mavaloom.com\/en\/wp-json\/wp\/v2\/product_tag?post=670"}],"curies":[{"name":"wp","href":"https:\/\/api.w.org\/{rel}","templated":true}]}}