{"id":897,"date":"2023-06-14T10:18:15","date_gmt":"2023-06-14T09:18:15","guid":{"rendered":"https:\/\/mavaloom.com\/?post_type=product&#038;p=897"},"modified":"2023-09-04T11:04:19","modified_gmt":"2023-09-04T10:04:19","slug":"ore-custom","status":"publish","type":"product","link":"https:\/\/mavaloom.com\/en\/product\/ore-custom\/","title":{"rendered":"ORE custom \u2013 DESOLATION long sling"},"content":{"rendered":"<div class=\"xdj266r x11i5rnm xat24cr x1mh8g0r x1vvkbs x126k92a\">\n<div dir=\"auto\">DESOLATION<\/div>\n<div dir=\"auto\"><\/div>\n<\/div>\n<div class=\"x11i5rnm xat24cr x1mh8g0r x1vvkbs xtlvy1s x126k92a\">\n<div dir=\"auto\">Oto chusta zrodzona z ognia, inspirowana jednym z najbardziej znanych smok\u00f3w w literaturze &#8211; Smaugiem. Osnowa farbowana w gradacji, przechodzi z czerni w \u017carz\u0105c\u0105 czerwie\u0144, pomara\u0144cz i \u017c\u00f3\u0142\u0107, a poolingowy w\u0105tek podbija dodatkow\u0105 czerni\u0105, czerwieni\u0105 i pomara\u0144cz\u0105. U\u017cy\u0142am delikatnego splotu, kt\u00f3ry przypomina j\u0119zyki ognia i jednocze\u015bnie kojarzy si\u0119 z \u0142uskami. Niesymetryczne ogony ozdobione s\u0105 pojedynczymi blokami, wstawkami, dwustronnym haftem oraz mere\u017ck\u0105 z koralikami.<\/div>\n<div dir=\"auto\">\n<hr \/>\n<p>Dane:<\/p><\/div>\n<\/div>\n<ul>\n<li>Osnowa: 100% wiskoza r\u00f3\u017cana, r\u0119cznie farbowana;<\/li>\n<li>W\u0105tek: 70% wiskoza bambusowa, 30% len, gruby, r\u0119cznie farbowany;<\/li>\n<li>D\u0142ugo\u015b\u0107: 443 cm + kr\u0119cone fr\u0119dzle;<\/li>\n<li>Szeroko\u015b\u0107: 70 cm;<\/li>\n<li>Gramatura: ~400 g\/m2;<\/li>\n<li>Wstawki: r\u0119cznie prz\u0119dziona wiskoza r\u00f3\u017cana od <a class=\"x1i10hfl xjbqb8w x6umtig x1b1mbwd xaqea5y xav7gou x9f619 x1ypdohk xt0psk2 xe8uvvx xdj266r x11i5rnm xat24cr x1mh8g0r xexx8yu x4uap5 x18d9i69 xkhd6sd x16tdsg8 x1hl2dhg xggy1nq x1a2a7pz xt0b8zv x1qq9wsj xo1l8bm\" tabindex=\"0\" role=\"link\" href=\"https:\/\/www.facebook.com\/profile.php?id=100064958613478&amp;__cft__[0]=AZXPf_JFtjLvwDPhdCgJWVeOJ80bHOA4R8SbBQ0SM7-HzuMX3TDSa7Ax9InhZbdrrVHcLi0OPzF37sskyfqX5qoU4i10YmA38wK52nGf8RzqsrHV9HOEWvkWcCZX81FA7VTBPmpmI5-XxCJx-mgZs2FPywKPbwDiMV2DxPxyMCIbiCsYktObrix6GMOhzw9y5NStD5FafO4NveQxR8KKpll59PBu_sYtyNV8ifP1sEYlkQ&amp;__tn__=-]K-R\"><span class=\"xt0psk2\">Moon Spindle<\/span><\/a>;<\/li>\n<li>Data: 29.07.2023;<\/li>\n<li>Splot: modyfikacja splotu Marian Stubenitsky.<\/li>\n<\/ul>\n<p>Chusta robiona na zam\u00f3wienie, je\u017celi chcesz spe\u0142ni\u0107 marzenie na podstawie w\u0142asnej inspiracji, z\u0142\u00f3\u017c zam\u00f3wienie indywidualne.<\/p>\n","protected":false},"excerpt":{"rendered":"<p>DESOLATION Oto chusta zrodzona z ognia, inspirowana jednym z najbardziej znanych smok\u00f3w w literaturze &#8211; Smaugiem. Osnowa farbowana w gradacji, przechodzi z czerni w \u017carz\u0105c\u0105 czerwie\u0144, pomara\u0144cz i \u017c\u00f3\u0142\u0107, a [&hellip;]<\/p>\n","protected":false},"featured_media":959,"template":"","meta":{"content-type":""},"product_brand":[],"product_cat":[130],"product_tag":[149,150],"class_list":{"0":"post-897","1":"product","2":"type-product","3":"status-publish","4":"has-post-thumbnail","6":"product_cat-indywidualne","7":"product_tag-custom","8":"product_tag-personalizacja","10":"first","11":"outofstock","12":"sold-individually","13":"shipping-taxable","14":"purchasable","15":"product-type-simple"},"jetpack_sharing_enabled":true,"_links":{"self":[{"href":"https:\/\/mavaloom.com\/en\/wp-json\/wp\/v2\/product\/897","targetHints":{"allow":["GET"]}}],"collection":[{"href":"https:\/\/mavaloom.com\/en\/wp-json\/wp\/v2\/product"}],"about":[{"href":"https:\/\/mavaloom.com\/en\/wp-json\/wp\/v2\/types\/product"}],"wp:featuredmedia":[{"embeddable":true,"href":"https:\/\/mavaloom.com\/en\/wp-json\/wp\/v2\/media\/959"}],"wp:attachment":[{"href":"https:\/\/mavaloom.com\/en\/wp-json\/wp\/v2\/media?parent=897"}],"wp:term":[{"taxonomy":"product_brand","embeddable":true,"href":"https:\/\/mavaloom.com\/en\/wp-json\/wp\/v2\/product_brand?post=897"},{"taxonomy":"product_cat","embeddable":true,"href":"https:\/\/mavaloom.com\/en\/wp-json\/wp\/v2\/product_cat?post=897"},{"taxonomy":"product_tag","embeddable":true,"href":"https:\/\/mavaloom.com\/en\/wp-json\/wp\/v2\/product_tag?post=897"}],"curies":[{"name":"wp","href":"https:\/\/api.w.org\/{rel}","templated":true}]}}