{"id":966,"date":"2023-09-04T17:00:16","date_gmt":"2023-09-04T16:00:16","guid":{"rendered":"https:\/\/mavaloom.com\/?post_type=product&#038;p=966"},"modified":"2023-11-28T00:08:35","modified_gmt":"2023-11-27T23:08:35","slug":"embers-and-ashes-szal","status":"publish","type":"product","link":"https:\/\/mavaloom.com\/en\/product\/embers-and-ashes-szal\/","title":{"rendered":"EMBERS AND ASHES shawl"},"content":{"rendered":"<div class=\"\" data-block=\"true\" data-editor=\"5ltrk\" data-offset-key=\"3sb2i-0-0\">\n<div class=\"_1mf _1mj\" data-offset-key=\"3sb2i-0-0\"><span data-offset-key=\"3sb2i-0-0\">EMBERS AND ASHES<\/span><\/div>\n<\/div>\n<div class=\"\" data-block=\"true\" data-editor=\"5ltrk\" data-offset-key=\"8u4ic-0-0\">\n<div class=\"_1mf _1mj\" data-offset-key=\"8u4ic-0-0\"><span data-offset-key=\"8u4ic-0-0\">\u00a0<\/span><\/div>\n<\/div>\n<div class=\"\" data-block=\"true\" data-editor=\"5ltrk\" data-offset-key=\"fe8b1-0-0\">\n<div class=\"_1mf _1mj\" data-offset-key=\"fe8b1-0-0\">\n<p><span data-offset-key=\"fe8b1-0-0\">All what is left after a fire are embers and ashes. Warp colours are black, grey and maroon, same as the weft. Delicate pooling runs throught the entire shawl and tails are decorated only with a handspun inlay and loose fringes witch hemstitch.<\/span><\/p>\n<hr \/>\n<\/div>\n<\/div>\n<div class=\"\" data-block=\"true\" data-editor=\"5ltrk\" data-offset-key=\"2avi5-0-0\">\n<div data-offset-key=\"2avi5-0-0\">Handwoven shawl, hemstitched edges.<\/div>\n<div class=\"_1mf _1mj\" data-offset-key=\"2avi5-0-0\"><span data-offset-key=\"2avi5-0-0\">Data:<\/span><\/div>\n<\/div>\n<div class=\"\" data-block=\"true\" data-editor=\"5ltrk\" data-offset-key=\"39ilp-0-0\">\n<ul>\n<li class=\"_1mf _1mj\" data-offset-key=\"39ilp-0-0\"><span data-offset-key=\"39ilp-0-0\">Warp: 100% rose viscose, hand dyed;<\/span><\/li>\n<li class=\"_1mf _1mj\" data-offset-key=\"39ilp-0-0\">Weft: 70% Swiss Mountain Silk, 30% SeaCell, thin, hand dyed;<\/li>\n<li class=\"_1mf _1mj\" data-offset-key=\"39ilp-0-0\">Length: 175 cm + loose fringes 15 cm;<\/li>\n<li class=\"_1mf _1mj\" data-offset-key=\"39ilp-0-0\">Width: 70 cm;<\/li>\n<li class=\"_1mf _1mj\" data-offset-key=\"39ilp-0-0\">GSM: ~320 g\/m\u00b2;<\/li>\n<li class=\"_1mf _1mj\" data-offset-key=\"39ilp-0-0\">Inlays: handspun rose viscose by <span class=\"_247o\" spellcheck=\"false\" data-offset-key=\"8mckp-1-0\"><span data-offset-key=\"8mckp-1-0\">Moon Spindle<\/span><\/span><span data-offset-key=\"8mckp-2-0\">;<\/span><\/li>\n<li class=\"_1mf _1mj\" data-offset-key=\"39ilp-0-0\">Date off the loom: 5.08.2023;<\/li>\n<li class=\"_1mf _1mj\" data-offset-key=\"39ilp-0-0\">Draft: modification of Marian Stubenitsky's draft.<\/li>\n<\/ul>\n<\/div>\n<div data-offset-key=\"4k2i6-0-0\"><\/div>\n<div data-offset-key=\"4k2i6-0-0\">The shawl was woven on the same warp as Desolation wrap.<\/div>\n<div data-offset-key=\"4k2i6-0-0\">The shawl was used once, without any signs of wearing.<\/div>","protected":false},"excerpt":{"rendered":"<p>EMBERS AND ASHES \u00a0 To, co zostaje po po\u017codze, to jedynie popi\u00f3\u0142 i \u017car. Kolory osnowy to czer\u0144, szaro\u015b\u0107 i bordo, tak samo jak i w w\u0105tku. Delikatny pooling przewija [&hellip;]<\/p>\n","protected":false},"featured_media":967,"template":"","meta":{"content-type":""},"product_brand":[],"product_cat":[53,55],"product_tag":[172,173],"class_list":{"0":"post-966","1":"product","2":"type-product","3":"status-publish","4":"has-post-thumbnail","6":"product_cat-odziez","7":"product_cat-szale","8":"product_tag-pooling","9":"product_tag-wieczorowy","10":"product_shipping_class-mala-wartosciowe","12":"first","13":"outofstock","14":"sold-individually","15":"shipping-taxable","16":"purchasable","17":"product-type-simple"},"jetpack_sharing_enabled":true,"_links":{"self":[{"href":"https:\/\/mavaloom.com\/en\/wp-json\/wp\/v2\/product\/966","targetHints":{"allow":["GET"]}}],"collection":[{"href":"https:\/\/mavaloom.com\/en\/wp-json\/wp\/v2\/product"}],"about":[{"href":"https:\/\/mavaloom.com\/en\/wp-json\/wp\/v2\/types\/product"}],"wp:featuredmedia":[{"embeddable":true,"href":"https:\/\/mavaloom.com\/en\/wp-json\/wp\/v2\/media\/967"}],"wp:attachment":[{"href":"https:\/\/mavaloom.com\/en\/wp-json\/wp\/v2\/media?parent=966"}],"wp:term":[{"taxonomy":"product_brand","embeddable":true,"href":"https:\/\/mavaloom.com\/en\/wp-json\/wp\/v2\/product_brand?post=966"},{"taxonomy":"product_cat","embeddable":true,"href":"https:\/\/mavaloom.com\/en\/wp-json\/wp\/v2\/product_cat?post=966"},{"taxonomy":"product_tag","embeddable":true,"href":"https:\/\/mavaloom.com\/en\/wp-json\/wp\/v2\/product_tag?post=966"}],"curies":[{"name":"wp","href":"https:\/\/api.w.org\/{rel}","templated":true}]}}