{"id":979,"date":"2023-10-04T12:50:29","date_gmt":"2023-10-04T11:50:29","guid":{"rendered":"https:\/\/mavaloom.com\/?post_type=product&#038;p=979"},"modified":"2023-10-05T11:17:28","modified_gmt":"2023-10-05T10:17:28","slug":"maleficient-szalik","status":"publish","type":"product","link":"https:\/\/mavaloom.com\/en\/product\/maleficient-szalik\/","title":{"rendered":"MALEFICIENT scarf"},"content":{"rendered":"<div class=\"x11i5rnm xat24cr x1mh8g0r x1vvkbs xtlvy1s x126k92a\">\n<div dir=\"auto\">Fiolet i ziele\u0144 &#8211; jedno z moich ulubionych po\u0142\u0105cze\u0144 kolorystycznych znalaz\u0142o miejsce na osnowie szalikowej. B\u0142yszcz\u0105ca osnowa z tencelu w kolorze czerni, ch\u0142odnej \u015bliwki i morskiej zieleni sparowana z ciep\u0142\u0105 i puszyst\u0105 we\u0142n\u0105 merynosa w kolorze ciemnej zieleni, fioletu i czerni z pewno\u015bci\u0105 ogrzeje w jesienny i zimowy dzie\u0144. Ogony ozdobi\u0142am delikatnymi wstawkami od <a class=\"x1i10hfl xjbqb8w x6umtig x1b1mbwd xaqea5y xav7gou x9f619 x1ypdohk xt0psk2 xe8uvvx xdj266r x11i5rnm xat24cr x1mh8g0r xexx8yu x4uap5 x18d9i69 xkhd6sd x16tdsg8 x1hl2dhg xggy1nq x1a2a7pz xt0b8zv x1qq9wsj xo1l8bm\" tabindex=\"0\" role=\"link\" href=\"https:\/\/www.facebook.com\/handspunwoolPatrycja?__cft__[0]=AZVucj1SsHsxsWMfySnxW2ZMsK-ykl-F_SswgPbg4y3rZx8TttieGWw__1mMdzPKPEEjy55h43Dm-Z2hqSuOQ4DgoV_MkvyMdiRoQyT2JkWg-i8aBDbKDD4RCO_5BZqUS5s&amp;__tn__=-]K-R\"><span class=\"xt0psk2\">We\u0142na r\u0119cznie prz\u0119dziona<\/span><\/a>.<\/div>\n<div dir=\"auto\">\n<hr \/>\n<div dir=\"auto\">Szalik r\u0119cznie tkany, brzegi wyko\u0144czone szwem typu hemstitch. Szalik ma drobny b\u0142\u0105d tkacki (powielenie fragmentu wzoru przy ogonie).<\/div>\n<div dir=\"auto\">Dane:<\/div>\n<ul>\n<li dir=\"auto\">Osnowa: 100% Tencel, r\u0119cznie farbowany;<\/li>\n<li dir=\"auto\">W\u0105tek: 100% gruba we\u0142na merynosa, r\u0119cznie farbowana;<\/li>\n<li dir=\"auto\">Wstawki: r\u0119cznie prz\u0119dzione merino;<\/li>\n<li dir=\"auto\">D\u0142ugo\u015b\u0107: 175 cm + fr\u0119dzle;<\/li>\n<li dir=\"auto\">Szeroko\u015b\u0107: 39 cm;<\/li>\n<li dir=\"auto\">Gramatura: ~365 g\/m2;<\/li>\n<li dir=\"auto\">Data: 14.09.2023.<\/li>\n<\/ul>\n<\/div>\n<\/div>\n<div class=\"x11i5rnm xat24cr x1mh8g0r x1vvkbs xtlvy1s x126k92a\"><\/div>\n","protected":false},"excerpt":{"rendered":"<p>Fiolet i ziele\u0144 &#8211; jedno z moich ulubionych po\u0142\u0105cze\u0144 kolorystycznych znalaz\u0142o miejsce na osnowie szalikowej. B\u0142yszcz\u0105ca osnowa z tencelu w kolorze czerni, ch\u0142odnej \u015bliwki i morskiej zieleni sparowana z ciep\u0142\u0105 [&hellip;]<\/p>\n","protected":false},"featured_media":982,"template":"","meta":{"content-type":""},"product_brand":[],"product_cat":[53,54],"product_tag":[175,122,174],"class_list":{"0":"post-979","1":"product","2":"type-product","3":"status-publish","4":"has-post-thumbnail","6":"product_cat-odziez","7":"product_cat-szaliki","8":"product_tag-jesien","9":"product_tag-szalik","10":"product_tag-zima","11":"product_shipping_class-mala-paczka","13":"first","14":"outofstock","15":"sold-individually","16":"shipping-taxable","17":"purchasable","18":"product-type-simple"},"jetpack_sharing_enabled":true,"_links":{"self":[{"href":"https:\/\/mavaloom.com\/en\/wp-json\/wp\/v2\/product\/979","targetHints":{"allow":["GET"]}}],"collection":[{"href":"https:\/\/mavaloom.com\/en\/wp-json\/wp\/v2\/product"}],"about":[{"href":"https:\/\/mavaloom.com\/en\/wp-json\/wp\/v2\/types\/product"}],"wp:featuredmedia":[{"embeddable":true,"href":"https:\/\/mavaloom.com\/en\/wp-json\/wp\/v2\/media\/982"}],"wp:attachment":[{"href":"https:\/\/mavaloom.com\/en\/wp-json\/wp\/v2\/media?parent=979"}],"wp:term":[{"taxonomy":"product_brand","embeddable":true,"href":"https:\/\/mavaloom.com\/en\/wp-json\/wp\/v2\/product_brand?post=979"},{"taxonomy":"product_cat","embeddable":true,"href":"https:\/\/mavaloom.com\/en\/wp-json\/wp\/v2\/product_cat?post=979"},{"taxonomy":"product_tag","embeddable":true,"href":"https:\/\/mavaloom.com\/en\/wp-json\/wp\/v2\/product_tag?post=979"}],"curies":[{"name":"wp","href":"https:\/\/api.w.org\/{rel}","templated":true}]}}